{"id":30943,"date":"2023-12-19T21:34:45","date_gmt":"2023-12-19T21:34:45","guid":{"rendered":"https:\/\/e.kosmolat.eu\/product\/ld-superfood-pulejoss-cukura-skrubis-tomats-un-biete-240-g\/"},"modified":"2025-09-20T01:12:08","modified_gmt":"2025-09-20T01:12:08","slug":"i_ld-superfood-pulejoss-cukura-skrubis-tomats-un-biete-240-g","status":"publish","type":"product","link":"https:\/\/e.kosmolat.eu\/lt\/produktas\/i_ld-superfood-pulejoss-cukura-skrubis-tomats-un-biete-240-g\/","title":{"rendered":"LIV DELANO Superfood Cukraus \u0161veitiklis Pomidorai ir burok\u0117liai, 240 g"},"content":{"rendered":"<p>Cukraus &scaron;veitiklis nat\u016brali\u0173 kokos\u0173, taukmed\u017ei\u0173 ir kakavos sviesto pagrindu. Cukraus kristalai nu&scaron;vei\u010dia negyvas odos daleles ir skatina odos atsinaujinim\u0105. Aliej\u0173 kompleksas maitina, mink&scaron;tina, ramina od\u0105, atkurdamas jos apsaugines funkcijas, suteikia reikiam\u0105 dr\u0117kinim\u0105.<\/p>\n<p><strong>Naudojimas: <\/strong>U\u017etepkite &scaron;veitikl\u012f ant dr\u0117gnos k\u016bno odos po vonios ar du&scaron;o, &scaron;velniai \u012ftrinkite, tada nuplaukite &scaron;iltu vandeniu. Naudokite 1-2 kartus per savait\u0119. Svarbu: Stenkit\u0117s, kad \u012f stiklain\u012f nepatekt\u0173 vandens.<\/p>\n<p>Laikyti nuo 0 &deg;C iki +25 &deg;C temperat\u016broje.<br \/>\n&nbsp;<\/p>\n","protected":false},"excerpt":{"rendered":"<p>Cukraus &scaron;veitiklis nat\u016brali\u0173 kokos\u0173, taukmed\u017ei\u0173 ir kakavos sviesto pagrindu. Cukraus kristalai nu&scaron;vei\u010dia negyvas odos daleles ir skatina odos atsinaujinim\u0105. Aliej\u0173 kompleksas maitina, mink&scaron;tina, ramina od\u0105, atkurdamas jos apsaugines funkcijas, suteikia reikiam\u0105 dr\u0117kinim\u0105. Naudojimas: U\u017etepkite &scaron;veitikl\u012f ant dr\u0117gnos k\u016bno odos po vonios ar du&scaron;o, &scaron;velniai \u012ftrinkite, tada nuplaukite &scaron;iltu vandeniu. Naudokite 1-2 kartus per savait\u0119. Svarbu: [&#8230;]\n","protected":false},"featured_media":88738,"template":"","meta":[],"product_cat":[1359],"product_tag":[],"class_list":{"0":"post-30943","1":"product","2":"type-product","3":"status-publish","4":"has-post-thumbnail","6":"product_brand-sale-lt","7":"product_cat-kuno-sveitikliai-ir-pilingai","9":"first","10":"instock","11":"taxable","12":"shipping-taxable","13":"product-type-simple"},"_links":{"self":[{"href":"https:\/\/e.kosmolat.eu\/lt\/wp-json\/wp\/v2\/product\/30943","targetHints":{"allow":["GET"]}}],"collection":[{"href":"https:\/\/e.kosmolat.eu\/lt\/wp-json\/wp\/v2\/product"}],"about":[{"href":"https:\/\/e.kosmolat.eu\/lt\/wp-json\/wp\/v2\/types\/product"}],"wp:featuredmedia":[{"embeddable":true,"href":"https:\/\/e.kosmolat.eu\/lt\/wp-json\/wp\/v2\/media\/88738"}],"wp:attachment":[{"href":"https:\/\/e.kosmolat.eu\/lt\/wp-json\/wp\/v2\/media?parent=30943"}],"wp:term":[{"taxonomy":"product_cat","embeddable":true,"href":"https:\/\/e.kosmolat.eu\/lt\/wp-json\/wp\/v2\/product_cat?post=30943"},{"taxonomy":"product_tag","embeddable":true,"href":"https:\/\/e.kosmolat.eu\/lt\/wp-json\/wp\/v2\/product_tag?post=30943"}],"curies":[{"name":"wp","href":"https:\/\/api.w.org\/{rel}","templated":true}]}}