{"id":30939,"date":"2023-12-19T21:34:20","date_gmt":"2023-12-19T21:34:20","guid":{"rendered":"https:\/\/e.kosmolat.eu\/product\/ld-superfood-atjaunojoss-skrubis-zeleja-zemene-un-citronzale-240-g\/"},"modified":"2025-09-20T01:11:53","modified_gmt":"2025-09-20T01:11:53","slug":"ld-superfood-atjaunojoss-skrubis-zeleja-zemene-un-citronzale-240-g","status":"publish","type":"product","link":"https:\/\/e.kosmolat.eu\/lt\/produktas\/ld-superfood-atjaunojoss-skrubis-zeleja-zemene-un-citronzale-240-g\/","title":{"rendered":"LIV DELANO Superfood \u0161veitiklis-\u017eel\u0117 regeneruojantis bra\u0161k\u0117s ir citrin\u017eol\u0117s, 240 g"},"content":{"rendered":"<p>&Scaron;veitiklis &ndash; \u017eel\u0117 kokoso keval\u0173 pagrindu nu&scaron;vei\u010dia negyvas odos daleles ir skatina jos atsinaujinim\u0105. &Scaron;veitiklis turi penki\u0173 r\u016bg&scaron;\u010di\u0173 kompleks\u0105 (glikolio, vyno, pieno, obuoli\u0173, citrinos) ir vitamin\u0173 kompleks\u0105 (A, E, D-pantenolis) &ndash; gerina odos kv\u0117pavim\u0105 ir regeneracinius procesus, skatina kolageno gamyb\u0105.<\/p>\n<p><strong>Naudojimas: <\/strong>U\u017etepkite &scaron;veitikl\u012f ant dr\u0117gnos k\u016bno odos po vonios ar du&scaron;o, &scaron;velniai \u012ftrinkite, tada nuplaukite &scaron;iltu vandeniu. Naudokite 1-2 kartus per savait\u0119. Svarbu: Stenkit\u0117s, kad \u012f stiklain\u012f nepatekt\u0173 vandens.<\/p>\n<p>Laikyti nuo 0 &deg;C iki +25 &deg;C temperat\u016broje.<br \/>\n&nbsp;<\/p>\n","protected":false},"excerpt":{"rendered":"<p>&Scaron;veitiklis &ndash; \u017eel\u0117 kokoso keval\u0173 pagrindu nu&scaron;vei\u010dia negyvas odos daleles ir skatina jos atsinaujinim\u0105. &Scaron;veitiklis turi penki\u0173 r\u016bg&scaron;\u010di\u0173 kompleks\u0105 (glikolio, vyno, pieno, obuoli\u0173, citrinos) ir vitamin\u0173 kompleks\u0105 (A, E, D-pantenolis) &ndash; gerina odos kv\u0117pavim\u0105 ir regeneracinius procesus, skatina kolageno gamyb\u0105. Naudojimas: U\u017etepkite &scaron;veitikl\u012f ant dr\u0117gnos k\u016bno odos po vonios ar du&scaron;o, &scaron;velniai \u012ftrinkite, tada nuplaukite [&#8230;]\n","protected":false},"featured_media":88734,"template":"","meta":[],"product_cat":[1359],"product_tag":[],"class_list":{"0":"post-30939","1":"product","2":"type-product","3":"status-publish","4":"has-post-thumbnail","6":"product_brand-belgates_by-lt","7":"product_cat-kuno-sveitikliai-ir-pilingai","9":"first","10":"outofstock","11":"taxable","12":"shipping-taxable","13":"product-type-simple"},"_links":{"self":[{"href":"https:\/\/e.kosmolat.eu\/lt\/wp-json\/wp\/v2\/product\/30939","targetHints":{"allow":["GET"]}}],"collection":[{"href":"https:\/\/e.kosmolat.eu\/lt\/wp-json\/wp\/v2\/product"}],"about":[{"href":"https:\/\/e.kosmolat.eu\/lt\/wp-json\/wp\/v2\/types\/product"}],"wp:featuredmedia":[{"embeddable":true,"href":"https:\/\/e.kosmolat.eu\/lt\/wp-json\/wp\/v2\/media\/88734"}],"wp:attachment":[{"href":"https:\/\/e.kosmolat.eu\/lt\/wp-json\/wp\/v2\/media?parent=30939"}],"wp:term":[{"taxonomy":"product_cat","embeddable":true,"href":"https:\/\/e.kosmolat.eu\/lt\/wp-json\/wp\/v2\/product_cat?post=30939"},{"taxonomy":"product_tag","embeddable":true,"href":"https:\/\/e.kosmolat.eu\/lt\/wp-json\/wp\/v2\/product_tag?post=30939"}],"curies":[{"name":"wp","href":"https:\/\/api.w.org\/{rel}","templated":true}]}}