{"id":30935,"date":"2023-12-19T21:34:04","date_gmt":"2023-12-19T21:34:04","guid":{"rendered":"https:\/\/e.kosmolat.eu\/product\/ld-superfood-mitrinoss-kerm-krems-fluids-avokado-un-fenhelis-240-g\/"},"modified":"2025-09-20T01:11:41","modified_gmt":"2025-09-20T01:11:41","slug":"ld-superfood-mitrinoss-kerm-krems-fluids-avokado-un-fenhelis-240-g","status":"publish","type":"product","link":"https:\/\/e.kosmolat.eu\/lt\/produktas\/ld-superfood-mitrinoss-kerm-krems-fluids-avokado-un-fenhelis-240-g\/","title":{"rendered":"LIV DELANO Superfood dr\u0117kinamasis k\u016bno kremas-fluidas su avokadais ir pankoliais, 240 g"},"content":{"rendered":"<p>Lengvos tekst\u016bros kremas -fluidas, kurio sud\u0117tyje yra avokad\u0173 aliejaus, betaino, nat\u016bralaus Hydrovance komplekso ir palieka od\u0105 &scaron;ilkin\u0119, lygi\u0105 ir sudr\u0117kint\u0105.<\/p>\n<p><strong>Naudojimas: <\/strong>Tepkite krem\u0105 ant k\u016bno odos, tolygiai paskirstykite masa\u017eo judesiais, kol visi&scaron;kai \u012fsigers.<\/p>\n<p>Laikyti nuo 0 &deg;C iki +25 &deg;C temperat\u016broje.<br \/>\n&nbsp;<\/p>\n","protected":false},"excerpt":{"rendered":"<p>Lengvos tekst\u016bros kremas -fluidas, kurio sud\u0117tyje yra avokad\u0173 aliejaus, betaino, nat\u016bralaus Hydrovance komplekso ir palieka od\u0105 &scaron;ilkin\u0119, lygi\u0105 ir sudr\u0117kint\u0105. Naudojimas: Tepkite krem\u0105 ant k\u016bno odos, tolygiai paskirstykite masa\u017eo judesiais, kol visi&scaron;kai \u012fsigers. Laikyti nuo 0 &deg;C iki +25 &deg;C temperat\u016broje. &nbsp;<\/p>\n","protected":false},"featured_media":88730,"template":"","meta":[],"product_cat":[1390],"product_tag":[],"class_list":{"0":"post-30935","1":"product","2":"type-product","3":"status-publish","4":"has-post-thumbnail","6":"product_brand-belgates_by-lt","7":"product_cat-kremai-aliejai-kuno-pienelis","9":"first","10":"outofstock","11":"taxable","12":"shipping-taxable","13":"product-type-simple"},"_links":{"self":[{"href":"https:\/\/e.kosmolat.eu\/lt\/wp-json\/wp\/v2\/product\/30935","targetHints":{"allow":["GET"]}}],"collection":[{"href":"https:\/\/e.kosmolat.eu\/lt\/wp-json\/wp\/v2\/product"}],"about":[{"href":"https:\/\/e.kosmolat.eu\/lt\/wp-json\/wp\/v2\/types\/product"}],"wp:featuredmedia":[{"embeddable":true,"href":"https:\/\/e.kosmolat.eu\/lt\/wp-json\/wp\/v2\/media\/88730"}],"wp:attachment":[{"href":"https:\/\/e.kosmolat.eu\/lt\/wp-json\/wp\/v2\/media?parent=30935"}],"wp:term":[{"taxonomy":"product_cat","embeddable":true,"href":"https:\/\/e.kosmolat.eu\/lt\/wp-json\/wp\/v2\/product_cat?post=30935"},{"taxonomy":"product_tag","embeddable":true,"href":"https:\/\/e.kosmolat.eu\/lt\/wp-json\/wp\/v2\/product_tag?post=30935"}],"curies":[{"name":"wp","href":"https:\/\/api.w.org\/{rel}","templated":true}]}}