{"id":30927,"date":"2023-12-19T21:33:24","date_gmt":"2023-12-19T21:33:24","guid":{"rendered":"https:\/\/e.kosmolat.eu\/product\/ld-superfood-kermena-krems-plivurs-ar-mirdz-ef-kirbis-un-ingvers-240-g\/"},"modified":"2025-09-20T01:11:14","modified_gmt":"2025-09-20T01:11:14","slug":"ld-superfood-kermena-krems-plivurs-ar-mirdz-ef-kirbis-un-ingvers-240-g","status":"publish","type":"product","link":"https:\/\/e.kosmolat.eu\/lt\/produktas\/ld-superfood-kermena-krems-plivurs-ar-mirdz-ef-kirbis-un-ingvers-240-g\/","title":{"rendered":"LIV DELANO Superfood blizgus k\u016bno kremas su moli\u016bgais ir imbierais, 240 g"},"content":{"rendered":"<p>Pikanti&scaron;ko moli\u016bg\u0173 ir imbier\u0173 kvapo kremas akimirksniu susigeria, dr\u0117kina ir lygina od\u0105, palikdamas ant jos aukso spalvos &nbsp;spindin\u010di\u0105 migl\u0105. Nat\u016bral\u016bs migdol\u0173 ir makadamij\u0173 aliejai maitina, mink&scaron;tina ir dr\u0117kina k\u016bno od\u0105.<\/p>\n<p><strong>Naudojimas:<\/strong> Tepkite krem\u0105 ant k\u016bno odos, tolygiai paskirstykite masa\u017eo judesiais, kol visi&scaron;kai \u012fsigers.<\/p>\n<p>Laikyti nuo 0 &deg;C iki +25 &deg;C temperat\u016broje.<br \/>\n&nbsp;<\/p>\n","protected":false},"excerpt":{"rendered":"<p>Pikanti&scaron;ko moli\u016bg\u0173 ir imbier\u0173 kvapo kremas akimirksniu susigeria, dr\u0117kina ir lygina od\u0105, palikdamas ant jos aukso spalvos &nbsp;spindin\u010di\u0105 migl\u0105. Nat\u016bral\u016bs migdol\u0173 ir makadamij\u0173 aliejai maitina, mink&scaron;tina ir dr\u0117kina k\u016bno od\u0105. Naudojimas: Tepkite krem\u0105 ant k\u016bno odos, tolygiai paskirstykite masa\u017eo judesiais, kol visi&scaron;kai \u012fsigers. Laikyti nuo 0 &deg;C iki +25 &deg;C temperat\u016broje. &nbsp;<\/p>\n","protected":false},"featured_media":88722,"template":"","meta":[],"product_cat":[1390],"product_tag":[],"class_list":{"0":"post-30927","1":"product","2":"type-product","3":"status-publish","4":"has-post-thumbnail","6":"product_brand-belgates_by-lt","7":"product_cat-kremai-aliejai-kuno-pienelis","9":"first","10":"outofstock","11":"taxable","12":"shipping-taxable","13":"product-type-simple"},"_links":{"self":[{"href":"https:\/\/e.kosmolat.eu\/lt\/wp-json\/wp\/v2\/product\/30927","targetHints":{"allow":["GET"]}}],"collection":[{"href":"https:\/\/e.kosmolat.eu\/lt\/wp-json\/wp\/v2\/product"}],"about":[{"href":"https:\/\/e.kosmolat.eu\/lt\/wp-json\/wp\/v2\/types\/product"}],"wp:featuredmedia":[{"embeddable":true,"href":"https:\/\/e.kosmolat.eu\/lt\/wp-json\/wp\/v2\/media\/88722"}],"wp:attachment":[{"href":"https:\/\/e.kosmolat.eu\/lt\/wp-json\/wp\/v2\/media?parent=30927"}],"wp:term":[{"taxonomy":"product_cat","embeddable":true,"href":"https:\/\/e.kosmolat.eu\/lt\/wp-json\/wp\/v2\/product_cat?post=30927"},{"taxonomy":"product_tag","embeddable":true,"href":"https:\/\/e.kosmolat.eu\/lt\/wp-json\/wp\/v2\/product_tag?post=30927"}],"curies":[{"name":"wp","href":"https:\/\/api.w.org\/{rel}","templated":true}]}}