{"id":30923,"date":"2023-12-19T21:33:07","date_gmt":"2023-12-19T21:33:07","guid":{"rendered":"https:\/\/e.kosmolat.eu\/product\/ld-superfood-ekstrabar-kermena-sviests-kokosrieksts-un-licijas-240-g\/"},"modified":"2025-09-20T01:10:56","modified_gmt":"2025-09-20T01:10:56","slug":"ld-superfood-ekstrabar-kermena-sviests-kokosrieksts-un-licijas-240-g","status":"publish","type":"product","link":"https:\/\/e.kosmolat.eu\/lt\/produktas\/ld-superfood-ekstrabar-kermena-sviests-kokosrieksts-un-licijas-240-g\/","title":{"rendered":"LIV DELANO Superfood k\u016bno sviestas, ekstra maitinimas kokosai ir li\u010diai, 240 g"},"content":{"rendered":"<p>Sviestas su kokos\u0173 aromatu, giliai maitina, ramina ir mink&scaron;tina &scaron;iurk&scaron;\u010dias odos vietas (alk\u016bnes, kelius, p\u0117das). Kaip nat\u016bralaus taukmed\u017ei\u0173 sviesto dalis, kokosai, migdolai, graikiniai rie&scaron;utai, avokadai pasi\u017eymi antioksidaciniu aktyvumu, atkuria odos lipidin\u012f barjer\u0105, mink&scaron;tina ir palaiko vandens balans\u0105.<\/p>\n<p><strong>Naudojimas:<\/strong> Tepkite sviest\u0105 ant k\u016bno odos, tolygiai paskirstykite masa\u017eo judesiais, kol visi&scaron;kai \u012fsigers.<\/p>\n<p>Laikyti nuo 0 &deg;C iki +25 &deg;C temperat\u016broje.<br \/>\n&nbsp;<\/p>\n","protected":false},"excerpt":{"rendered":"<p>Sviestas su kokos\u0173 aromatu, giliai maitina, ramina ir mink&scaron;tina &scaron;iurk&scaron;\u010dias odos vietas (alk\u016bnes, kelius, p\u0117das). Kaip nat\u016bralaus taukmed\u017ei\u0173 sviesto dalis, kokosai, migdolai, graikiniai rie&scaron;utai, avokadai pasi\u017eymi antioksidaciniu aktyvumu, atkuria odos lipidin\u012f barjer\u0105, mink&scaron;tina ir palaiko vandens balans\u0105. Naudojimas: Tepkite sviest\u0105 ant k\u016bno odos, tolygiai paskirstykite masa\u017eo judesiais, kol visi&scaron;kai \u012fsigers. Laikyti nuo 0 &deg;C iki [&#8230;]\n","protected":false},"featured_media":88718,"template":"","meta":[],"product_cat":[1390],"product_tag":[],"class_list":{"0":"post-30923","1":"product","2":"type-product","3":"status-publish","4":"has-post-thumbnail","6":"product_brand-belgates_by-lt","7":"product_cat-kremai-aliejai-kuno-pienelis","9":"first","10":"outofstock","11":"taxable","12":"shipping-taxable","13":"product-type-simple"},"_links":{"self":[{"href":"https:\/\/e.kosmolat.eu\/lt\/wp-json\/wp\/v2\/product\/30923","targetHints":{"allow":["GET"]}}],"collection":[{"href":"https:\/\/e.kosmolat.eu\/lt\/wp-json\/wp\/v2\/product"}],"about":[{"href":"https:\/\/e.kosmolat.eu\/lt\/wp-json\/wp\/v2\/types\/product"}],"wp:featuredmedia":[{"embeddable":true,"href":"https:\/\/e.kosmolat.eu\/lt\/wp-json\/wp\/v2\/media\/88718"}],"wp:attachment":[{"href":"https:\/\/e.kosmolat.eu\/lt\/wp-json\/wp\/v2\/media?parent=30923"}],"wp:term":[{"taxonomy":"product_cat","embeddable":true,"href":"https:\/\/e.kosmolat.eu\/lt\/wp-json\/wp\/v2\/product_cat?post=30923"},{"taxonomy":"product_tag","embeddable":true,"href":"https:\/\/e.kosmolat.eu\/lt\/wp-json\/wp\/v2\/product_tag?post=30923"}],"curies":[{"name":"wp","href":"https:\/\/api.w.org\/{rel}","templated":true}]}}