{"id":30903,"date":"2023-12-19T21:31:22","date_gmt":"2023-12-19T21:31:22","guid":{"rendered":"https:\/\/e.kosmolat.eu\/product\/ingrid-nagu-lakas-nonemejs-bez-acetona-150-ml\/"},"modified":"2025-09-20T01:09:54","modified_gmt":"2025-09-20T01:09:54","slug":"ingrid-nagu-lakas-nonemejs-bez-acetona-150-ml","status":"publish","type":"product","link":"https:\/\/e.kosmolat.eu\/lt\/produktas\/ingrid-nagu-lakas-nonemejs-bez-acetona-150-ml\/","title":{"rendered":"INGRID Nag\u0173 lako valiklis be acetono, 150 ml"},"content":{"rendered":"<p>Sud\u0117tyje yra avokad\u0173 aliejaus ir vitamin\u0173 E ir C. Greitai ir efektyviai pa&scaron;alina bet kok\u012f nag\u0173 lak\u0105. Veikliosios med\u017eiagos stiprina ir maitina nago pavir&scaron;i\u0173 nenublukinant. Tinka ir dirbtiniams nagams. Dermatologi&scaron;kai patikrintas.<\/p>\n<p>D\u0117mesio! Saugoti nuo vaik\u0173. Laikyti atokiai nuo &scaron;ilumos &scaron;altini\u0173, kar&scaron;t\u0173 pavir&scaron;i\u0173, kibirk&scaron;\u010di\u0173, atviros liepsnos ir kit\u0173 u\u017edegimo &scaron;altini\u0173. Venkite kontakto su poliruotais pavir&scaron;iais ir sintetiniais audiniais.<br \/>\n&nbsp;<\/p>\n","protected":false},"excerpt":{"rendered":"<p>Sud\u0117tyje yra avokad\u0173 aliejaus ir vitamin\u0173 E ir C. Greitai ir efektyviai pa&scaron;alina bet kok\u012f nag\u0173 lak\u0105. Veikliosios med\u017eiagos stiprina ir maitina nago pavir&scaron;i\u0173 nenublukinant. Tinka ir dirbtiniams nagams. Dermatologi&scaron;kai patikrintas. D\u0117mesio! Saugoti nuo vaik\u0173. Laikyti atokiai nuo &scaron;ilumos &scaron;altini\u0173, kar&scaron;t\u0173 pavir&scaron;i\u0173, kibirk&scaron;\u010di\u0173, atviros liepsnos ir kit\u0173 u\u017edegimo &scaron;altini\u0173. Venkite kontakto su poliruotais pavir&scaron;iais ir [&#8230;]\n","protected":false},"featured_media":88698,"template":"","meta":[],"product_cat":[1528],"product_tag":[],"class_list":{"0":"post-30903","1":"product","2":"type-product","3":"status-publish","4":"has-post-thumbnail","6":"product_brand-malina-akcija-lt","7":"product_cat-nagu-lako-valikliai","9":"first","10":"outofstock","11":"taxable","12":"shipping-taxable","13":"product-type-simple"},"_links":{"self":[{"href":"https:\/\/e.kosmolat.eu\/lt\/wp-json\/wp\/v2\/product\/30903","targetHints":{"allow":["GET"]}}],"collection":[{"href":"https:\/\/e.kosmolat.eu\/lt\/wp-json\/wp\/v2\/product"}],"about":[{"href":"https:\/\/e.kosmolat.eu\/lt\/wp-json\/wp\/v2\/types\/product"}],"wp:featuredmedia":[{"embeddable":true,"href":"https:\/\/e.kosmolat.eu\/lt\/wp-json\/wp\/v2\/media\/88698"}],"wp:attachment":[{"href":"https:\/\/e.kosmolat.eu\/lt\/wp-json\/wp\/v2\/media?parent=30903"}],"wp:term":[{"taxonomy":"product_cat","embeddable":true,"href":"https:\/\/e.kosmolat.eu\/lt\/wp-json\/wp\/v2\/product_cat?post=30903"},{"taxonomy":"product_tag","embeddable":true,"href":"https:\/\/e.kosmolat.eu\/lt\/wp-json\/wp\/v2\/product_tag?post=30903"}],"curies":[{"name":"wp","href":"https:\/\/api.w.org\/{rel}","templated":true}]}}