{"id":30891,"date":"2023-12-19T21:30:24","date_gmt":"2023-12-19T21:30:24","guid":{"rendered":"https:\/\/e.kosmolat.eu\/product\/vollare-caviar-nakts-sejas-krems-ar-melno-ikru-ekstraktu-50-ml\/"},"modified":"2025-09-20T01:09:11","modified_gmt":"2025-09-20T01:09:11","slug":"vollare-caviar-nakts-sejas-krems-ar-melno-ikru-ekstraktu-50-ml","status":"publish","type":"product","link":"https:\/\/e.kosmolat.eu\/lt\/produktas\/vollare-caviar-nakts-sejas-krems-ar-melno-ikru-ekstraktu-50-ml\/","title":{"rendered":"VOLLARE Caviar Naktinis veido kremas su juod\u0173j\u0173 ikr\u0173 ekstraktu, 50 ml"},"content":{"rendered":"<p>Sodrios tekst\u016bros kremas daro od\u0105 lygi\u0105 ir &scaron;velni\u0105. Hialurono r\u016bg&scaron;tis sulaiko vanden\u012f odoje, taukmed\u017ei\u0173 sviestas maitina od\u0105, o pantenolis, vitaminas E ir peptidai gerina bendr\u0105 odos b\u016bkl\u0119 ir i&scaron;vaizd\u0105.<\/p>\n<p><strong>Naudojimas:<\/strong> nedidel\u012f kiek\u012f kremo u\u017etepkite ant veido odos lengvais masa\u017eo judesiais ir leiskite susigerti. Tepkite kiekvien\u0105 vakar\u0105 po veido valymo.<br \/>\n&nbsp;<\/p>\n","protected":false},"excerpt":{"rendered":"<p>Sodrios tekst\u016bros kremas daro od\u0105 lygi\u0105 ir &scaron;velni\u0105. Hialurono r\u016bg&scaron;tis sulaiko vanden\u012f odoje, taukmed\u017ei\u0173 sviestas maitina od\u0105, o pantenolis, vitaminas E ir peptidai gerina bendr\u0105 odos b\u016bkl\u0119 ir i&scaron;vaizd\u0105. Naudojimas: nedidel\u012f kiek\u012f kremo u\u017etepkite ant veido odos lengvais masa\u017eo judesiais ir leiskite susigerti. Tepkite kiekvien\u0105 vakar\u0105 po veido valymo. &nbsp;<\/p>\n","protected":false},"featured_media":88686,"template":"","meta":[],"product_cat":[1322],"product_tag":[],"class_list":{"0":"post-30891","1":"product","2":"type-product","3":"status-publish","4":"has-post-thumbnail","6":"product_brand-malina-akcija-lt","7":"product_cat-veido-kremai","9":"first","10":"outofstock","11":"taxable","12":"shipping-taxable","13":"product-type-simple"},"_links":{"self":[{"href":"https:\/\/e.kosmolat.eu\/lt\/wp-json\/wp\/v2\/product\/30891","targetHints":{"allow":["GET"]}}],"collection":[{"href":"https:\/\/e.kosmolat.eu\/lt\/wp-json\/wp\/v2\/product"}],"about":[{"href":"https:\/\/e.kosmolat.eu\/lt\/wp-json\/wp\/v2\/types\/product"}],"wp:featuredmedia":[{"embeddable":true,"href":"https:\/\/e.kosmolat.eu\/lt\/wp-json\/wp\/v2\/media\/88686"}],"wp:attachment":[{"href":"https:\/\/e.kosmolat.eu\/lt\/wp-json\/wp\/v2\/media?parent=30891"}],"wp:term":[{"taxonomy":"product_cat","embeddable":true,"href":"https:\/\/e.kosmolat.eu\/lt\/wp-json\/wp\/v2\/product_cat?post=30891"},{"taxonomy":"product_tag","embeddable":true,"href":"https:\/\/e.kosmolat.eu\/lt\/wp-json\/wp\/v2\/product_tag?post=30891"}],"curies":[{"name":"wp","href":"https:\/\/api.w.org\/{rel}","templated":true}]}}