{"id":30887,"date":"2023-12-19T21:30:05","date_gmt":"2023-12-19T21:30:05","guid":{"rendered":"https:\/\/e.kosmolat.eu\/product\/vollare-caviar-dienas-sejas-krems-spf-30-50-ml\/"},"modified":"2025-09-20T01:08:57","modified_gmt":"2025-09-20T01:08:57","slug":"vollare-caviar-dienas-sejas-krems-spf-30-50-ml","status":"publish","type":"product","link":"https:\/\/e.kosmolat.eu\/lt\/produktas\/vollare-caviar-dienas-sejas-krems-spf-30-50-ml\/","title":{"rendered":"VOLLARE Caviar Dieninis veido kremas SPF 30, 50 ml"},"content":{"rendered":"<p>Sodri kremo formul\u0117 prisideda prie sausos, jautrios odos prie\u017ei\u016bros.<\/p>\n<p>Ikr\u0173 ekstraktas, hialurono r\u016bg&scaron;tis, pantenolis, taukmed\u017ei\u0173 sviestas, vitaminas E ir peptidai kartu sukuria apsaugin\u012f sluoksn\u012f, dr\u0117kina, maitina ir saugo od\u0105 nuo i&scaron;saus\u0117jimo.<\/p>\n<p><strong>Naudojimas: <\/strong>Nedidel\u012f kiek\u012f kremo u\u017etepkite ant veido odos ir leiskite susigerti. Tepkite kiekvien\u0105 ryt\u0105 po veido valymo.<br \/>\n&nbsp;<\/p>\n","protected":false},"excerpt":{"rendered":"<p>Sodri kremo formul\u0117 prisideda prie sausos, jautrios odos prie\u017ei\u016bros. Ikr\u0173 ekstraktas, hialurono r\u016bg&scaron;tis, pantenolis, taukmed\u017ei\u0173 sviestas, vitaminas E ir peptidai kartu sukuria apsaugin\u012f sluoksn\u012f, dr\u0117kina, maitina ir saugo od\u0105 nuo i&scaron;saus\u0117jimo. Naudojimas: Nedidel\u012f kiek\u012f kremo u\u017etepkite ant veido odos ir leiskite susigerti. Tepkite kiekvien\u0105 ryt\u0105 po veido valymo. &nbsp;<\/p>\n","protected":false},"featured_media":88682,"template":"","meta":[],"product_cat":[1322],"product_tag":[],"class_list":{"0":"post-30887","1":"product","2":"type-product","3":"status-publish","4":"has-post-thumbnail","6":"product_brand-malina-akcija-lt","7":"product_cat-veido-kremai","9":"first","10":"outofstock","11":"taxable","12":"shipping-taxable","13":"product-type-simple"},"_links":{"self":[{"href":"https:\/\/e.kosmolat.eu\/lt\/wp-json\/wp\/v2\/product\/30887","targetHints":{"allow":["GET"]}}],"collection":[{"href":"https:\/\/e.kosmolat.eu\/lt\/wp-json\/wp\/v2\/product"}],"about":[{"href":"https:\/\/e.kosmolat.eu\/lt\/wp-json\/wp\/v2\/types\/product"}],"wp:featuredmedia":[{"embeddable":true,"href":"https:\/\/e.kosmolat.eu\/lt\/wp-json\/wp\/v2\/media\/88682"}],"wp:attachment":[{"href":"https:\/\/e.kosmolat.eu\/lt\/wp-json\/wp\/v2\/media?parent=30887"}],"wp:term":[{"taxonomy":"product_cat","embeddable":true,"href":"https:\/\/e.kosmolat.eu\/lt\/wp-json\/wp\/v2\/product_cat?post=30887"},{"taxonomy":"product_tag","embeddable":true,"href":"https:\/\/e.kosmolat.eu\/lt\/wp-json\/wp\/v2\/product_tag?post=30887"}],"curies":[{"name":"wp","href":"https:\/\/api.w.org\/{rel}","templated":true}]}}