{"id":30883,"date":"2023-12-19T21:29:49","date_gmt":"2023-12-19T21:29:49","guid":{"rendered":"https:\/\/e.kosmolat.eu\/product\/vollare-detox-micel-udens-ar-sarkano-algu-ekstr-un-koenzimu-q10-400-ml\/"},"modified":"2026-04-11T18:43:23","modified_gmt":"2026-04-11T18:43:23","slug":"i_vollare-detox-micel-udens-ar-sarkano-algu-ekstr-un-koenzimu-q10-400-ml","status":"publish","type":"product","link":"https:\/\/e.kosmolat.eu\/lt\/produktas\/i_vollare-detox-micel-udens-ar-sarkano-algu-ekstr-un-koenzimu-q10-400-ml\/","title":{"rendered":"VOLLARE Detox Micelinis vanduo su raudon\u0173j\u0173 dumbli\u0173 ekstraktu ir koenzimu Q10, 400 ml"},"content":{"rendered":"<p>Vis\u0173 tip\u0173 odai. Produkto sud\u0117tyje esan\u010dios micel\u0117s puikiai pa&scaron;alina ne&scaron;varumus ir nuvalo veido, aki\u0173 ir l\u016bp\u0173 makia\u017e\u0105. Glicerinas apsaugo nuo transepiderminio vandens praradimo. Pantenolis ma\u017eina dirginim\u0105. Oda tampa &scaron;vari ir gaivi.<\/p>\n<p><strong>Naudojimas:<\/strong> nuvalykite veido, aki\u0173, kaklo ir dekolt\u0117 od\u0105 vatos diskeliu, suvilgytu miceliniame vandenyje.<br \/>\n&nbsp;<\/p>\n","protected":false},"excerpt":{"rendered":"<p>Vis\u0173 tip\u0173 odai. Produkto sud\u0117tyje esan\u010dios micel\u0117s puikiai pa&scaron;alina ne&scaron;varumus ir nuvalo veido, aki\u0173 ir l\u016bp\u0173 makia\u017e\u0105. Glicerinas apsaugo nuo transepiderminio vandens praradimo. Pantenolis ma\u017eina dirginim\u0105. Oda tampa &scaron;vari ir gaivi. Naudojimas: nuvalykite veido, aki\u0173, kaklo ir dekolt\u0117 od\u0105 vatos diskeliu, suvilgytu miceliniame vandenyje. &nbsp;<\/p>\n","protected":false},"featured_media":88678,"template":"","meta":[],"product_cat":[1570],"product_tag":[],"class_list":{"0":"post-30883","1":"product","2":"type-product","3":"status-publish","4":"has-post-thumbnail","6":"product_brand-sale-lt","7":"product_cat-micelinis-vanduo","9":"first","10":"outofstock","11":"taxable","12":"shipping-taxable","13":"product-type-simple"},"_links":{"self":[{"href":"https:\/\/e.kosmolat.eu\/lt\/wp-json\/wp\/v2\/product\/30883","targetHints":{"allow":["GET"]}}],"collection":[{"href":"https:\/\/e.kosmolat.eu\/lt\/wp-json\/wp\/v2\/product"}],"about":[{"href":"https:\/\/e.kosmolat.eu\/lt\/wp-json\/wp\/v2\/types\/product"}],"wp:featuredmedia":[{"embeddable":true,"href":"https:\/\/e.kosmolat.eu\/lt\/wp-json\/wp\/v2\/media\/88678"}],"wp:attachment":[{"href":"https:\/\/e.kosmolat.eu\/lt\/wp-json\/wp\/v2\/media?parent=30883"}],"wp:term":[{"taxonomy":"product_cat","embeddable":true,"href":"https:\/\/e.kosmolat.eu\/lt\/wp-json\/wp\/v2\/product_cat?post=30883"},{"taxonomy":"product_tag","embeddable":true,"href":"https:\/\/e.kosmolat.eu\/lt\/wp-json\/wp\/v2\/product_tag?post=30883"}],"curies":[{"name":"wp","href":"https:\/\/api.w.org\/{rel}","templated":true}]}}