{"id":30871,"date":"2023-12-19T21:28:55","date_gmt":"2023-12-19T21:28:55","guid":{"rendered":"https:\/\/e.kosmolat.eu\/product\/vollare-detox-anti-pollution-nakts-sej-kr-atjaun-50-ml\/"},"modified":"2026-01-12T14:48:26","modified_gmt":"2026-01-12T14:48:26","slug":"vollare-detox-anti-pollution-nakts-sej-kr-atjaun-50-ml","status":"publish","type":"product","link":"https:\/\/e.kosmolat.eu\/lt\/produktas\/vollare-detox-anti-pollution-nakts-sej-kr-atjaun-50-ml\/","title":{"rendered":"VOLLARE Detox Anti-Pollution Renewing naktinis veido kremas, 50 ml"},"content":{"rendered":"<p>Dr\u0117kina ir stangrina od\u0105, apsaugodama nuo oksidacinio streso poveikio. Koenzimas Q10 ir vitaminas E skatina odos atsinaujinim\u0105 miego metu, lygina rauk&scaron;les ir neleid\u017eia atsirasti sen\u0117jimo po\u017eymiams. Vitaminas C gaivina ir gerina odos tonus\u0105. Aktyvuota anglis padeda i&scaron;valyti od\u0105 nuo susikaupusi\u0173 ne&scaron;varum\u0173 ir toksin\u0173. Oda tampa &scaron;vytinti, lygi ir gaivi.<\/p>\n<p><strong>Naudojimas:<\/strong> kasdien tepti ant &scaron;varios veido, kaklo ir dekolt\u0117 odos, &scaron;velniai masa\u017euoti.<br \/>\n&nbsp;<\/p>\n","protected":false},"excerpt":{"rendered":"<p>Dr\u0117kina ir stangrina od\u0105, apsaugodama nuo oksidacinio streso poveikio. Koenzimas Q10 ir vitaminas E skatina odos atsinaujinim\u0105 miego metu, lygina rauk&scaron;les ir neleid\u017eia atsirasti sen\u0117jimo po\u017eymiams. Vitaminas C gaivina ir gerina odos tonus\u0105. Aktyvuota anglis padeda i&scaron;valyti od\u0105 nuo susikaupusi\u0173 ne&scaron;varum\u0173 ir toksin\u0173. Oda tampa &scaron;vytinti, lygi ir gaivi. Naudojimas: kasdien tepti ant &scaron;varios veido, [&#8230;]\n","protected":false},"featured_media":88666,"template":"","meta":[],"product_cat":[2181],"product_tag":[],"class_list":{"0":"post-30871","1":"product","2":"type-product","3":"status-publish","4":"has-post-thumbnail","6":"product_brand-verona_pl-lt","7":"product_cat-bez-kategorijas-lt","9":"first","10":"instock","11":"taxable","12":"shipping-taxable","13":"product-type-simple"},"_links":{"self":[{"href":"https:\/\/e.kosmolat.eu\/lt\/wp-json\/wp\/v2\/product\/30871","targetHints":{"allow":["GET"]}}],"collection":[{"href":"https:\/\/e.kosmolat.eu\/lt\/wp-json\/wp\/v2\/product"}],"about":[{"href":"https:\/\/e.kosmolat.eu\/lt\/wp-json\/wp\/v2\/types\/product"}],"wp:featuredmedia":[{"embeddable":true,"href":"https:\/\/e.kosmolat.eu\/lt\/wp-json\/wp\/v2\/media\/88666"}],"wp:attachment":[{"href":"https:\/\/e.kosmolat.eu\/lt\/wp-json\/wp\/v2\/media?parent=30871"}],"wp:term":[{"taxonomy":"product_cat","embeddable":true,"href":"https:\/\/e.kosmolat.eu\/lt\/wp-json\/wp\/v2\/product_cat?post=30871"},{"taxonomy":"product_tag","embeddable":true,"href":"https:\/\/e.kosmolat.eu\/lt\/wp-json\/wp\/v2\/product_tag?post=30871"}],"curies":[{"name":"wp","href":"https:\/\/api.w.org\/{rel}","templated":true}]}}