{"id":30851,"date":"2023-12-19T21:27:38","date_gmt":"2023-12-19T21:27:38","guid":{"rendered":"https:\/\/e.kosmolat.eu\/product\/lv-acu-enas-color-matt-tonis-11\/"},"modified":"2025-09-20T00:58:49","modified_gmt":"2025-09-20T00:58:49","slug":"lv-acu-enas-color-matt-tonis-11","status":"publish","type":"product","link":"https:\/\/e.kosmolat.eu\/lt\/produktas\/lv-acu-enas-color-matt-tonis-11\/","title":{"rendered":"LUXVISAGE Color Matt aki\u0173 \u0161e\u0161\u0117liai, 11 tonas"},"content":{"rendered":"<p><strong>Naudojimas: <\/strong>teptuku tepkite ant aki\u0173 vok\u0173.<\/p>\n<p>Laikyti nuo +10 &deg;C iki +25 &deg;C temperat\u016broje.<br \/>\n&nbsp;<\/p>\n","protected":false},"excerpt":{"rendered":"<p>Naudojimas: teptuku tepkite ant aki\u0173 vok\u0173. Laikyti nuo +10 &deg;C iki +25 &deg;C temperat\u016broje. &nbsp;<\/p>\n","protected":false},"featured_media":88518,"template":"","meta":[],"product_cat":[1295],"product_tag":[],"class_list":{"0":"post-30851","1":"product","2":"type-product","3":"status-publish","4":"has-post-thumbnail","6":"product_brand-lux-visage_by-lt","7":"product_cat-akiu-seseliai","9":"first","10":"instock","11":"taxable","12":"shipping-taxable","13":"product-type-simple"},"_links":{"self":[{"href":"https:\/\/e.kosmolat.eu\/lt\/wp-json\/wp\/v2\/product\/30851","targetHints":{"allow":["GET"]}}],"collection":[{"href":"https:\/\/e.kosmolat.eu\/lt\/wp-json\/wp\/v2\/product"}],"about":[{"href":"https:\/\/e.kosmolat.eu\/lt\/wp-json\/wp\/v2\/types\/product"}],"wp:featuredmedia":[{"embeddable":true,"href":"https:\/\/e.kosmolat.eu\/lt\/wp-json\/wp\/v2\/media\/88518"}],"wp:attachment":[{"href":"https:\/\/e.kosmolat.eu\/lt\/wp-json\/wp\/v2\/media?parent=30851"}],"wp:term":[{"taxonomy":"product_cat","embeddable":true,"href":"https:\/\/e.kosmolat.eu\/lt\/wp-json\/wp\/v2\/product_cat?post=30851"},{"taxonomy":"product_tag","embeddable":true,"href":"https:\/\/e.kosmolat.eu\/lt\/wp-json\/wp\/v2\/product_tag?post=30851"}],"curies":[{"name":"wp","href":"https:\/\/api.w.org\/{rel}","templated":true}]}}