{"id":30843,"date":"2023-12-19T21:26:59","date_gmt":"2023-12-19T21:26:59","guid":{"rendered":"https:\/\/e.kosmolat.eu\/product\/lv-ton-krems-korektors-maskejoss-tonis-110\/"},"modified":"2025-09-20T00:58:21","modified_gmt":"2025-09-20T00:58:21","slug":"lv-ton-krems-korektors-maskejoss-tonis-110","status":"publish","type":"product","link":"https:\/\/e.kosmolat.eu\/lt\/produktas\/lv-ton-krems-korektors-maskejoss-tonis-110\/","title":{"rendered":"LUXVISAGE Matt Corrector Camouflage Kremas-korektorius, tonujantis, 110 tonas, Light, 20 g"},"content":{"rendered":"<p>Problemin\u0117ms vietoms maskuoti ir matinti.. Paslepia netobulumus ir i&scaron;lygina odos atspalv\u012f. Sukuria stor\u0105, ilgai i&scaron;liekan\u010di\u0105 dang\u0105 su nepriekai&scaron;tingu matiniu pavir&scaron;iumi.<\/p>\n<p><strong>Naudojimas: <\/strong>tolygiai paskirstykite problemines odos vietas arba vis\u0105 veid\u0105.<\/p>\n<p>Laikyti nuo +5 &deg;\u0421 iki +25 &deg;\u0421 temperat\u016broje sausoje vietoje, toliau nuo &scaron;ildymo prietais\u0173, saugoti nuo tiesiogini\u0173 saul\u0117s spinduli\u0173.<br \/>\n&nbsp;<\/p>\n","protected":false},"excerpt":{"rendered":"<p>Problemin\u0117ms vietoms maskuoti ir matinti.. Paslepia netobulumus ir i&scaron;lygina odos atspalv\u012f. Sukuria stor\u0105, ilgai i&scaron;liekan\u010di\u0105 dang\u0105 su nepriekai&scaron;tingu matiniu pavir&scaron;iumi. Naudojimas: tolygiai paskirstykite problemines odos vietas arba vis\u0105 veid\u0105. Laikyti nuo +5 &deg;\u0421 iki +25 &deg;\u0421 temperat\u016broje sausoje vietoje, toliau nuo &scaron;ildymo prietais\u0173, saugoti nuo tiesiogini\u0173 saul\u0117s spinduli\u0173. &nbsp;<\/p>\n","protected":false},"featured_media":88510,"template":"","meta":[],"product_cat":[1490],"product_tag":[],"class_list":{"0":"post-30843","1":"product","2":"type-product","3":"status-publish","4":"has-post-thumbnail","6":"product_brand-lux-visage_by-lt","7":"product_cat-korektoriai","9":"first","10":"outofstock","11":"taxable","12":"shipping-taxable","13":"product-type-simple"},"_links":{"self":[{"href":"https:\/\/e.kosmolat.eu\/lt\/wp-json\/wp\/v2\/product\/30843","targetHints":{"allow":["GET"]}}],"collection":[{"href":"https:\/\/e.kosmolat.eu\/lt\/wp-json\/wp\/v2\/product"}],"about":[{"href":"https:\/\/e.kosmolat.eu\/lt\/wp-json\/wp\/v2\/types\/product"}],"wp:featuredmedia":[{"embeddable":true,"href":"https:\/\/e.kosmolat.eu\/lt\/wp-json\/wp\/v2\/media\/88510"}],"wp:attachment":[{"href":"https:\/\/e.kosmolat.eu\/lt\/wp-json\/wp\/v2\/media?parent=30843"}],"wp:term":[{"taxonomy":"product_cat","embeddable":true,"href":"https:\/\/e.kosmolat.eu\/lt\/wp-json\/wp\/v2\/product_cat?post=30843"},{"taxonomy":"product_tag","embeddable":true,"href":"https:\/\/e.kosmolat.eu\/lt\/wp-json\/wp\/v2\/product_tag?post=30843"}],"curies":[{"name":"wp","href":"https:\/\/api.w.org\/{rel}","templated":true}]}}