{"id":30835,"date":"2023-12-19T21:26:22","date_gmt":"2023-12-19T21:26:22","guid":{"rendered":"https:\/\/e.kosmolat.eu\/product\/lv-gaismu-atstar-konsileris-10-ultra-hd-soft-focus-12h\/"},"modified":"2025-09-20T01:20:47","modified_gmt":"2025-09-20T01:20:47","slug":"lv-gaismu-atstar-konsileris-10-ultra-hd-soft-focus-12h-3-7-g","status":"publish","type":"product","link":"https:\/\/e.kosmolat.eu\/lt\/produktas\/lv-gaismu-atstar-konsileris-10-ultra-hd-soft-focus-12h-3-7-g\/","title":{"rendered":"LUXVISAGE Ultra HD Soft Focus 12H atspindintis korektorius, 10 tonas, Fair"},"content":{"rendered":"<p><strong>Naudojimas:<\/strong> U\u017etepkite reikiam\u0105 maskuojamojo kremo kiek\u012f aplink akis ir problemines odos vietas, paskleiskite.<\/p>\n<p>Laikyti nuo +5 &deg;C iki +25 &deg;C temperat\u016broje.<br \/>\n&nbsp;<\/p>\n","protected":false},"excerpt":{"rendered":"<p>Naudojimas: U\u017etepkite reikiam\u0105 maskuojamojo kremo kiek\u012f aplink akis ir problemines odos vietas, paskleiskite. Laikyti nuo +5 &deg;C iki +25 &deg;C temperat\u016broje. &nbsp;<\/p>\n","protected":false},"featured_media":88882,"template":"","meta":[],"product_cat":[1490],"product_tag":[],"class_list":{"0":"post-30835","1":"product","2":"type-product","3":"status-publish","4":"has-post-thumbnail","6":"product_brand-lux-visage_by-lt","7":"product_cat-korektoriai","9":"first","10":"outofstock","11":"taxable","12":"shipping-taxable","13":"product-type-simple"},"_links":{"self":[{"href":"https:\/\/e.kosmolat.eu\/lt\/wp-json\/wp\/v2\/product\/30835","targetHints":{"allow":["GET"]}}],"collection":[{"href":"https:\/\/e.kosmolat.eu\/lt\/wp-json\/wp\/v2\/product"}],"about":[{"href":"https:\/\/e.kosmolat.eu\/lt\/wp-json\/wp\/v2\/types\/product"}],"wp:featuredmedia":[{"embeddable":true,"href":"https:\/\/e.kosmolat.eu\/lt\/wp-json\/wp\/v2\/media\/88882"}],"wp:attachment":[{"href":"https:\/\/e.kosmolat.eu\/lt\/wp-json\/wp\/v2\/media?parent=30835"}],"wp:term":[{"taxonomy":"product_cat","embeddable":true,"href":"https:\/\/e.kosmolat.eu\/lt\/wp-json\/wp\/v2\/product_cat?post=30835"},{"taxonomy":"product_tag","embeddable":true,"href":"https:\/\/e.kosmolat.eu\/lt\/wp-json\/wp\/v2\/product_tag?post=30835"}],"curies":[{"name":"wp","href":"https:\/\/api.w.org\/{rel}","templated":true}]}}