{"id":30811,"date":"2023-12-19T21:24:58","date_gmt":"2023-12-19T21:24:58","guid":{"rendered":"https:\/\/e.kosmolat.eu\/product\/matu-spradze-zieds-melna\/"},"modified":"2025-09-20T00:55:27","modified_gmt":"2025-09-20T00:55:27","slug":"matu-spradze-zieds-melna","status":"publish","type":"product","link":"https:\/\/e.kosmolat.eu\/lt\/produktas\/matu-spradze-zieds-melna\/","title":{"rendered":"DONGAL Plauk\u0173 segtukas G\u0117l\u0117, juoda, FA-5831"},"content":{"rendered":"","protected":false},"excerpt":{"rendered":"","protected":false},"featured_media":78176,"template":"","meta":[],"product_cat":[1817],"product_tag":[],"class_list":{"0":"post-30811","1":"product","2":"type-product","3":"status-publish","4":"has-post-thumbnail","6":"product_brand-donegal-sp-zo-o-_pl-lt","7":"product_cat-plauku-aksesuarai-higienos-prekes-ir-priedai","9":"first","10":"outofstock","11":"taxable","12":"shipping-taxable","13":"product-type-simple"},"_links":{"self":[{"href":"https:\/\/e.kosmolat.eu\/lt\/wp-json\/wp\/v2\/product\/30811","targetHints":{"allow":["GET"]}}],"collection":[{"href":"https:\/\/e.kosmolat.eu\/lt\/wp-json\/wp\/v2\/product"}],"about":[{"href":"https:\/\/e.kosmolat.eu\/lt\/wp-json\/wp\/v2\/types\/product"}],"wp:featuredmedia":[{"embeddable":true,"href":"https:\/\/e.kosmolat.eu\/lt\/wp-json\/wp\/v2\/media\/78176"}],"wp:attachment":[{"href":"https:\/\/e.kosmolat.eu\/lt\/wp-json\/wp\/v2\/media?parent=30811"}],"wp:term":[{"taxonomy":"product_cat","embeddable":true,"href":"https:\/\/e.kosmolat.eu\/lt\/wp-json\/wp\/v2\/product_cat?post=30811"},{"taxonomy":"product_tag","embeddable":true,"href":"https:\/\/e.kosmolat.eu\/lt\/wp-json\/wp\/v2\/product_tag?post=30811"}],"curies":[{"name":"wp","href":"https:\/\/api.w.org\/{rel}","templated":true}]}}