{"id":30795,"date":"2023-12-19T21:23:15","date_gmt":"2023-12-19T21:23:15","guid":{"rendered":"https:\/\/e.kosmolat.eu\/product\/bioworld-goji-fit-matu-sampuns-rekonstruktors-490-ml\/"},"modified":"2025-09-20T00:56:17","modified_gmt":"2025-09-20T00:56:17","slug":"bioworld-goji-fit-matu-sampuns-rekonstruktors-490-ml","status":"publish","type":"product","link":"https:\/\/e.kosmolat.eu\/lt\/produktas\/bioworld-goji-fit-matu-sampuns-rekonstruktors-490-ml\/","title":{"rendered":"BIO WORLD Goji Fit \u0160amp\u016bnas plauk\u0173 rekonstrukcijai, 490 ml"},"content":{"rendered":"<p>&Scaron;velnus &scaron;amp\u016bnas pa\u017eeistiems plaukams atkuria j\u0173 strukt\u016br\u0105, saugo nuo aplinkos poveikio, ma\u017eina plauk\u0173 l\u016b\u017ein\u0117jim\u0105 &scaron;ukuojant.<\/p>\n<ul>\n<li>Aktyvus Crodabond kompleksas &bdquo;suklijuoja&ldquo; ir &bdquo;sandarina&ldquo; pa\u017eeistas plauk\u0173 odeles, atkuria i&scaron;si&scaron;akojusius galiukus, glotnina plaukus ir suteikia jiems \u017evilgesio, apsaugo nuo spalvos praradimo.<\/li>\n<li>Vitamin\u0173 kompleksas Beauplex VH &#8211; prisotina plaukus vitaminais, papildo j\u0173 nat\u016bral\u0173 stiprum\u0105 ir gro\u017e\u012f, padidina plauk\u0173 tankum\u0105.<\/li>\n<li>Goji uog\u0173 ekstraktas stiprina plauk\u0173 folikulus, gerina galvos odos kraujotak\u0105, apsaugo nuo \u017eil\u0173 ir l\u016b\u017ein\u0117jan\u010di\u0173 plauk\u0173 atsiradimo.<\/li>\n<\/ul>\n<p>D\u0117l didelio mineral\u0173 kiekio plaukai tampa elastingesni, apsaugoti nuo agresyvaus aplinkos poveikio.<\/p>\n<p><strong>Naudojimas:<\/strong> paskirstykite ant dr\u0117gn\u0173 plauk\u0173, tolygiai paskirstykite masa\u017euojamaisiais judesiais, tada nuplaukite vandeniu.<br \/>\n&nbsp;<\/p>\n","protected":false},"excerpt":{"rendered":"<p>&Scaron;velnus &scaron;amp\u016bnas pa\u017eeistiems plaukams atkuria j\u0173 strukt\u016br\u0105, saugo nuo aplinkos poveikio, ma\u017eina plauk\u0173 l\u016b\u017ein\u0117jim\u0105 &scaron;ukuojant. Aktyvus Crodabond kompleksas &bdquo;suklijuoja&ldquo; ir &bdquo;sandarina&ldquo; pa\u017eeistas plauk\u0173 odeles, atkuria i&scaron;si&scaron;akojusius galiukus, glotnina plaukus ir suteikia jiems \u017evilgesio, apsaugo nuo spalvos praradimo. Vitamin\u0173 kompleksas Beauplex VH &#8211; prisotina plaukus vitaminais, papildo j\u0173 nat\u016bral\u0173 stiprum\u0105 ir gro\u017e\u012f, padidina plauk\u0173 tankum\u0105. Goji [&#8230;]\n","protected":false},"featured_media":88474,"template":"","meta":[],"product_cat":[1251],"product_tag":[],"class_list":{"0":"post-30795","1":"product","2":"type-product","3":"status-publish","4":"has-post-thumbnail","6":"product_brand-matbea_sivis_by-lt","7":"product_cat-sampunai","9":"first","10":"outofstock","11":"taxable","12":"shipping-taxable","13":"product-type-simple"},"_links":{"self":[{"href":"https:\/\/e.kosmolat.eu\/lt\/wp-json\/wp\/v2\/product\/30795","targetHints":{"allow":["GET"]}}],"collection":[{"href":"https:\/\/e.kosmolat.eu\/lt\/wp-json\/wp\/v2\/product"}],"about":[{"href":"https:\/\/e.kosmolat.eu\/lt\/wp-json\/wp\/v2\/types\/product"}],"wp:featuredmedia":[{"embeddable":true,"href":"https:\/\/e.kosmolat.eu\/lt\/wp-json\/wp\/v2\/media\/88474"}],"wp:attachment":[{"href":"https:\/\/e.kosmolat.eu\/lt\/wp-json\/wp\/v2\/media?parent=30795"}],"wp:term":[{"taxonomy":"product_cat","embeddable":true,"href":"https:\/\/e.kosmolat.eu\/lt\/wp-json\/wp\/v2\/product_cat?post=30795"},{"taxonomy":"product_tag","embeddable":true,"href":"https:\/\/e.kosmolat.eu\/lt\/wp-json\/wp\/v2\/product_tag?post=30795"}],"curies":[{"name":"wp","href":"https:\/\/api.w.org\/{rel}","templated":true}]}}