{"id":30775,"date":"2023-12-19T21:21:31","date_gmt":"2023-12-19T21:21:31","guid":{"rendered":"https:\/\/e.kosmolat.eu\/product\/cistjuna-univers-mazg-lidzeklis-saimn-ziepes-1-l\/"},"modified":"2026-04-16T07:00:56","modified_gmt":"2026-04-16T07:00:56","slug":"cistjuna-univers-mazg-lidzeklis-saimn-ziepes-1-l","status":"publish","type":"product","link":"https:\/\/e.kosmolat.eu\/lt\/produktas\/cistjuna-univers-mazg-lidzeklis-saimn-ziepes-1-l\/","title":{"rendered":"\u010cISTIUNIA Universalus ploviklis Skalbimo muilas, 1 l"},"content":{"rendered":"<p>Skystas skalbini\u0173 muilas &ndash; tai produktas, savo savyb\u0117mis artimas nuo vaikyst\u0117s pa\u017e\u012fstamam skalbini\u0173 muilo gabal\u0117liui. Veiksmingai valo labai suteptus pavir&scaron;ius (duris, grindis, kriaukles, plyteles, virtuv\u0117s reikmenis ir kt.). Tinka skalbti rankomis ir ma&scaron;ina.<\/p>\n<p><strong>Naudojimas: <\/strong>ekonomi&scaron;kam valymui i&scaron;tirpinkite 5 ml produkto 1 litre &scaron;ilto vandens. Skalbimui rankomis i&scaron;tirpinkite 50 ml produkto (plovimui kietame vandenyje &#8211; 75 ml) 5-6 litrais &scaron;ilto vandens. Mirkykite produkt\u0105 10-15 minu\u010di\u0173, tada skalbkite. Skalbimui ma&scaron;ina atskieskite 100 ml produkto (skalbimui kietame vandenyje &#8211; 120 ml) 4-5 kg skalbini\u0173. U\u017e&scaron;alus, atitirpinant produktas nepraranda savo savybi\u0173.<\/p>\n<p><strong>Atsargumo priemon\u0117s: <\/strong>Laikyti vaikams ir naminiams gyv\u016bn\u0117liams nepasiekiamoje vietoje. Vengti patekimo \u012f akis. Patekus \u012f akis, praplauti vandeniu. Galimas padid\u0117j\u0119s individualus jautrumas atskiriems komponentams. Rekomenduojama dirbti su gumin\u0117mis pir&scaron;tin\u0117mis. Neapdorokite pavir&scaron;i\u0173 su nestabiliomis dangomis. Saugoti nuo tiesiogini\u0173 saul\u0117s spinduli\u0173. Panaudoj\u0119 gamin\u012f, pakuot\u0119 i&scaron;meskite kaip buitines atliekas.<\/p>\n<p><strong>Sud\u0117tis: <\/strong>ma\u017eiau kaip 5 % muilas, ma\u017eiau kaip, 5 % anijonini\u0173 &nbsp;aktyvi\u0173j\u0173 pavir&scaron;inio med\u017eiagos. Kvapai. Konservavimo med\u017eiaga: Benzisothiazolinone\/ Methylisothiazolinone. Da\u017eai.<\/p>\n<p>&nbsp;<\/p>\n<p><strong><img decoding=\"async\" alt=\"\" src=\"https:\/\/www.reach-compliance.ch\/images\/exclam1cols3.jpg\" style=\"height:40px; width:40px\" \/>GHS07 Atsargiai<\/strong><br \/>\nH317 Gali sukelti alergin\u0119 odos reakcij\u0105.<br \/>\nH319 Sukelia smark\u0173 aki\u0173 dirginim\u0105.<br \/>\nP102 Laikyti vaikams neprieinamoje vietoje<br \/>\nP264 Po naudojimo kruop&scaron;\u010diai nuplaukite rankas<br \/>\nP280 M\u016bv\u0117ti apsaugines pir&scaron;tines\/ naudoti aki\u0173 (veido) apsaugos priemones.<br \/>\nP305+P351+P338 Patekus \u012f akis: Kelias minutes atsargiai plauti vandeniu. I&scaron;imti kontaktinius l\u0119&scaron;ius, jeigu jie yra ir jeigu lengvai galima tai padaryti. Toliau plauti akis.<br \/>\nP337+P313 Jei aki\u0173 dirginimas nepraeina: kreiptis \u012f gydytoj\u0105.<br \/>\nP302+P352 Patekus ant odos: Nuplauti dideliu kiekiu muilo ir vandens<br \/>\nP333+P313 Jeigu sudirginama oda arba j\u0105 i&scaron;beria: kreiptis \u012f gydytoj\u0105.<br \/>\nP501 Turin\u012f\/talpykl\u0105 i&scaron;pilti (i&scaron;mesti) &#8211; sunaudot\u0105 pakuot\u0117 utilizuoti kaip buitines atliekas.<br \/>\n&nbsp;<\/p>\n","protected":false},"excerpt":{"rendered":"<p>Skystas skalbini\u0173 muilas &ndash; tai produktas, savo savyb\u0117mis artimas nuo vaikyst\u0117s pa\u017e\u012fstamam skalbini\u0173 muilo gabal\u0117liui. Veiksmingai valo labai suteptus pavir&scaron;ius (duris, grindis, kriaukles, plyteles, virtuv\u0117s reikmenis ir kt.). Tinka skalbti rankomis ir ma&scaron;ina. Naudojimas: ekonomi&scaron;kam valymui i&scaron;tirpinkite 5 ml produkto 1 litre &scaron;ilto vandens. Skalbimui rankomis i&scaron;tirpinkite 50 ml produkto (plovimui kietame vandenyje &#8211; 75 [&#8230;]\n","protected":false},"featured_media":88910,"template":"","meta":[],"product_cat":[2181],"product_tag":[],"class_list":{"0":"post-30775","1":"product","2":"type-product","3":"status-publish","4":"has-post-thumbnail","6":"product_brand-elfa_ua-lt","7":"product_cat-bez-kategorijas-lt","9":"first","10":"outofstock","11":"taxable","12":"shipping-taxable","13":"product-type-simple"},"_links":{"self":[{"href":"https:\/\/e.kosmolat.eu\/lt\/wp-json\/wp\/v2\/product\/30775","targetHints":{"allow":["GET"]}}],"collection":[{"href":"https:\/\/e.kosmolat.eu\/lt\/wp-json\/wp\/v2\/product"}],"about":[{"href":"https:\/\/e.kosmolat.eu\/lt\/wp-json\/wp\/v2\/types\/product"}],"wp:featuredmedia":[{"embeddable":true,"href":"https:\/\/e.kosmolat.eu\/lt\/wp-json\/wp\/v2\/media\/88910"}],"wp:attachment":[{"href":"https:\/\/e.kosmolat.eu\/lt\/wp-json\/wp\/v2\/media?parent=30775"}],"wp:term":[{"taxonomy":"product_cat","embeddable":true,"href":"https:\/\/e.kosmolat.eu\/lt\/wp-json\/wp\/v2\/product_cat?post=30775"},{"taxonomy":"product_tag","embeddable":true,"href":"https:\/\/e.kosmolat.eu\/lt\/wp-json\/wp\/v2\/product_tag?post=30775"}],"curies":[{"name":"wp","href":"https:\/\/api.w.org\/{rel}","templated":true}]}}