{"id":30771,"date":"2023-12-19T21:21:07","date_gmt":"2023-12-19T21:21:07","guid":{"rendered":"https:\/\/e.kosmolat.eu\/product\/cistjuna-atras-iedarbibas-pretpelejuma-lidzeklis-500-ml\/"},"modified":"2026-04-16T12:34:33","modified_gmt":"2026-04-16T12:34:33","slug":"cistjuna-atras-iedarbibas-pretpelejuma-lidzeklis-500-ml","status":"publish","type":"product","link":"https:\/\/e.kosmolat.eu\/lt\/produktas\/cistjuna-atras-iedarbibas-pretpelejuma-lidzeklis-500-ml\/","title":{"rendered":"\u010cISTIUNIA Greito veikimo priemon\u0117 nuo pel\u0117sio, 500 ml"},"content":{"rendered":"<p>Veiksmingai pa&scaron;alina pel\u0117s\u012f, ne&scaron;varumus, muilo liku\u010dius i&scaron; voni\u0173, kriaukli\u0173, unitaz\u0173. Naikina bakterijas, grybelius, pa&scaron;alina ne&scaron;varumus nuo si\u016bli\u0173 ir sud\u016brim\u0173, pa&scaron;alina juod\u0105sias apna&scaron;as.<\/p>\n<p><strong>Naudojimo b\u016bdas:<\/strong> Prie&scaron; naudojim\u0105 patikrinkite spalvos ar dangos atsparum\u0105 priemonei ant nepastebimoje &nbsp;pavir&scaron;iaus vietoje. U\u017etikrinkite ger\u0105 v\u0117dinim\u0105 patalpoje. Nustatykite pur&scaron;kikl\u012f \u012f darbin\u0119 pad\u0117t\u012f. U\u017epurk&scaron;kite gamin\u012f ant pel\u0117sio d\u0117m\u0117s ar ne&scaron;varum\u0173. Palikite kelet\u0105 minu\u010di\u0173, gerai patrinkite kempine ir nuplaukite dideliu kiekiu vandens. Norint pa&scaron;alinti senas d\u0117mes, proced\u016br\u0105 rekomenduojama kartoti. Po naudojimo nuplaukite purk&scaron;tuv\u0105 vandeniu ir nustatykite \u012f nedarbin\u0119 pad\u0117t\u012f.<\/p>\n<p><strong>Atsargumo priemon\u0117s: <\/strong>Nenaudokite ant metalini\u0173 pavir&scaron;i\u0173 su aukso, chromo arba emalio apdaila. Venkite kontakto su audiniu, kilimais, apmu&scaron;alais, baldais. I&scaron;siliejus pavir&scaron;i\u0173 nuplaukite vandeniu. Panaudoj\u0119 produkt\u0105 nusiplaukite rankas.<br \/>\nLaikyti v\u0117sioje vietoje vertikalioje pad\u0117tyje, toliau nuo maisto produkt\u0173. Saugoti nuo tiesiogini\u0173 saul\u0117s spinduli\u0173. Nemai&scaron;yti su kitais produktais, kad nesusidaryt\u0173 pavojingos dujos (chloras). Panaudoj\u0119 gamin\u012f, pakuot\u0119 i&scaron;meskite kaip buitines atliekas.<\/p>\n<p><strong>Sud\u0117tis: <\/strong>ma\u017eiau kaip 5 % anijonini\u0173 &nbsp;aktyvi\u0173j\u0173 pavir&scaron;iaus med\u017eiagos, ma\u017eiau kaip 5 % &nbsp;nejonini\u0173 &nbsp;aktyvi\u0173j\u0173 pavir&scaron;inio med\u017eiagos, 5 % arba daugiau, ma\u017eiau kaip 5 % &nbsp;chloro pagrindo balinimo priemoni\u0173. Kvapai.<\/p>\n<p>&nbsp;<\/p>\n<p><strong><img decoding=\"async\" alt=\"\" src=\"https:\/\/www.reach-compliance.ch\/images\/acid1cols3.jpg\" style=\"height:40px; width:40px\" \/>GHS05 &nbsp; &nbsp;<img decoding=\"async\" alt=\"\" src=\"https:\/\/www.reach-compliance.ch\/images\/pollut1cols3.jpg\" style=\"height:40px; width:40px\" \/>GHS09 Pavojinga<\/strong><br \/>\nH290 Gali \u0117sdinti metalus<br \/>\nH314 Smarkiai nudegina od\u0105 ir pa\u017eeid\u017eia akis.<br \/>\nH410 Labai toksi&scaron;ka vandens organizmams, sukelia ilgalaikius pakitimus.<br \/>\nEUH 031 Kontaktuodama su r\u016bg&scaron;timis i&scaron;skiria toksi&scaron;kas dujas.<br \/>\nEUH 206 Atsargiai! Nenaudoti kartu su kitais produktais. Gali i&scaron;skirti pavojingas dujas (chlor\u0105).<\/p>\n<p>P102 Laikyti vaikams neprieinamoje vietoje<br \/>\nP234 Laikyti tik originalioje pakuot\u0117je.<br \/>\nP260 Ne\u012fkv\u0117pti dulki\u0173 aerozolio.<br \/>\nP264 Po naudojimo kruop&scaron;\u010diai nuplaukite rankas<br \/>\nP273 Saugoti, kad nepatekt\u0173 \u012f aplink\u0105.<br \/>\nP280 M\u016bv\u0117ti apsaugines pir&scaron;tines\/naudoti aki\u0173 (veido) apsaugos priemones.<br \/>\nP305+P351+P338 Patekus \u012f akis: Kelias minutes atsargiai plauti vandeniu. I&scaron;imti kontaktinius l\u0119&scaron;ius, jeigu jie yra ir jeigu lengvai galima tai padaryti. Toliau plauti akis.<br \/>\nP301+P330+P331 Prarijus: i&scaron;skalauti burn\u0105. Neskatinti v\u0117mimo.<br \/>\nP303+P361+P353 Patekus ant odos (arba plauk\u0173): nedelsiant nuvilkti visus u\u017eter&scaron;tus drabu\u017eius. Od\u0105 nuplauti vandeniu [arba \u010diurk&scaron;le].<br \/>\nP304+P340 \u012ekv\u0117pus: i&scaron;ne&scaron;ti nukent\u0117jus\u012fj\u012f \u012f gryn\u0105 or\u0105; jam b\u016btina patogi pad\u0117tis, leid\u017eianti laisvai kv\u0117puoti.<br \/>\nP310 Nedelsiant skambinti \u012f apsinuodijim\u0173 kontrol\u0117s ir informacijos biur\u0105 arba kreiptis \u012f gydytoj\u0105<br \/>\nP321 Specialus gydymas (\u017er. &scaron;ioje etiket\u0117je).<br \/>\nP391 Surinkti i&scaron;tek\u0117jusi\u0105 med\u017eiag\u0105.<br \/>\nP405 Laikyti u\u017erakint\u0105.<br \/>\nP501 Turin\u012f\/talpykl\u0105 i&scaron;pilti (i&scaron;mesti) &#8211; sunaudot\u0105 &nbsp;pakuot\u0117 utilizuoti &nbsp;kaip buitines atliekas.<br \/>\n&nbsp;<\/p>\n","protected":false},"excerpt":{"rendered":"<p>Veiksmingai pa&scaron;alina pel\u0117s\u012f, ne&scaron;varumus, muilo liku\u010dius i&scaron; voni\u0173, kriaukli\u0173, unitaz\u0173. Naikina bakterijas, grybelius, pa&scaron;alina ne&scaron;varumus nuo si\u016bli\u0173 ir sud\u016brim\u0173, pa&scaron;alina juod\u0105sias apna&scaron;as. Naudojimo b\u016bdas: Prie&scaron; naudojim\u0105 patikrinkite spalvos ar dangos atsparum\u0105 priemonei ant nepastebimoje &nbsp;pavir&scaron;iaus vietoje. U\u017etikrinkite ger\u0105 v\u0117dinim\u0105 patalpoje. Nustatykite pur&scaron;kikl\u012f \u012f darbin\u0119 pad\u0117t\u012f. U\u017epurk&scaron;kite gamin\u012f ant pel\u0117sio d\u0117m\u0117s ar ne&scaron;varum\u0173. Palikite kelet\u0105 minu\u010di\u0173, [&#8230;]\n","protected":false},"featured_media":88398,"template":"","meta":[],"product_cat":[1453],"product_tag":[],"class_list":{"0":"post-30771","1":"product","2":"type-product","3":"status-publish","4":"has-post-thumbnail","6":"product_brand-elfa_ua-lt","7":"product_cat-vonios-kambariui-ir-tualetui","9":"first","10":"outofstock","11":"taxable","12":"shipping-taxable","13":"product-type-simple"},"_links":{"self":[{"href":"https:\/\/e.kosmolat.eu\/lt\/wp-json\/wp\/v2\/product\/30771","targetHints":{"allow":["GET"]}}],"collection":[{"href":"https:\/\/e.kosmolat.eu\/lt\/wp-json\/wp\/v2\/product"}],"about":[{"href":"https:\/\/e.kosmolat.eu\/lt\/wp-json\/wp\/v2\/types\/product"}],"wp:featuredmedia":[{"embeddable":true,"href":"https:\/\/e.kosmolat.eu\/lt\/wp-json\/wp\/v2\/media\/88398"}],"wp:attachment":[{"href":"https:\/\/e.kosmolat.eu\/lt\/wp-json\/wp\/v2\/media?parent=30771"}],"wp:term":[{"taxonomy":"product_cat","embeddable":true,"href":"https:\/\/e.kosmolat.eu\/lt\/wp-json\/wp\/v2\/product_cat?post=30771"},{"taxonomy":"product_tag","embeddable":true,"href":"https:\/\/e.kosmolat.eu\/lt\/wp-json\/wp\/v2\/product_tag?post=30771"}],"curies":[{"name":"wp","href":"https:\/\/api.w.org\/{rel}","templated":true}]}}