{"id":30747,"date":"2023-12-19T21:19:14","date_gmt":"2023-12-19T21:19:14","guid":{"rendered":"https:\/\/e.kosmolat.eu\/product\/viorica-vie-atjaunojoss-kermena-krems-200-ml\/"},"modified":"2026-04-13T13:17:14","modified_gmt":"2026-04-13T13:17:14","slug":"viorica-vie-atjaunojoss-kermena-krems-200-ml","status":"publish","type":"product","link":"https:\/\/e.kosmolat.eu\/lt\/produktas\/viorica-vie-atjaunojoss-kermena-krems-200-ml\/","title":{"rendered":"VIORICA VIE Jauninamasis k\u016bno kremas, 200 ml"},"content":{"rendered":"<p>Viephenol&trade; suteikia odos l\u0105stel\u0117ms galing\u0105 antioksidacin\u0119 apsaug\u0105 ir skatina j\u0173 atsinaujinim\u0105. Vynuogi\u0173 kauliuk\u0173 aliejus ir taukmed\u017ei\u0173 sviestas dr\u0117kina, giliai maitina ir gerina odos elastingum\u0105.&nbsp;<\/p>\n<p><strong>Naudojimas: <\/strong>tepkite krem\u0105, ypating\u0105 d\u0117mes\u012f skirdami i&scaron;saus\u0117jusioms k\u016bno vietoms. Nor\u0117dami gauti maksimal\u0173 efekt\u0105, naudokite i&scaron;kart po du&scaron;o ar vonios.<\/p>\n<p>Laikyti t&deg; nuo +5&deg;\u0421 iki +25&deg;\u0421, saugoti nuo tiesiogini\u0173 saul\u0117s spinduli\u0173.&nbsp;<br \/>\n&nbsp;<\/p>\n","protected":false},"excerpt":{"rendered":"<p>Viephenol&trade; suteikia odos l\u0105stel\u0117ms galing\u0105 antioksidacin\u0119 apsaug\u0105 ir skatina j\u0173 atsinaujinim\u0105. Vynuogi\u0173 kauliuk\u0173 aliejus ir taukmed\u017ei\u0173 sviestas dr\u0117kina, giliai maitina ir gerina odos elastingum\u0105.&nbsp; Naudojimas: tepkite krem\u0105, ypating\u0105 d\u0117mes\u012f skirdami i&scaron;saus\u0117jusioms k\u016bno vietoms. Nor\u0117dami gauti maksimal\u0173 efekt\u0105, naudokite i&scaron;kart po du&scaron;o ar vonios. Laikyti t&deg; nuo +5&deg;\u0421 iki +25&deg;\u0421, saugoti nuo tiesiogini\u0173 saul\u0117s spinduli\u0173.&nbsp; &nbsp;<\/p>\n","protected":false},"featured_media":88370,"template":"","meta":[],"product_cat":[2181],"product_tag":[],"class_list":{"0":"post-30747","1":"product","2":"type-product","3":"status-publish","4":"has-post-thumbnail","6":"product_brand-viorica-cosmeplant_bg-lt","7":"product_cat-bez-kategorijas-lt","9":"first","10":"outofstock","11":"taxable","12":"shipping-taxable","13":"product-type-simple"},"_links":{"self":[{"href":"https:\/\/e.kosmolat.eu\/lt\/wp-json\/wp\/v2\/product\/30747","targetHints":{"allow":["GET"]}}],"collection":[{"href":"https:\/\/e.kosmolat.eu\/lt\/wp-json\/wp\/v2\/product"}],"about":[{"href":"https:\/\/e.kosmolat.eu\/lt\/wp-json\/wp\/v2\/types\/product"}],"wp:featuredmedia":[{"embeddable":true,"href":"https:\/\/e.kosmolat.eu\/lt\/wp-json\/wp\/v2\/media\/88370"}],"wp:attachment":[{"href":"https:\/\/e.kosmolat.eu\/lt\/wp-json\/wp\/v2\/media?parent=30747"}],"wp:term":[{"taxonomy":"product_cat","embeddable":true,"href":"https:\/\/e.kosmolat.eu\/lt\/wp-json\/wp\/v2\/product_cat?post=30747"},{"taxonomy":"product_tag","embeddable":true,"href":"https:\/\/e.kosmolat.eu\/lt\/wp-json\/wp\/v2\/product_tag?post=30747"}],"curies":[{"name":"wp","href":"https:\/\/api.w.org\/{rel}","templated":true}]}}