{"id":30743,"date":"2023-12-19T21:18:55","date_gmt":"2023-12-19T21:18:55","guid":{"rendered":"https:\/\/e.kosmolat.eu\/product\/viorica-originals-ipasi-barojoss-krems-5-ellas-200-ml\/"},"modified":"2025-09-20T00:49:29","modified_gmt":"2025-09-20T00:49:29","slug":"viorica-originals-ipasi-barojoss-krems-5-ellas-200-ml","status":"publish","type":"product","link":"https:\/\/e.kosmolat.eu\/lt\/produktas\/viorica-originals-ipasi-barojoss-krems-5-ellas-200-ml\/","title":{"rendered":"VIORICA Original super maitinamasis kremas &#8220;5 aliejai&#8221;, 200 ml"},"content":{"rendered":"<p>Didel\u0117 koncentracija ir penki\u0173 unikali\u0173 aliej\u0173 &ndash; taukmed\u017ei\u0173, kokos\u0173, alyvuogi\u0173, sezam\u0173 ir levand\u0173 &ndash; derinys yra puikus sprendimas sausai ir dehidratuotai odai. Kremas intensyviai maitina, dr\u0117kina ir atkuria epidermio barjer\u0105.<\/p>\n<p><strong>Naudojimas:<\/strong> tepkite krem\u0105, ypating\u0105 d\u0117mes\u012f skirdami i&scaron;saus\u0117jusioms k\u016bno vietoms. Nor\u0117dami gauti geriausius rezultatus, naudokite i&scaron; karto po du&scaron;o ar vonios.<\/p>\n<p>Laikyti t&deg; nuo +5&deg;\u0421 iki +25&deg;\u0421, saugoti nuo tiesiogini\u0173 saul\u0117s spinduli\u0173.&nbsp;<br \/>\n&nbsp;<\/p>\n","protected":false},"excerpt":{"rendered":"<p>Didel\u0117 koncentracija ir penki\u0173 unikali\u0173 aliej\u0173 &ndash; taukmed\u017ei\u0173, kokos\u0173, alyvuogi\u0173, sezam\u0173 ir levand\u0173 &ndash; derinys yra puikus sprendimas sausai ir dehidratuotai odai. Kremas intensyviai maitina, dr\u0117kina ir atkuria epidermio barjer\u0105. Naudojimas: tepkite krem\u0105, ypating\u0105 d\u0117mes\u012f skirdami i&scaron;saus\u0117jusioms k\u016bno vietoms. Nor\u0117dami gauti geriausius rezultatus, naudokite i&scaron; karto po du&scaron;o ar vonios. Laikyti t&deg; nuo +5&deg;\u0421 iki [&#8230;]\n","protected":false},"featured_media":88366,"template":"","meta":[],"product_cat":[1390],"product_tag":[],"class_list":{"0":"post-30743","1":"product","2":"type-product","3":"status-publish","4":"has-post-thumbnail","6":"product_brand-viorica-cosmeplant_bg-lt","7":"product_cat-kremai-aliejai-kuno-pienelis","9":"first","10":"outofstock","11":"taxable","12":"shipping-taxable","13":"product-type-simple"},"_links":{"self":[{"href":"https:\/\/e.kosmolat.eu\/lt\/wp-json\/wp\/v2\/product\/30743","targetHints":{"allow":["GET"]}}],"collection":[{"href":"https:\/\/e.kosmolat.eu\/lt\/wp-json\/wp\/v2\/product"}],"about":[{"href":"https:\/\/e.kosmolat.eu\/lt\/wp-json\/wp\/v2\/types\/product"}],"wp:featuredmedia":[{"embeddable":true,"href":"https:\/\/e.kosmolat.eu\/lt\/wp-json\/wp\/v2\/media\/88366"}],"wp:attachment":[{"href":"https:\/\/e.kosmolat.eu\/lt\/wp-json\/wp\/v2\/media?parent=30743"}],"wp:term":[{"taxonomy":"product_cat","embeddable":true,"href":"https:\/\/e.kosmolat.eu\/lt\/wp-json\/wp\/v2\/product_cat?post=30743"},{"taxonomy":"product_tag","embeddable":true,"href":"https:\/\/e.kosmolat.eu\/lt\/wp-json\/wp\/v2\/product_tag?post=30743"}],"curies":[{"name":"wp","href":"https:\/\/api.w.org\/{rel}","templated":true}]}}