{"id":30739,"date":"2023-12-19T21:18:33","date_gmt":"2023-12-19T21:18:33","guid":{"rendered":"https:\/\/e.kosmolat.eu\/product\/viorica-barojoss-kermena-pienins-250-ml\/"},"modified":"2026-04-10T06:02:14","modified_gmt":"2026-04-10T06:02:14","slug":"viorica-barojoss-kermena-pienins-250-ml","status":"publish","type":"product","link":"https:\/\/e.kosmolat.eu\/lt\/produktas\/viorica-barojoss-kermena-pienins-250-ml\/","title":{"rendered":"VIORICA Maitinamasis k\u016bno pienas, 250 ml"},"content":{"rendered":"<p>Itin lengvas skystis su prabangia tekst\u016bra ir maloniu migdol\u0173 \u017eied\u0173 kvapu. Migdol\u0173 aliejus intensyviai maitina ir gerina elastingum\u0105, tod\u0117l oda tampa &scaron;velni ir gerai pri\u017ei\u016brima.&nbsp;<\/p>\n<p><strong>Naudojimas:<\/strong> i&scaron;tepkite pienu, ypating\u0105 d\u0117mes\u012f skirdami sausoms k\u016bno vietoms. Nor\u0117dami gauti maksimal\u0173 efekt\u0105, naudokite i&scaron;kart po du&scaron;o ar vonios.<\/p>\n<p>Laikyti t&deg; nuo +5&deg;\u0421 iki +25&deg;\u0421, saugoti nuo tiesiogini\u0173 saul\u0117s spinduli\u0173.&nbsp;<br \/>\n&nbsp;<\/p>\n","protected":false},"excerpt":{"rendered":"<p>Itin lengvas skystis su prabangia tekst\u016bra ir maloniu migdol\u0173 \u017eied\u0173 kvapu. Migdol\u0173 aliejus intensyviai maitina ir gerina elastingum\u0105, tod\u0117l oda tampa &scaron;velni ir gerai pri\u017ei\u016brima.&nbsp; Naudojimas: i&scaron;tepkite pienu, ypating\u0105 d\u0117mes\u012f skirdami sausoms k\u016bno vietoms. Nor\u0117dami gauti maksimal\u0173 efekt\u0105, naudokite i&scaron;kart po du&scaron;o ar vonios. Laikyti t&deg; nuo +5&deg;\u0421 iki +25&deg;\u0421, saugoti nuo tiesiogini\u0173 saul\u0117s spinduli\u0173.&nbsp; [&#8230;]\n","protected":false},"featured_media":88362,"template":"","meta":[],"product_cat":[1390],"product_tag":[],"class_list":{"0":"post-30739","1":"product","2":"type-product","3":"status-publish","4":"has-post-thumbnail","6":"product_brand-viorica-cosmeplant_bg-lt","7":"product_cat-kremai-aliejai-kuno-pienelis","9":"first","10":"instock","11":"taxable","12":"shipping-taxable","13":"product-type-simple"},"_links":{"self":[{"href":"https:\/\/e.kosmolat.eu\/lt\/wp-json\/wp\/v2\/product\/30739","targetHints":{"allow":["GET"]}}],"collection":[{"href":"https:\/\/e.kosmolat.eu\/lt\/wp-json\/wp\/v2\/product"}],"about":[{"href":"https:\/\/e.kosmolat.eu\/lt\/wp-json\/wp\/v2\/types\/product"}],"wp:featuredmedia":[{"embeddable":true,"href":"https:\/\/e.kosmolat.eu\/lt\/wp-json\/wp\/v2\/media\/88362"}],"wp:attachment":[{"href":"https:\/\/e.kosmolat.eu\/lt\/wp-json\/wp\/v2\/media?parent=30739"}],"wp:term":[{"taxonomy":"product_cat","embeddable":true,"href":"https:\/\/e.kosmolat.eu\/lt\/wp-json\/wp\/v2\/product_cat?post=30739"},{"taxonomy":"product_tag","embeddable":true,"href":"https:\/\/e.kosmolat.eu\/lt\/wp-json\/wp\/v2\/product_tag?post=30739"}],"curies":[{"name":"wp","href":"https:\/\/api.w.org\/{rel}","templated":true}]}}