{"id":30731,"date":"2023-12-19T21:17:51","date_gmt":"2023-12-19T21:17:51","guid":{"rendered":"https:\/\/e.kosmolat.eu\/product\/viorica-salvijas-eteriska-ella-10-ml\/"},"modified":"2026-04-11T18:42:31","modified_gmt":"2026-04-11T18:42:31","slug":"viorica-salvijas-eteriska-ella-10-ml","status":"publish","type":"product","link":"https:\/\/e.kosmolat.eu\/lt\/produktas\/viorica-salvijas-eteriska-ella-10-ml\/","title":{"rendered":"VIORICA \u0160alavij\u0173 eterinis aliejus, 10 ml"},"content":{"rendered":"<p><strong>Naudojimas:<\/strong><\/p>\n<ul>\n<li><strong>Masa\u017eo proced\u016br\u0173 metu: <\/strong>1-2 la&scaron;ai 10 ml masa\u017eo aliejaus.<\/li>\n<li><strong>Oro aromatizavimui:<\/strong> \u012f aromatin\u0117s lempos vanden\u012f \u012fla&scaron;inkite 4-6 la&scaron;us eterinio aliejaus (15 m2 patalpos).<\/li>\n<\/ul>\n<p>Laikyti sandariai u\u017edarytame buteliuke nuo +5 &deg;C iki +25 &deg;C temperat\u016broje. Nelaikykite tiesioginiuose saul\u0117s spinduliuose.<\/p>\n<p><strong>Sud\u0117tis(INCI):&nbsp;<\/strong>Salvia Sclarea Oil.<\/p>\n<p>&nbsp;<\/p>\n<p><strong><img decoding=\"async\" alt=\"\" src=\"file:\/\/\/C:\/Users\/masha\/Desktop\/GHS05.jpg\" style=\"height:40px; width:40px\" \/>GHS05&nbsp;<img decoding=\"async\" alt=\"\" src=\"file:\/\/\/C:\/Users\/masha\/Desktop\/GHS09.jpg\" style=\"height:40px; width:40px\" \/>GHS09 Pavojinga<\/strong><\/p>\n<p>H318 Smarkiai pa\u017eeid\u017eia akis<br \/>\nH315 Dirgina od\u0105<br \/>\nH317 Gali sukelti alergin\u0119 odos reakcij\u0105.<br \/>\nH411 Toksi&scaron;ka vandens organizmams, sukelia ilgalaikius pakitimus.<\/p>\n<p>P102 Laikyti vaikams neprieinamoje vietoje<br \/>\nP273 Saugoti, kad nepatekt\u0173 \u012f aplink\u0105.<br \/>\nP305+P351+P338 Patekus \u012f akis: Kelias minutes atsargiai plauti vandeniu. I&scaron;imti kontaktinius l\u0119&scaron;ius, jeigu jie yra ir jeigu lengvai galima tai padaryti. Toliau plauti akis.<br \/>\nP310 Nedelsiant skambinti \u012f apsinuodijim\u0173 kontrol\u0117s ir informacijos biur\u0105 arba kreiptis \u012f gydytoj\u0105.<br \/>\nP302+P352 Patekus ant odos: Nuplauti dideliu kiekiu muilo ir vandens<br \/>\nP333+P313 Jeigu sudirginama oda arba j\u0105 i&scaron;beria: kreiptis \u012f gydytoj\u0105.<br \/>\n&nbsp;<\/p>\n","protected":false},"excerpt":{"rendered":"<p>Naudojimas: Masa\u017eo proced\u016br\u0173 metu: 1-2 la&scaron;ai 10 ml masa\u017eo aliejaus. Oro aromatizavimui: \u012f aromatin\u0117s lempos vanden\u012f \u012fla&scaron;inkite 4-6 la&scaron;us eterinio aliejaus (15 m2 patalpos). Laikyti sandariai u\u017edarytame buteliuke nuo +5 &deg;C iki +25 &deg;C temperat\u016broje. Nelaikykite tiesioginiuose saul\u0117s spinduliuose. Sud\u0117tis(INCI):&nbsp;Salvia Sclarea Oil. &nbsp; GHS05&nbsp;GHS09 Pavojinga H318 Smarkiai pa\u017eeid\u017eia akis H315 Dirgina od\u0105 H317 Gali sukelti [&#8230;]\n","protected":false},"featured_media":88354,"template":"","meta":[],"product_cat":[1621],"product_tag":[],"class_list":{"0":"post-30731","1":"product","2":"type-product","3":"status-publish","4":"has-post-thumbnail","6":"product_brand-viorica-cosmeplant_bg-lt","7":"product_cat-aliejai","9":"first","10":"instock","11":"taxable","12":"shipping-taxable","13":"product-type-simple"},"_links":{"self":[{"href":"https:\/\/e.kosmolat.eu\/lt\/wp-json\/wp\/v2\/product\/30731","targetHints":{"allow":["GET"]}}],"collection":[{"href":"https:\/\/e.kosmolat.eu\/lt\/wp-json\/wp\/v2\/product"}],"about":[{"href":"https:\/\/e.kosmolat.eu\/lt\/wp-json\/wp\/v2\/types\/product"}],"wp:featuredmedia":[{"embeddable":true,"href":"https:\/\/e.kosmolat.eu\/lt\/wp-json\/wp\/v2\/media\/88354"}],"wp:attachment":[{"href":"https:\/\/e.kosmolat.eu\/lt\/wp-json\/wp\/v2\/media?parent=30731"}],"wp:term":[{"taxonomy":"product_cat","embeddable":true,"href":"https:\/\/e.kosmolat.eu\/lt\/wp-json\/wp\/v2\/product_cat?post=30731"},{"taxonomy":"product_tag","embeddable":true,"href":"https:\/\/e.kosmolat.eu\/lt\/wp-json\/wp\/v2\/product_tag?post=30731"}],"curies":[{"name":"wp","href":"https:\/\/api.w.org\/{rel}","templated":true}]}}