{"id":30687,"date":"2023-12-19T21:13:57","date_gmt":"2023-12-19T21:13:57","guid":{"rendered":"https:\/\/e.kosmolat.eu\/product\/viorica-vie-serums-ar-10-c-vitaminu-30-ml\/"},"modified":"2026-04-21T09:30:59","modified_gmt":"2026-04-21T09:30:59","slug":"viorica-vie-serums-ar-10-c-vitaminu-30-ml","status":"publish","type":"product","link":"https:\/\/e.kosmolat.eu\/lt\/produktas\/viorica-vie-serums-ar-10-c-vitaminu-30-ml\/","title":{"rendered":"VIORICA VIE Serumas su 10% vitaminu C, 30 ml"},"content":{"rendered":"<p>Viephenol&trade; antioksidant\u0173 kompleksas skatina kolageno gamyb\u0105, palaiko l\u0105steli\u0173 atsinaujinim\u0105 ir apsaugo nuo fotosen\u0117jimo. Stabilizuotas 10% vitamino C, turintis puiki\u0105 prasiskverbimo gali\u0105, pagerina odos tonus\u0105 ir tekst\u016br\u0105, atkuria nat\u016bral\u0173 jos spindes\u012f. Spanguoli\u0173 ekstraktas prisotina od\u0105 vertingais vitaminais, padidina jos elastingum\u0105 ir i&scaron;lygina smulkias rauk&scaron;leles.&nbsp;<\/p>\n<p><strong>Naudojimas:<\/strong> tepkite ant &scaron;varios odos ryte ir\/arba vakare. Po 5-10 minu\u010di\u0173 u\u017ebaikite odos prie\u017ei\u016bros rutin\u0105 vienu i&scaron; Vie krem\u0173. Atidarius produkt\u0105 laikykite &scaron;aldytuve.<\/p>\n<p>Laikyti t&deg; nuo +5&deg;\u0421 iki +25&deg;\u0421, saugoti nuo tiesiogini\u0173 saul\u0117s spinduli\u0173.&nbsp;<br \/>\n&nbsp;<\/p>\n","protected":false},"excerpt":{"rendered":"<p>Viephenol&trade; antioksidant\u0173 kompleksas skatina kolageno gamyb\u0105, palaiko l\u0105steli\u0173 atsinaujinim\u0105 ir apsaugo nuo fotosen\u0117jimo. Stabilizuotas 10% vitamino C, turintis puiki\u0105 prasiskverbimo gali\u0105, pagerina odos tonus\u0105 ir tekst\u016br\u0105, atkuria nat\u016bral\u0173 jos spindes\u012f. Spanguoli\u0173 ekstraktas prisotina od\u0105 vertingais vitaminais, padidina jos elastingum\u0105 ir i&scaron;lygina smulkias rauk&scaron;leles.&nbsp; Naudojimas: tepkite ant &scaron;varios odos ryte ir\/arba vakare. Po 5-10 minu\u010di\u0173 u\u017ebaikite [&#8230;]\n","protected":false},"featured_media":88294,"template":"","meta":[],"product_cat":[2181],"product_tag":[],"class_list":{"0":"post-30687","1":"product","2":"type-product","3":"status-publish","4":"has-post-thumbnail","6":"product_brand-viorica-cosmeplant_bg-lt","7":"product_cat-bez-kategorijas-lt","9":"first","10":"instock","11":"taxable","12":"shipping-taxable","13":"product-type-simple"},"_links":{"self":[{"href":"https:\/\/e.kosmolat.eu\/lt\/wp-json\/wp\/v2\/product\/30687","targetHints":{"allow":["GET"]}}],"collection":[{"href":"https:\/\/e.kosmolat.eu\/lt\/wp-json\/wp\/v2\/product"}],"about":[{"href":"https:\/\/e.kosmolat.eu\/lt\/wp-json\/wp\/v2\/types\/product"}],"wp:featuredmedia":[{"embeddable":true,"href":"https:\/\/e.kosmolat.eu\/lt\/wp-json\/wp\/v2\/media\/88294"}],"wp:attachment":[{"href":"https:\/\/e.kosmolat.eu\/lt\/wp-json\/wp\/v2\/media?parent=30687"}],"wp:term":[{"taxonomy":"product_cat","embeddable":true,"href":"https:\/\/e.kosmolat.eu\/lt\/wp-json\/wp\/v2\/product_cat?post=30687"},{"taxonomy":"product_tag","embeddable":true,"href":"https:\/\/e.kosmolat.eu\/lt\/wp-json\/wp\/v2\/product_tag?post=30687"}],"curies":[{"name":"wp","href":"https:\/\/api.w.org\/{rel}","templated":true}]}}