{"id":30683,"date":"2023-12-19T21:13:30","date_gmt":"2023-12-19T21:13:30","guid":{"rendered":"https:\/\/e.kosmolat.eu\/product\/viorica-vie-pretnovecosanas-eliksirs-vitis-vinifera-30-ml\/"},"modified":"2026-04-17T09:48:47","modified_gmt":"2026-04-17T09:48:47","slug":"viorica-vie-pretnovecosanas-eliksirs-vitis-vinifera-30-ml","status":"publish","type":"product","link":"https:\/\/e.kosmolat.eu\/lt\/produktas\/viorica-vie-pretnovecosanas-eliksirs-vitis-vinifera-30-ml\/","title":{"rendered":"VIORICA VIE Sen\u0117jim\u0105 stabdantis eliksyras Vitis Vinifera, 30 ml"},"content":{"rendered":"<p>Viephenol&trade; antioksidant\u0173 kompleksas palaiko l\u0105steli\u0173 atsinaujinimo proces\u0105 ir apsaugo nuo fotosen\u0117jimo. Resveratrolis skatina kolageno ir elastino gamyb\u0105, ma\u017eina rauk&scaron;les. Vyno r\u016bg&scaron;tis daro od\u0105 lygesn\u0119 ir spindin\u010di\u0105. Vynuogi\u0173 lap\u0173 ekstraktas palaiko vandens balans\u0105, o vynuogi\u0173 kauliuk\u0173 aliejus suteikia odai elastingumo, koreguoja veido oval\u0105.&nbsp;<\/p>\n<p><strong>Naudojimas:<\/strong> tepkite ant &scaron;varios odos ryte ir\/arba vakare. Po 5-10 minu\u010di\u0173 u\u017ebaikite savo odos prie\u017ei\u016bros rutin\u0105 vienu i&scaron; Vie serijos krem\u0173 nuo sen\u0117jimo. Prie&scaron; naudodami i&scaron;bandykite gamin\u012f ant vidinio dilbio pavir&scaron;iaus.<\/p>\n<p>Laikyti t&deg; nuo +5&deg;\u0421 iki +25&deg;\u0421, saugoti nuo tiesiogini\u0173 saul\u0117s spinduli\u0173.&nbsp;<br \/>\n&nbsp;<\/p>\n","protected":false},"excerpt":{"rendered":"<p>Viephenol&trade; antioksidant\u0173 kompleksas palaiko l\u0105steli\u0173 atsinaujinimo proces\u0105 ir apsaugo nuo fotosen\u0117jimo. Resveratrolis skatina kolageno ir elastino gamyb\u0105, ma\u017eina rauk&scaron;les. Vyno r\u016bg&scaron;tis daro od\u0105 lygesn\u0119 ir spindin\u010di\u0105. Vynuogi\u0173 lap\u0173 ekstraktas palaiko vandens balans\u0105, o vynuogi\u0173 kauliuk\u0173 aliejus suteikia odai elastingumo, koreguoja veido oval\u0105.&nbsp; Naudojimas: tepkite ant &scaron;varios odos ryte ir\/arba vakare. Po 5-10 minu\u010di\u0173 u\u017ebaikite savo [&#8230;]\n","protected":false},"featured_media":88290,"template":"","meta":[],"product_cat":[1322],"product_tag":[],"class_list":{"0":"post-30683","1":"product","2":"type-product","3":"status-publish","4":"has-post-thumbnail","6":"product_brand-viorica-cosmeplant_bg-lt","7":"product_cat-veido-kremai","9":"first","10":"instock","11":"taxable","12":"shipping-taxable","13":"product-type-simple"},"_links":{"self":[{"href":"https:\/\/e.kosmolat.eu\/lt\/wp-json\/wp\/v2\/product\/30683","targetHints":{"allow":["GET"]}}],"collection":[{"href":"https:\/\/e.kosmolat.eu\/lt\/wp-json\/wp\/v2\/product"}],"about":[{"href":"https:\/\/e.kosmolat.eu\/lt\/wp-json\/wp\/v2\/types\/product"}],"wp:featuredmedia":[{"embeddable":true,"href":"https:\/\/e.kosmolat.eu\/lt\/wp-json\/wp\/v2\/media\/88290"}],"wp:attachment":[{"href":"https:\/\/e.kosmolat.eu\/lt\/wp-json\/wp\/v2\/media?parent=30683"}],"wp:term":[{"taxonomy":"product_cat","embeddable":true,"href":"https:\/\/e.kosmolat.eu\/lt\/wp-json\/wp\/v2\/product_cat?post=30683"},{"taxonomy":"product_tag","embeddable":true,"href":"https:\/\/e.kosmolat.eu\/lt\/wp-json\/wp\/v2\/product_tag?post=30683"}],"curies":[{"name":"wp","href":"https:\/\/api.w.org\/{rel}","templated":true}]}}