{"id":30679,"date":"2023-12-19T21:13:10","date_gmt":"2023-12-19T21:13:10","guid":{"rendered":"https:\/\/e.kosmolat.eu\/product\/viorica-vie-attir-zeleja-sejas-mazgasanai-200-ml\/"},"modified":"2026-04-11T18:39:44","modified_gmt":"2026-04-11T18:39:44","slug":"viorica-vie-attir-zeleja-sejas-mazgasanai-200-ml","status":"publish","type":"product","link":"https:\/\/e.kosmolat.eu\/lt\/produktas\/viorica-vie-attir-zeleja-sejas-mazgasanai-200-ml\/","title":{"rendered":"VIORICA VIE Veido valymo gelis, 200 ml"},"content":{"rendered":"<p>Viephenol&trade; suteikia odos l\u0105stel\u0117ms galing\u0105 antioksidacin\u0119 apsaug\u0105 ir skatina j\u0173 atsinaujinim\u0105. Levand\u0173 ekstraktas ramina ir regeneruoja od\u0105. Provitaminas B5 apsaugo nuo dehidratacijos.&nbsp;<\/p>\n<p><strong>Naudojimas: <\/strong>u\u017etepkite pakankam\u0105 kiek\u012f priemon\u0117s ant dr\u0117gnos odos, suputokite, gerai nuplaukite vandeniu. Prie&scaron; naudodami i&scaron;bandykite gamin\u012f ant vidinio dilbio pavir&scaron;iaus.<\/p>\n<p>Laikyti t&deg; nuo +5&deg;\u0421 iki +25&deg;\u0421, saugoti nuo tiesiogini\u0173 saul\u0117s spinduli\u0173.&nbsp;<br \/>\n&nbsp;<\/p>\n","protected":false},"excerpt":{"rendered":"<p>Viephenol&trade; suteikia odos l\u0105stel\u0117ms galing\u0105 antioksidacin\u0119 apsaug\u0105 ir skatina j\u0173 atsinaujinim\u0105. Levand\u0173 ekstraktas ramina ir regeneruoja od\u0105. Provitaminas B5 apsaugo nuo dehidratacijos.&nbsp; Naudojimas: u\u017etepkite pakankam\u0105 kiek\u012f priemon\u0117s ant dr\u0117gnos odos, suputokite, gerai nuplaukite vandeniu. Prie&scaron; naudodami i&scaron;bandykite gamin\u012f ant vidinio dilbio pavir&scaron;iaus. Laikyti t&deg; nuo +5&deg;\u0421 iki +25&deg;\u0421, saugoti nuo tiesiogini\u0173 saul\u0117s spinduli\u0173.&nbsp; &nbsp;<\/p>\n","protected":false},"featured_media":88282,"template":"","meta":[],"product_cat":[1577],"product_tag":[],"class_list":{"0":"post-30679","1":"product","2":"type-product","3":"status-publish","4":"has-post-thumbnail","6":"product_brand-viorica-cosmeplant_bg-lt","7":"product_cat-gelis","9":"first","10":"instock","11":"taxable","12":"shipping-taxable","13":"product-type-simple"},"_links":{"self":[{"href":"https:\/\/e.kosmolat.eu\/lt\/wp-json\/wp\/v2\/product\/30679","targetHints":{"allow":["GET"]}}],"collection":[{"href":"https:\/\/e.kosmolat.eu\/lt\/wp-json\/wp\/v2\/product"}],"about":[{"href":"https:\/\/e.kosmolat.eu\/lt\/wp-json\/wp\/v2\/types\/product"}],"wp:featuredmedia":[{"embeddable":true,"href":"https:\/\/e.kosmolat.eu\/lt\/wp-json\/wp\/v2\/media\/88282"}],"wp:attachment":[{"href":"https:\/\/e.kosmolat.eu\/lt\/wp-json\/wp\/v2\/media?parent=30679"}],"wp:term":[{"taxonomy":"product_cat","embeddable":true,"href":"https:\/\/e.kosmolat.eu\/lt\/wp-json\/wp\/v2\/product_cat?post=30679"},{"taxonomy":"product_tag","embeddable":true,"href":"https:\/\/e.kosmolat.eu\/lt\/wp-json\/wp\/v2\/product_tag?post=30679"}],"curies":[{"name":"wp","href":"https:\/\/api.w.org\/{rel}","templated":true}]}}