{"id":30675,"date":"2023-12-19T21:12:49","date_gmt":"2023-12-19T21:12:49","guid":{"rendered":"https:\/\/e.kosmolat.eu\/product\/viorica-vie-delikats-micelarais-udens-300-ml\/"},"modified":"2026-04-17T13:03:59","modified_gmt":"2026-04-17T13:03:59","slug":"viorica-vie-delikats-micelarais-udens-300-ml","status":"publish","type":"product","link":"https:\/\/e.kosmolat.eu\/lt\/produktas\/viorica-vie-delikats-micelarais-udens-300-ml\/","title":{"rendered":"VIORICA VIE Delikatus micelinis vanduo, 300 ml"},"content":{"rendered":"<p>Viephenol&trade; suteikia odos l\u0105stel\u0117ms galing\u0105 antioksidacin\u0119 apsaug\u0105 ir skatina j\u0173 atsinaujinim\u0105. Medetk\u0173 ekstraktas mink&scaron;tina ir ramina od\u0105. Sferin\u0117s micel\u0117s pa&scaron;alina ne&scaron;varumus ir makia\u017e\u0105.&nbsp;<\/p>\n<p><strong>Naudojimas:<\/strong> U\u017etepkite ant vatos diskelio ir &scaron;velniai nuvalykite veid\u0105, aki\u0173 vokus ir l\u016bpas. Prie&scaron; naudodami i&scaron;bandykite gamin\u012f ant vidinio dilbio pavir&scaron;iaus.<\/p>\n<p>Laikyti t&deg; nuo +5&deg;\u0421 iki +25&deg;\u0421, saugoti nuo tiesiogini\u0173 saul\u0117s spinduli\u0173.&nbsp;<br \/>\n&nbsp;<\/p>\n","protected":false},"excerpt":{"rendered":"<p>Viephenol&trade; suteikia odos l\u0105stel\u0117ms galing\u0105 antioksidacin\u0119 apsaug\u0105 ir skatina j\u0173 atsinaujinim\u0105. Medetk\u0173 ekstraktas mink&scaron;tina ir ramina od\u0105. Sferin\u0117s micel\u0117s pa&scaron;alina ne&scaron;varumus ir makia\u017e\u0105.&nbsp; Naudojimas: U\u017etepkite ant vatos diskelio ir &scaron;velniai nuvalykite veid\u0105, aki\u0173 vokus ir l\u016bpas. Prie&scaron; naudodami i&scaron;bandykite gamin\u012f ant vidinio dilbio pavir&scaron;iaus. Laikyti t&deg; nuo +5&deg;\u0421 iki +25&deg;\u0421, saugoti nuo tiesiogini\u0173 saul\u0117s spinduli\u0173.&nbsp; [&#8230;]\n","protected":false},"featured_media":88274,"template":"","meta":[],"product_cat":[1570],"product_tag":[],"class_list":{"0":"post-30675","1":"product","2":"type-product","3":"status-publish","4":"has-post-thumbnail","6":"product_brand-viorica-cosmeplant_bg-lt","7":"product_cat-micelinis-vanduo","9":"first","10":"outofstock","11":"taxable","12":"shipping-taxable","13":"product-type-simple"},"_links":{"self":[{"href":"https:\/\/e.kosmolat.eu\/lt\/wp-json\/wp\/v2\/product\/30675","targetHints":{"allow":["GET"]}}],"collection":[{"href":"https:\/\/e.kosmolat.eu\/lt\/wp-json\/wp\/v2\/product"}],"about":[{"href":"https:\/\/e.kosmolat.eu\/lt\/wp-json\/wp\/v2\/types\/product"}],"wp:featuredmedia":[{"embeddable":true,"href":"https:\/\/e.kosmolat.eu\/lt\/wp-json\/wp\/v2\/media\/88274"}],"wp:attachment":[{"href":"https:\/\/e.kosmolat.eu\/lt\/wp-json\/wp\/v2\/media?parent=30675"}],"wp:term":[{"taxonomy":"product_cat","embeddable":true,"href":"https:\/\/e.kosmolat.eu\/lt\/wp-json\/wp\/v2\/product_cat?post=30675"},{"taxonomy":"product_tag","embeddable":true,"href":"https:\/\/e.kosmolat.eu\/lt\/wp-json\/wp\/v2\/product_tag?post=30675"}],"curies":[{"name":"wp","href":"https:\/\/api.w.org\/{rel}","templated":true}]}}