{"id":30667,"date":"2023-12-19T21:12:02","date_gmt":"2023-12-19T21:12:02","guid":{"rendered":"https:\/\/e.kosmolat.eu\/product\/viorica-vie-mitrinosa-kremzeleja-spf20-50-ml\/"},"modified":"2026-04-20T12:36:12","modified_gmt":"2026-04-20T12:36:12","slug":"viorica-vie-mitrinosa-kremzeleja-spf20-50-ml","status":"publish","type":"product","link":"https:\/\/e.kosmolat.eu\/lt\/produktas\/viorica-vie-mitrinosa-kremzeleja-spf20-50-ml\/","title":{"rendered":"VIORICA VIE Dr\u0117kinamasis kremas-gelis SPF20, 50 ml"},"content":{"rendered":"<p>Viephenol&trade; suteikia odos l\u0105stel\u0117ms galing\u0105 antioksidacin\u0119 apsaug\u0105 ir skatina j\u0173 atsinaujinim\u0105. Augaliniai keramidai apsaugo nuo transepiderminio vandens praradimo. UVA ir UVB filtrai u\u017etikrina visapusi&scaron;k\u0105 apsaug\u0105 nuo saul\u0117s.<\/p>\n<p><strong>Naudojimas:<\/strong> Tepkite krem\u0105 masa\u017euojamaisiais judesiais ant &scaron;varios veido, kaklo ir dekolt\u0117 odos. Prie&scaron; naudodami i&scaron;bandykite gamin\u012f ant vidinio dilbio pavir&scaron;iaus.<\/p>\n<p>Laikyti t&deg; nuo +5&deg;\u0421 iki +25&deg;\u0421, saugoti nuo tiesiogini\u0173 saul\u0117s spinduli\u0173.&nbsp;<br \/>\n&nbsp;<\/p>\n","protected":false},"excerpt":{"rendered":"<p>Viephenol&trade; suteikia odos l\u0105stel\u0117ms galing\u0105 antioksidacin\u0119 apsaug\u0105 ir skatina j\u0173 atsinaujinim\u0105. Augaliniai keramidai apsaugo nuo transepiderminio vandens praradimo. UVA ir UVB filtrai u\u017etikrina visapusi&scaron;k\u0105 apsaug\u0105 nuo saul\u0117s. Naudojimas: Tepkite krem\u0105 masa\u017euojamaisiais judesiais ant &scaron;varios veido, kaklo ir dekolt\u0117 odos. Prie&scaron; naudodami i&scaron;bandykite gamin\u012f ant vidinio dilbio pavir&scaron;iaus. Laikyti t&deg; nuo +5&deg;\u0421 iki +25&deg;\u0421, saugoti nuo [&#8230;]\n","protected":false},"featured_media":88242,"template":"","meta":[],"product_cat":[1322],"product_tag":[],"class_list":{"0":"post-30667","1":"product","2":"type-product","3":"status-publish","4":"has-post-thumbnail","6":"product_brand-viorica-cosmeplant_bg-lt","7":"product_cat-veido-kremai","9":"first","10":"instock","11":"taxable","12":"shipping-taxable","13":"product-type-simple"},"_links":{"self":[{"href":"https:\/\/e.kosmolat.eu\/lt\/wp-json\/wp\/v2\/product\/30667","targetHints":{"allow":["GET"]}}],"collection":[{"href":"https:\/\/e.kosmolat.eu\/lt\/wp-json\/wp\/v2\/product"}],"about":[{"href":"https:\/\/e.kosmolat.eu\/lt\/wp-json\/wp\/v2\/types\/product"}],"wp:featuredmedia":[{"embeddable":true,"href":"https:\/\/e.kosmolat.eu\/lt\/wp-json\/wp\/v2\/media\/88242"}],"wp:attachment":[{"href":"https:\/\/e.kosmolat.eu\/lt\/wp-json\/wp\/v2\/media?parent=30667"}],"wp:term":[{"taxonomy":"product_cat","embeddable":true,"href":"https:\/\/e.kosmolat.eu\/lt\/wp-json\/wp\/v2\/product_cat?post=30667"},{"taxonomy":"product_tag","embeddable":true,"href":"https:\/\/e.kosmolat.eu\/lt\/wp-json\/wp\/v2\/product_tag?post=30667"}],"curies":[{"name":"wp","href":"https:\/\/api.w.org\/{rel}","templated":true}]}}