{"id":30659,"date":"2023-12-19T21:11:20","date_gmt":"2023-12-19T21:11:20","guid":{"rendered":"https:\/\/e.kosmolat.eu\/product\/deba-nb-micelarais-udens-refreshing-500-ml\/"},"modified":"2026-04-22T08:24:54","modified_gmt":"2026-04-22T08:24:54","slug":"deba-nb-micelarais-udens-refreshing-500-ml","status":"publish","type":"product","link":"https:\/\/e.kosmolat.eu\/lt\/produktas\/deba-nb-micelarais-udens-refreshing-500-ml\/","title":{"rendered":"DeBa Natural Beauty micelinis vanduo Refreshing, 500 ml"},"content":{"rendered":"<p>Tinka visiems odos tipams. Veiksmingai pa&scaron;alina makia\u017e\u0105 ir i&scaron;valo od\u0105 nuo ne&scaron;varum\u0173, dulki\u0173 ir riebal\u0173 pertekliaus, ramina veido, aki\u0173 ir kaklo od\u0105 bei palieka &scaron;veln\u0173 ir subtil\u0173 aromat\u0105. Nedirgina ir nesausina odos.<\/p>\n<p><strong>Aktyv\u016bs ingredientai:<\/strong> Ekologi&scaron;kas granat\u0173 ekstraktas, kuriame gausu vitamino C, suteikia odai energijos ir saugo j\u0105 nuo aplinkos agresori\u0173. Ekologi&scaron;kas ro\u017ei\u0173 vanduo pasi\u017eymi raminan\u010diu ir antioksidaciniu poveikiu.<\/p>\n<p><strong>Naudojimas:<\/strong> Nuvalykite veido, aki\u0173 ir kaklo od\u0105 vatos diskeliu, suvilgytu nedideliu kiekiu micelinio vandens. Venkite trinti gle\u017en\u0105 od\u0105 aplink akis.<br \/>\n&nbsp;<\/p>\n","protected":false},"excerpt":{"rendered":"<p>Tinka visiems odos tipams. Veiksmingai pa&scaron;alina makia\u017e\u0105 ir i&scaron;valo od\u0105 nuo ne&scaron;varum\u0173, dulki\u0173 ir riebal\u0173 pertekliaus, ramina veido, aki\u0173 ir kaklo od\u0105 bei palieka &scaron;veln\u0173 ir subtil\u0173 aromat\u0105. Nedirgina ir nesausina odos. Aktyv\u016bs ingredientai: Ekologi&scaron;kas granat\u0173 ekstraktas, kuriame gausu vitamino C, suteikia odai energijos ir saugo j\u0105 nuo aplinkos agresori\u0173. Ekologi&scaron;kas ro\u017ei\u0173 vanduo pasi\u017eymi raminan\u010diu [&#8230;]\n","protected":false},"featured_media":88210,"template":"","meta":[],"product_cat":[2181],"product_tag":[],"class_list":{"0":"post-30659","1":"product","2":"type-product","3":"status-publish","4":"has-post-thumbnail","6":"product_brand-rubella-bg-lt","7":"product_cat-bez-kategorijas-lt","9":"first","10":"instock","11":"taxable","12":"shipping-taxable","13":"product-type-simple"},"_links":{"self":[{"href":"https:\/\/e.kosmolat.eu\/lt\/wp-json\/wp\/v2\/product\/30659","targetHints":{"allow":["GET"]}}],"collection":[{"href":"https:\/\/e.kosmolat.eu\/lt\/wp-json\/wp\/v2\/product"}],"about":[{"href":"https:\/\/e.kosmolat.eu\/lt\/wp-json\/wp\/v2\/types\/product"}],"wp:featuredmedia":[{"embeddable":true,"href":"https:\/\/e.kosmolat.eu\/lt\/wp-json\/wp\/v2\/media\/88210"}],"wp:attachment":[{"href":"https:\/\/e.kosmolat.eu\/lt\/wp-json\/wp\/v2\/media?parent=30659"}],"wp:term":[{"taxonomy":"product_cat","embeddable":true,"href":"https:\/\/e.kosmolat.eu\/lt\/wp-json\/wp\/v2\/product_cat?post=30659"},{"taxonomy":"product_tag","embeddable":true,"href":"https:\/\/e.kosmolat.eu\/lt\/wp-json\/wp\/v2\/product_tag?post=30659"}],"curies":[{"name":"wp","href":"https:\/\/api.w.org\/{rel}","templated":true}]}}