{"id":30651,"date":"2023-12-19T21:10:31","date_gmt":"2023-12-19T21:10:31","guid":{"rendered":"https:\/\/e.kosmolat.eu\/product\/7d-mbw-atvesin-atjaun-pilinga-diski-sejai-phaice-50-gab-150-ml\/"},"modified":"2026-03-17T09:03:30","modified_gmt":"2026-03-17T09:03:30","slug":"7d-mbw-atvesin-atjaun-pilinga-diski-sejai-phaice-50-gab-150-ml","status":"publish","type":"product","link":"https:\/\/e.kosmolat.eu\/lt\/produktas\/7d-mbw-atvesin-atjaun-pilinga-diski-sejai-phaice-50-gab-150-ml\/","title":{"rendered":"7DAYS MY BEAUTY WEEK v\u0117sinantys, naujinantys  pilingo diskeliai veidui PHA+ICE, 50 vnt, 150 ml"},"content":{"rendered":"<p>Sud\u0117tyje yra PHA, hialurono r\u016bg&scaron;ties, rozmarin\u0173 ekstraktas, mentolio ir eukalipt\u0173 aliejaus, kurie &scaron;velniai &scaron;vei\u010dia, dr\u0117kina, matina &nbsp;ir lygina od\u0105.<\/p>\n<p>PHA r\u016bg&scaron;\u010di\u0173 kompleksas pradeda atsistatymo procesus, &scaron;velniai &scaron;vei\u010dia ir i&scaron;lygina odos mikroreljef\u0105. Hialurono r\u016bg&scaron;tis intensyviai dr\u0117kina, skatina kolageno gamyb\u0105 odoje, suteikia &scaron;velnumo, elastingumo ir spindesio. Mentolis maloniai v\u0117sina, stiprina, turi liftingo efekt\u0105 ir siaurina poras. Rozmarinas ir eukaliptas matina, tonizuoja ir efektyviai kovoja su tr\u016bkumais.<\/p>\n<p><strong>Atsargumo priemon\u0117s: <\/strong>Tik i&scaron;oriniam naudojimui. Nenaudokite to paties disko du kartus. Vengti patekimo \u012f akis. Patekus \u012f akis, nedelsiant praplauti dideliu kiekiu vandens ir, jei reikia, kreiptis \u012f gydytoj\u0105. Nenaudoti ant pa\u017eeistos odos. Nenaudoti esant padid\u0117jusiam jautrumui bet kuriai produkto sudedamajai daliai. Nustokite naudoti, jei atsiranda dirginimas. Saugoti nuo vaik\u0173. Laikyti nuo +5 &deg;C iki +25 &deg;C temperat\u016broje. Panaudoj\u0119 pilingo diskus, venkite tiesiogini\u0173 saul\u0117s spinduli\u0173, naudokite krem\u0105 nuo saul\u0117s (SPF &ge;30).<\/p>\n<p><strong>Naudojimas: <\/strong>&scaron;velniai nuvalykite veido od\u0105 sukamaisiais judesiais reljefine pilingo diskelio puse, ypating\u0105 d\u0117mes\u012f skirdami problemin\u0117ms vietoms ir T zonai. Nereikia nuplauti.<br \/>\n&nbsp;<\/p>\n","protected":false},"excerpt":{"rendered":"<p>Sud\u0117tyje yra PHA, hialurono r\u016bg&scaron;ties, rozmarin\u0173 ekstraktas, mentolio ir eukalipt\u0173 aliejaus, kurie &scaron;velniai &scaron;vei\u010dia, dr\u0117kina, matina &nbsp;ir lygina od\u0105. PHA r\u016bg&scaron;\u010di\u0173 kompleksas pradeda atsistatymo procesus, &scaron;velniai &scaron;vei\u010dia ir i&scaron;lygina odos mikroreljef\u0105. Hialurono r\u016bg&scaron;tis intensyviai dr\u0117kina, skatina kolageno gamyb\u0105 odoje, suteikia &scaron;velnumo, elastingumo ir spindesio. Mentolis maloniai v\u0117sina, stiprina, turi liftingo efekt\u0105 ir siaurina poras. Rozmarinas [&#8230;]\n","protected":false},"featured_media":88198,"template":"","meta":[],"product_cat":[2181],"product_tag":[],"class_list":{"0":"post-30651","1":"product","2":"type-product","3":"status-publish","4":"has-post-thumbnail","6":"product_brand-7days_it-lt","7":"product_cat-bez-kategorijas-lt","9":"first","10":"outofstock","11":"taxable","12":"shipping-taxable","13":"product-type-simple"},"_links":{"self":[{"href":"https:\/\/e.kosmolat.eu\/lt\/wp-json\/wp\/v2\/product\/30651","targetHints":{"allow":["GET"]}}],"collection":[{"href":"https:\/\/e.kosmolat.eu\/lt\/wp-json\/wp\/v2\/product"}],"about":[{"href":"https:\/\/e.kosmolat.eu\/lt\/wp-json\/wp\/v2\/types\/product"}],"wp:featuredmedia":[{"embeddable":true,"href":"https:\/\/e.kosmolat.eu\/lt\/wp-json\/wp\/v2\/media\/88198"}],"wp:attachment":[{"href":"https:\/\/e.kosmolat.eu\/lt\/wp-json\/wp\/v2\/media?parent=30651"}],"wp:term":[{"taxonomy":"product_cat","embeddable":true,"href":"https:\/\/e.kosmolat.eu\/lt\/wp-json\/wp\/v2\/product_cat?post=30651"},{"taxonomy":"product_tag","embeddable":true,"href":"https:\/\/e.kosmolat.eu\/lt\/wp-json\/wp\/v2\/product_tag?post=30651"}],"curies":[{"name":"wp","href":"https:\/\/api.w.org\/{rel}","templated":true}]}}