{"id":30647,"date":"2023-12-19T21:10:10","date_gmt":"2023-12-19T21:10:10","guid":{"rendered":"https:\/\/e.kosmolat.eu\/product\/7d-mbw-nolobosi-pilinga-diski-sejai-ahavitamin-c-50-gab-150-ml\/"},"modified":"2025-09-20T00:38:32","modified_gmt":"2025-09-20T00:38:32","slug":"7d-mbw-nolobosi-pilinga-diski-sejai-ahavitamin-c-50-gab-150-ml","status":"publish","type":"product","link":"https:\/\/e.kosmolat.eu\/lt\/produktas\/7d-mbw-nolobosi-pilinga-diski-sejai-ahavitamin-c-50-gab-150-ml\/","title":{"rendered":"7DAYS MY BEAUTY WEEK Veido \u0161veitimo- pilingo diskeliai AHA+Vitamin C, 50 vnt, 150 ml"},"content":{"rendered":"<p>Sud\u0117tyje yra AHA kompleksas, vitamino C, centella asiatica ekstrakto, hamamelio vandens, kuris veiksmingai atnaujina od\u0105, sutraukia poras ir i&scaron;lygina odos atspalv\u012f bei tekst\u016br\u0105.<\/p>\n<p>AHA r\u016bg&scaron;\u010di\u0173 kompleksas (glikolio ir pieno r\u016bg&scaron;tis) prasiskverbia giliai \u012f od\u0105, tirpdo negyvas l\u0105steles, ma\u017eina netobulumus ir &scaron;viesina odos atspalv\u012f. Centella Asiatica ir Hamamelio kompleksas pasi\u017eymi antioksidaciniu ir mink&scaron;tinamuoju poveikiu. Vitaminas C dr\u0117kina, skaistina ir suteikia veidui sveiko &scaron;vyt\u0117jimo.<\/p>\n<p><strong>Atsargumo priemon\u0117s: <\/strong>Tik i&scaron;oriniam naudojimui. Nenaudokite to paties diskelio du kartus. Vengti patekimo \u012f akis. Patekus \u012f akis, nedelsiant praplauti dideliu kiekiu vandens ir, jei reikia, kreiptis \u012f gydytoj\u0105. Nenaudoti ant pa\u017eeistos odos. Nenaudoti esant padid\u0117jusiam jautrumui bet kuriai produkto sudedamajai daliai. Nustokite naudoti, jei atsiranda dirginimas. Saugoti nuo vaik\u0173. Laikyti nuo +5 &deg;C iki +25 &deg;C temperat\u016broje. Panaudoj\u0119 pilingo diskelius, venkite tiesiogini\u0173 saul\u0117s spinduli\u0173, naudokite krem\u0105 nuo saul\u0117s (SPF &ge;30).<\/p>\n<p><strong>Naudojimas:<\/strong> &scaron;velniai nuvalykite veido od\u0105 sukamaisiais judesiais reljefine pilingo diskelio puse, ypating\u0105 d\u0117mes\u012f skirdami problemin\u0117ms vietoms ir T zonai. Nereikia nuplauti<br \/>\n&nbsp;<\/p>\n","protected":false},"excerpt":{"rendered":"<p>Sud\u0117tyje yra AHA kompleksas, vitamino C, centella asiatica ekstrakto, hamamelio vandens, kuris veiksmingai atnaujina od\u0105, sutraukia poras ir i&scaron;lygina odos atspalv\u012f bei tekst\u016br\u0105. AHA r\u016bg&scaron;\u010di\u0173 kompleksas (glikolio ir pieno r\u016bg&scaron;tis) prasiskverbia giliai \u012f od\u0105, tirpdo negyvas l\u0105steles, ma\u017eina netobulumus ir &scaron;viesina odos atspalv\u012f. Centella Asiatica ir Hamamelio kompleksas pasi\u017eymi antioksidaciniu ir mink&scaron;tinamuoju poveikiu. Vitaminas C [&#8230;]\n","protected":false},"featured_media":88194,"template":"","meta":[],"product_cat":[1396],"product_tag":[],"class_list":{"0":"post-30647","1":"product","2":"type-product","3":"status-publish","4":"has-post-thumbnail","6":"product_brand-7days_it-lt","7":"product_cat-veido-sveitikliai-ir-pilingai","9":"first","10":"outofstock","11":"taxable","12":"shipping-taxable","13":"product-type-simple"},"_links":{"self":[{"href":"https:\/\/e.kosmolat.eu\/lt\/wp-json\/wp\/v2\/product\/30647","targetHints":{"allow":["GET"]}}],"collection":[{"href":"https:\/\/e.kosmolat.eu\/lt\/wp-json\/wp\/v2\/product"}],"about":[{"href":"https:\/\/e.kosmolat.eu\/lt\/wp-json\/wp\/v2\/types\/product"}],"wp:featuredmedia":[{"embeddable":true,"href":"https:\/\/e.kosmolat.eu\/lt\/wp-json\/wp\/v2\/media\/88194"}],"wp:attachment":[{"href":"https:\/\/e.kosmolat.eu\/lt\/wp-json\/wp\/v2\/media?parent=30647"}],"wp:term":[{"taxonomy":"product_cat","embeddable":true,"href":"https:\/\/e.kosmolat.eu\/lt\/wp-json\/wp\/v2\/product_cat?post=30647"},{"taxonomy":"product_tag","embeddable":true,"href":"https:\/\/e.kosmolat.eu\/lt\/wp-json\/wp\/v2\/product_tag?post=30647"}],"curies":[{"name":"wp","href":"https:\/\/api.w.org\/{rel}","templated":true}]}}