{"id":30639,"date":"2023-12-19T21:09:42","date_gmt":"2023-12-19T21:09:42","guid":{"rendered":"https:\/\/e.kosmolat.eu\/product\/donegal-traucins-matu-krasosanai\/"},"modified":"2025-09-20T00:37:43","modified_gmt":"2025-09-20T00:37:43","slug":"traucins-matu-krasosanai","status":"publish","type":"product","link":"https:\/\/e.kosmolat.eu\/lt\/produktas\/traucins-matu-krasosanai\/","title":{"rendered":"DONGAL Da\u017e\u0173 mai\u0161ymo indas"},"content":{"rendered":"","protected":false},"excerpt":{"rendered":"","protected":false},"featured_media":88178,"template":"","meta":[],"product_cat":[1817],"product_tag":[],"class_list":{"0":"post-30639","1":"product","2":"type-product","3":"status-publish","4":"has-post-thumbnail","6":"product_brand-donegal-sp-zo-o-_pl-lt","7":"product_cat-plauku-aksesuarai-higienos-prekes-ir-priedai","9":"first","10":"outofstock","11":"taxable","12":"shipping-taxable","13":"product-type-simple"},"_links":{"self":[{"href":"https:\/\/e.kosmolat.eu\/lt\/wp-json\/wp\/v2\/product\/30639","targetHints":{"allow":["GET"]}}],"collection":[{"href":"https:\/\/e.kosmolat.eu\/lt\/wp-json\/wp\/v2\/product"}],"about":[{"href":"https:\/\/e.kosmolat.eu\/lt\/wp-json\/wp\/v2\/types\/product"}],"wp:featuredmedia":[{"embeddable":true,"href":"https:\/\/e.kosmolat.eu\/lt\/wp-json\/wp\/v2\/media\/88178"}],"wp:attachment":[{"href":"https:\/\/e.kosmolat.eu\/lt\/wp-json\/wp\/v2\/media?parent=30639"}],"wp:term":[{"taxonomy":"product_cat","embeddable":true,"href":"https:\/\/e.kosmolat.eu\/lt\/wp-json\/wp\/v2\/product_cat?post=30639"},{"taxonomy":"product_tag","embeddable":true,"href":"https:\/\/e.kosmolat.eu\/lt\/wp-json\/wp\/v2\/product_tag?post=30639"}],"curies":[{"name":"wp","href":"https:\/\/api.w.org\/{rel}","templated":true}]}}