{"id":30635,"date":"2023-12-19T21:09:18","date_gmt":"2023-12-19T21:09:18","guid":{"rendered":"https:\/\/e.kosmolat.eu\/product\/deba-vitamin-c-sejas-krems-50-ml\/"},"modified":"2026-04-22T08:24:37","modified_gmt":"2026-04-22T08:24:37","slug":"deba-vitamin-c-sejas-krems-50-ml","status":"publish","type":"product","link":"https:\/\/e.kosmolat.eu\/lt\/produktas\/deba-vitamin-c-sejas-krems-50-ml\/","title":{"rendered":"DeBa vitamino C veido kremas, 50 ml"},"content":{"rendered":"<p>Tinka visiems odos tipams, kasdieniniam naudojimui. Sud\u0117tyje yra vitamino C, 4D hialurono r\u016bg&scaron;ties ir moring\u0173 aliejaus. Kremo formul\u0117 skaistina od\u0105 ir padidina jos atsparum\u0105 neigiamam aplinkos poveikiui. D\u0117l lengvo balinimo efekto suma\u017e\u0117ja am\u017eiaus d\u0117mi\u0173 ry&scaron;kumas..<\/p>\n<p><strong>Aktyv\u016bs ingredientai:<\/strong><\/p>\n<ul>\n<li>Vitaminas C &ndash; galingas antioksidantas, i&scaron;lygina odos tonus\u0105 ir &scaron;viesina;<\/li>\n<li>4D hialurono r\u016bg&scaron;tis &ndash; padeda palaikyti optimal\u0173 dr\u0117gm\u0117s lyg\u012f odoje;<\/li>\n<li>Moring\u0173 aliejus &ndash; maitina ir gerina odos elastingum\u0105.<\/li>\n<\/ul>\n<p><strong>Naudojimas: <\/strong>kiekvien\u0105 ryt\u0105 ir vakar\u0105 tepkite kremu nuvalyt\u0105 veid\u0105 ir kakl\u0105. Lengvai masa\u017euokite, kol kremas visi&scaron;kai susigers.<br \/>\n&nbsp;<\/p>\n","protected":false},"excerpt":{"rendered":"<p>Tinka visiems odos tipams, kasdieniniam naudojimui. Sud\u0117tyje yra vitamino C, 4D hialurono r\u016bg&scaron;ties ir moring\u0173 aliejaus. Kremo formul\u0117 skaistina od\u0105 ir padidina jos atsparum\u0105 neigiamam aplinkos poveikiui. D\u0117l lengvo balinimo efekto suma\u017e\u0117ja am\u017eiaus d\u0117mi\u0173 ry&scaron;kumas.. Aktyv\u016bs ingredientai: Vitaminas C &ndash; galingas antioksidantas, i&scaron;lygina odos tonus\u0105 ir &scaron;viesina; 4D hialurono r\u016bg&scaron;tis &ndash; padeda palaikyti optimal\u0173 dr\u0117gm\u0117s [&#8230;]\n","protected":false},"featured_media":88154,"template":"","meta":[],"product_cat":[2181],"product_tag":[],"class_list":{"0":"post-30635","1":"product","2":"type-product","3":"status-publish","4":"has-post-thumbnail","6":"product_brand-rubella-bg-lt","7":"product_cat-bez-kategorijas-lt","9":"first","10":"instock","11":"taxable","12":"shipping-taxable","13":"product-type-simple"},"_links":{"self":[{"href":"https:\/\/e.kosmolat.eu\/lt\/wp-json\/wp\/v2\/product\/30635","targetHints":{"allow":["GET"]}}],"collection":[{"href":"https:\/\/e.kosmolat.eu\/lt\/wp-json\/wp\/v2\/product"}],"about":[{"href":"https:\/\/e.kosmolat.eu\/lt\/wp-json\/wp\/v2\/types\/product"}],"wp:featuredmedia":[{"embeddable":true,"href":"https:\/\/e.kosmolat.eu\/lt\/wp-json\/wp\/v2\/media\/88154"}],"wp:attachment":[{"href":"https:\/\/e.kosmolat.eu\/lt\/wp-json\/wp\/v2\/media?parent=30635"}],"wp:term":[{"taxonomy":"product_cat","embeddable":true,"href":"https:\/\/e.kosmolat.eu\/lt\/wp-json\/wp\/v2\/product_cat?post=30635"},{"taxonomy":"product_tag","embeddable":true,"href":"https:\/\/e.kosmolat.eu\/lt\/wp-json\/wp\/v2\/product_tag?post=30635"}],"curies":[{"name":"wp","href":"https:\/\/api.w.org\/{rel}","templated":true}]}}