{"id":30627,"date":"2023-12-19T21:08:36","date_gmt":"2023-12-19T21:08:36","guid":{"rendered":"https:\/\/e.kosmolat.eu\/product\/me-too-2in1-dusas-zel-un-samp-berniem-raspberry-kitten-500-ml\/"},"modified":"2026-03-31T12:13:13","modified_gmt":"2026-03-31T12:13:13","slug":"me-too-2in1-dusas-zel-un-samp-berniem-raspberry-kitten-500-ml","status":"publish","type":"product","link":"https:\/\/e.kosmolat.eu\/lt\/produktas\/me-too-2in1-dusas-zel-un-samp-berniem-raspberry-kitten-500-ml\/","title":{"rendered":"ME TOO 2in1 Du\u0161o \u017eel\u0117 ir \u0161amp\u016bnas vaikams Raspberry Kitten, 500 ml"},"content":{"rendered":"<p>Kasdienei prie\u017ei\u016brai. Sud\u0117tyje yra ingredient\u0173, kurie &scaron;velnina od\u0105, palieka j\u0105 &scaron;vari\u0105 ir gaivi\u0105.<\/p>\n","protected":false},"excerpt":{"rendered":"<p>Kasdienei prie\u017ei\u016brai. Sud\u0117tyje yra ingredient\u0173, kurie &scaron;velnina od\u0105, palieka j\u0105 &scaron;vari\u0105 ir gaivi\u0105.<\/p>\n","protected":false},"featured_media":88134,"template":"","meta":[],"product_cat":[1799],"product_tag":[],"class_list":{"0":"post-30627","1":"product","2":"type-product","3":"status-publish","4":"has-post-thumbnail","6":"product_brand-vento_cz-lt","7":"product_cat-duso-geliai-muilas-vonios-putos","9":"first","10":"instock","11":"taxable","12":"shipping-taxable","13":"product-type-simple"},"_links":{"self":[{"href":"https:\/\/e.kosmolat.eu\/lt\/wp-json\/wp\/v2\/product\/30627","targetHints":{"allow":["GET"]}}],"collection":[{"href":"https:\/\/e.kosmolat.eu\/lt\/wp-json\/wp\/v2\/product"}],"about":[{"href":"https:\/\/e.kosmolat.eu\/lt\/wp-json\/wp\/v2\/types\/product"}],"wp:featuredmedia":[{"embeddable":true,"href":"https:\/\/e.kosmolat.eu\/lt\/wp-json\/wp\/v2\/media\/88134"}],"wp:attachment":[{"href":"https:\/\/e.kosmolat.eu\/lt\/wp-json\/wp\/v2\/media?parent=30627"}],"wp:term":[{"taxonomy":"product_cat","embeddable":true,"href":"https:\/\/e.kosmolat.eu\/lt\/wp-json\/wp\/v2\/product_cat?post=30627"},{"taxonomy":"product_tag","embeddable":true,"href":"https:\/\/e.kosmolat.eu\/lt\/wp-json\/wp\/v2\/product_tag?post=30627"}],"curies":[{"name":"wp","href":"https:\/\/api.w.org\/{rel}","templated":true}]}}