{"id":30611,"date":"2023-12-19T21:07:11","date_gmt":"2023-12-19T21:07:11","guid":{"rendered":"https:\/\/e.kosmolat.eu\/product\/dr-house-lime-logu-un-stikla-virsmu-tir-sprejs-500-ml\/"},"modified":"2026-04-09T06:06:20","modified_gmt":"2026-04-09T06:06:20","slug":"dr-house-lime-logu-un-stikla-virsmu-tir-sprejs-500-ml","status":"publish","type":"product","link":"https:\/\/e.kosmolat.eu\/lt\/produktas\/dr-house-lime-logu-un-stikla-virsmu-tir-sprejs-500-ml\/","title":{"rendered":"DR.HOUSE Lime Pur\u0161kiklis langams ir stikliniams pavir\u0161iams valyti, 500 ml"},"content":{"rendered":"<p>Langams, stiklams, veidrod\u017eiams plauti.<\/p>\n<p><strong>Naudojimas: <\/strong>pasukite antgal\u012f \u012f OPEN pad\u0117t\u012f, u\u017epurk&scaron;kite ant pavir&scaron;iaus, leiskite veikti kelet\u0105 minu\u010di\u0173 ir nuvalykite sausa &scaron;luoste.<\/p>\n<p><strong>Sud\u0117tis:<\/strong> ma\u017eiau kaip 5 % nejonini\u0173&nbsp; aktyvi\u0173j\u0173 pavir&scaron;iaus med\u017eiagos. Kvapai. Konservantas: Methylchloroisothiazolinone\/ Methylisothiazolinone. Da\u017eai.<\/p>\n<p>&nbsp;<\/p>\n<p><img decoding=\"async\" alt=\"\" src=\"data:image\/png;base64,iVBORw0KGgoAAAANSUhEUgAAAE0AAABNCAYAAAGUDtkmAAAAAXNSR0IArs4c6QAAAARnQU1BAACxjwv8YQUAAAAJcEhZcwAAFxEAABcRAcom8z8AABFuSURBVGhD5ZsJcBRV\/sfxFsRrLf27JequIIcIsiYhk0lIyOSYJJCTCQESILroigelblH\/QkrX1dq1EKUEXYS\/uq5IoatiiW6tuiIlEhA53CACARYEBREI6QlzZQ58+76\/fq+nZ6bnzCn\/T9Wrvl6\/\/vW33\/1+3S9l2vIzWGDvHiYOjUEkSdTIbePTKQLfpQD8zdtDI+tT6t+\/P0V85ZVX6PjM4W+DkQO7dtJJwA9pe\/HFF9MWICE1Jse3dTOd5Lu0bWxspK2ijyTxi8gSw0gS35Yv4keSJBQpYfw7vmLQVBwag68hCZFET2DvbhElSETKgUMH6cKQIUNwgYJES7ltfPDzyUgfffQRq6mpoXPQliICyKHnkUceoa3v83XBSJLwyL6m9ZGRJDIX+TY3RY8kiSpLIuDmTiUgQSL+XV+T2SCwvyX+1zUCNwVaQj\/ovn37xB7\/BDt3JJZweEKrVq3CTeyBBx6g7Y4dO8QVFZRlw4TxaoFvD4hoKvfccw\/78MMPKSEEoN\/XE+DlPkJjSlSXuQE\/ze6\/\/35xxNiVV14ZkaB\/2+bYhRUXEQmsXbvWMADfhs8SK\/US+sJhdQvwfbGhc1kIN\/s2baCQlEU9SmDRn\/8jdjuH67f1boXnM1fjZLc4lRodd9Y620y30kdoM41knjtsTnEpOTzTq51tmSMpIQkSTjpBV125q23sLSIJxmbNmiX2eIKZtzD39FqXiBqbjmnljraxI8StKvy02FNBgt6ZUxzqHVFwTasOsQgcOXKEEjt9+jRbvny5OMsT5PHcM+uMLfQ0TnKGWwTOPfdcSmzYsGGRFvL4ERq6q4udbRnDRZQg\/BKFsrIy2l5++eWRCfL7cD8\/z1+t1uoySgjgRoRDhw5p+8OHR8ZtSx\/OXNUFrn7ekux94ToBefPOnWp3RR4jhIMs47Vm7+bX+GuWZn+PL6TnxRdfZOeff37Izfn5+RGJISFXSU4LJSRpLzA1y9wuKS0tZc3NzeLIIItkjWLtlvRP1RTCUCxj9+gTNKoot2zZQteQkH18+jpxqzGO4qy94RaG02YexZyWsWvFLbE5bTUdiJYgWWQZu15ETQx3kXkHbtTTZh7NLYqiUTwCVnOTIhJU+Ku5En21aHQUmtYp+emsPZ7YidJRlDVH7PYMHb+b7kQ3IuXauDvwzKpzoplFbvL+65+87hxJbXavGtkxs8ahGjWS9+qCpRgE9u8VRqbzSr4udiXflTinlbvJKF4ZBnZ\/I8wxJrBvD7VC+Nydbs1j4amroDyFBiW8byzh0cReKIHdO4WRXfy5PVMqhVFcKQOjAoGA2As2G9GgsSBPhwoO79bQA1LBXT\/JpRllMCyU8Khs8uTJTFEUzbiKigr2008\/RTXU\/+9tmpFR+wlGdHDZKU9lRP984JJLLmE+n08zSB8GDx6s7YPHHnuMtuHQKIb3CmAknsvjG+OaVOxSjRrO5Ng4FiNGjAgxCAEj3oULF2rHsnFHiAVmQtD1wPNdNYVBJZW7GppO8YyK\/rF37YcienTQPmOUdPToUa0ndtFFF4UYcOmll9LxhRdeqJ3Xd\/ui4f3nGrID9thn1Gzg96p0WHMPkHK8VAVadonoxlx22WX0UBk6OjrEFZUzZ87QVh\/nnXfeoXNG+Ld9yZv+W1XlSnL28PjGnC4ybVWNHMnk9JERPCqFRx99VJyJpKqqiuLMnj1bnAkFEx4wCoO3pHoA9kLTN7gJzZLR0FLPwYMH2euvv868Xi8dY1pm6dKlmoLhqEaNIqPa81Ls3wBHYWaLZqQYWAPks0SD2WymezDo1ozKT+tcX0mPw2reF1RSndNLFN\/G9UGjxmd2Tb\/LCKXAvEczUkw8RoMmAzSjuqgzmAieouwtVHD4w32bNwpzVHCMHjyMSrnP3BV0WM3ryUhujOe1lzSjog52egNXgenTXlcqGu3L\/2JuX7HcLA77BsrCJy3e8WnMm3c7c6xaYRGnexeHMAqfEsEH4\/6+qneNczw5XzPKbitl7TVWxgf0qnK9ZZyiN6qiQFQajNlLc+lcr3xWZcEf8zWjKoNGSewl44LGrfxbvrite3EsWagqxT+ZXqlw7Nac4GftbuUcK\/7P4pNGlVuECdFRis2acZ7Vf+8e4zw8M6PEkVET88Wjg2C84HQ6xVEQpUgYl\/sbblwXFwjPP95T81QUo8CyZctYU1OTOApFKc7WlHOs+GvXGOf56B9xjQJTpkwJWWkNR9HnuZeXda5AhChVbvz5JFOnTqVutpx0NMJexqsSGMfTdCxbnJpxnjWrgxk9ilKtra00YgINDQ1k2FVXXUXHd999N23DQVpkXH46cyxdktxndaz6a1yjwPPPP0\/GADlHLo9tNhv78ccfaT8cVDNI2wfjFi1MzDjHy3\/J9+bFNmrTpk20fe6558gQTJVjKwO44IIL2GuvvUb7RtirClXlLLyNfeoPsY1zLH6WG\/UbYdR4kUQkhw8fplG7NCw8jB07lrYYVf3www\/irkjs1cWqcbyVUOY9ZJznlIVP6SrP6J8PYMjGb2EmkynEoBtuuCHkWE7ObNu2TdwZiX1SCT3Tx4Py+\/tDlcN3jlV5hiNnf8IDMDr\/+OOP07VotGvGceX+90HVON4gF\/h4rZyIUTAInwfIh8qA+Q7w0EMPRVyLNijWoxnHC8TJeXMK+jFLOvUE2tKHiSixwYPef\/99bWEdA11s33jjDbp+6tQpOr7++utpi7wI5Ag+FpjphC2sgOfRo1MnDmfFWWStUpApokRnzpw59EAZsKaOEghDAaqIm266iW3YsIGuX3vttbSNh1JoIhtYkYmd5Dbxe\/r1O1FXNTRR477\/\/vsQw6677jo6f+LECdp6PB7a3n777SHxYhFiVH3FMB4\/yHFb+RBWJIzjEWPBo1O47777aCby7bffFldU9u\/fT9fT0tJoW19fL65EIo06U5jJTkytuZnHj0Spq\/yVplwM4959913NuFjEi4Ovg2f9xJVSGsp\/zeNG54eashtZsfoWsYzbuHEjPfTqq68WZ0LBNYRozRKlzwM+X9u0shvx7Li02iZchxviGQeOHz\/OPvjgA7ZmzRpxhrEnnniCPmc0UPKkUXiWeGxiHCi3\/I80zh5mHHoVRuus0YIeLAtKo\/AM8bjksNuKf2Gk3McffxwxaRcrSBTROUA+RtriManRVlt7eaKfNRaKaPJgVGtJyWUi+c7xnc3GlUusKjFCyRVGWc1sT4X5UpFs13CsofqaVIxTxqntMCvJZt\/k3TJQJNe1nKiv\/qVWILiR8VBE5wBKNY8efYlIpnugShjG5cc2jj4fj9MjRknsdVWDtQLBR9vhUOlDL8Gaxb4zmfqL23qGdjT8pByvLHXKBY3qQaXCaa2rGqEql0FzGYqY5YFRx4p6ySgJ+k6acsKobit9ySI\/K+P5rbm3lQqntb5k0Ld5N14sDs8+PBvXW9zTq53+rFuZ+w6bs9cnmvsyEMvTWOP05txGC8IoS1j3x8wV1v77zBJCX8CzuSnf2zjFoYmFNiVnDHkfyW6AFA8eR46VL\/fMXHhfxLN5owU+Y3qxSCi+L738\/V9to0aZVv5xHa5aXDw4Gf2\/ynkQyzWr3h0qluoOEQjza5NI8WiJm8RTV2DgRoYpf5H02QfVWbMbXIY5q3m7kCc2\/u1b1Fl6WvUOiueeMdl1VjUYnk8\/tnh\/N9PhHcfrKV43aWLxrf+rrUKO5CDxeG9QenxoDQbqvJ9zsVUenZvf0TjJiaURTazMW2iO1R\/D606C3wH8fr84MgZuqe21E8gNkHIexOP1nqe23KnMnf3zaTCwVO2ZUe3EzLQmFn8piBXLRVEPpuUxZd\/e3i7OxCZwYB8Xr0yd28XzeO7D5LN70gSnMv\/3fTfnQSz8SNIZsSRwOuVJsnvvvVecSYzAwf+wdhsXL0MnHrfHWW11x10x6kkcTz1pcU2tdPkK1OKhijWCFoWSFUsiV0YRcnNzE1re0AP\/1nZbKRdvmC7nZTDXpCIXXBHI8N4ADj\/uugpnhFhJ5KyWlhZazQhfX9SLhnDXXXeJKyrwmdUvP0fjzHeHmL3GSg67ZJ+o89zVJU7H0kU9J55jwZ\/yO6ZOcHgNxYrthxsO\/iiFEwBPlj399NN0DrkKPuA4J8M555zDVq5cSdfBnXfeyQYNGpSQcIDEqyqiNTWZ8yBeR7XV4fhbN44wlEVPWjyTy51YUe5snSVZtGiRJsyoUepfP19\/\/XWI27cM2dnZdB1CXXPNNXRu9erVdC5RSLxyS1C88Vw83rpTzuvKrgoWr111pS60RvhCWs7iD09WrLfeeoteVnpxhK++4\/9zvd+CPlRWVtLqaFFRkXZOn\/uSIXCYi8c\/drh4Lltx5zrJyt31Be4p5S6s9oeIVV0c8UdzMgwdOpReeP78+bRSe95552kiJBtWrFhBaWItc8CAAYYeUrEI8JyH9XH8HEHvhwYDw7PJpS7luQUF\/BmJcbLBZvHUTlSLoV4sXqGmWgwlqK9Q8fPHxA1Llixhu3btivgfQQasOD\/88MMh55555hnxpORAsVXFkzlPNBjoJMfqqiiTK\/I76sociKyJxfs7qljJVfASiLR9e+i4Ei0hf1zcAFcjgFFBIkLDx0D+KJsqyHnwadHnPBTbjmkTHY4\/zgs2GEqjzeKqKXNqYiHwQXX7tKqUxdLzwgsvkAMYFrglY8aMMXxxGWpra8llRYJV1XjF+MEHH6S4qPf096YC\/itqb6ghHWhsK8Rz8S6WA85B9qriNF9ZbsuZQhNViJpofFii\/7cjVfAC0q0KAcUtIyMjRITbbrstpIKX7jISeAoMHDiQrqHuevbZZ7UW9oorrmAvvfQS+WZYLBbyoOoseG9yK8QkqBANK8fuYtMXSvm4oJvE8em1Of7SnD2Bwsxg8cwcyewVlrh\/78Tjvffe0wQxCnPnzqV469atY3l5eezVV1+lY8mBAwfYzJkzydsB6Lsq4QEtcqrgPbHAHJz01MTaeqyu8lc8fWNONUwye8PFM3Hx+LDIl+QPO3pqampCXg45Dd478njevHkiZmy2bt0atajCPwrOXMmC9yKxMBnK3xe5C2LRr\/y1E2\/gaSdGa321yWXN3o11uaB4tzL7hPEpFVu8zOjRo0Ne8uabb6ZfVo8dO0b\/lr355psitjFwHluwYAFt4ees79NByE8++UTETAz82RchltUMF5pvvptgSc4HRw+cwlylOS3h4uFheGiyLF68OCSHIUCEZEAfT38\/Wlf4BiUKicXfRU6GqjnLzE4XZrZ06fK2vaF8iKskhzcY+mKbungALSpcqFG5Y\/4Mv\/JiGAXvwPCZDYxTi4uLSSQ0Ajk5OUmLbSxWFnMWZrccTUsboL5pN2CfUTfYWZy1N8AH7HioXrzO1HndiY9XJ3AUDBGLlxy8x7GGop5zB7D\/1jYEf3X6DcSL1trCG5ff2i0Bw7Nw8GOxKpauzoJY+Bt1ZuUV\/L7e4cT0uqFtRVl7ExEPTrdHjhzpliC7IwC\/5eL54WKd5jnr9B22q4Xpvc\/JetswbiB1VfTiwZkz1TovWfB7MNzRZD9LiuUoMO9pnWFLvTXsbk5OrRnuLs78d7h4nWkw4uHbsok80NR\/8PnzhFhuq6k5Zqe0r9E6vWpEhzVrM4yPV2xTxbe5iX6Ok+ufMmf5reYvj\/PWXpjy8+N4Xt5A\/GqNTqMmHl6Sj+t8m9aL108O3\/q1qj+jeXRQLJ4+ntOtXYeeBu6HDsvYz1gJzxkR4n0u5IiN7zMuFtxks9XZBykWfsrvM+6N3QG8XLlgTfCiluKRb8a4Mcy\/OTh9pMe3\/lPV0Tmb5yzEl2KNT193VosVzra0Xw5wWExf6MWjnMfFQcUOvJ+vo+M2vVh8uINi2Od8VHuSTYMG9XcUZn0ZkvN4kcUUu\/zhQM1ZfLjDxepxJ\/G+DCpwV5H5K008EbQKfuJZVMF3Ncd4nWe3mHeyiblUZ\/W6U30E\/fr9F9AUWxwrqaZlAAAAAElFTkSuQmCC\" \/><strong>GHS02 Atsargiai<\/strong><\/p>\n<p><strong>H226<\/strong> Deg\u016bs skystis ir garai.<\/p>\n<p><strong>EUH208<\/strong> Sud\u0117tyje yra: 5-chlor-2-metil-2H-izotiazol-3- ono ir 2-metil-2H-izotiazol-3-ono reakcijos mas\u0117 (3:1). Gali sukelti alergin\u0119 reakcij\u0105.<\/p>\n<p>P101 Jei reikalinga gydytojo konsultacija, su savimi tur\u0117kite produkto talpykl\u0105 ar jo etiket\u0119.<\/p>\n<p>P102 Laikyti vaikams neprieinamoje vietoje.<\/p>\n<p>P210 Laikyti atokiau nuo &scaron;ilumos &scaron;altini\u0173, kar&scaron;t\u0173 pavir&scaron;i\u0173, \u017eie\u017eirb\u0173, atviros liepsnos arba kit\u0173 degimo &scaron;altini\u0173. Ner\u016bkyti.<\/p>\n<p>P233 Talpykl\u0105 laikyti sandariai u\u017edaryt\u0105.<\/p>\n<p>P303+P361+P353 PATEKUS ANT ODOS (arba plauk\u0173): nedelsiant nuvilkti visus u\u017eter&scaron;tus drabu\u017eius. Od\u0105 nuplauti vandeniu [arba \u010diurk&scaron;le].<\/p>\n<p>P403+P235 Laikyti gerai v\u0117dinamoje vietoje. Talpykl\u0105 laikyti sandariai u\u017edaryt\u0105.<\/p>\n<p>P501 Turin\u012f\/talpykl\u0105 i&scaron;pilti (i&scaron;mesti) &#8211; sunaudot\u0105&nbsp; pakuot\u0117 utilizuoti&nbsp; kaip buitines atliekas.<\/p>\n","protected":false},"excerpt":{"rendered":"<p>Langams, stiklams, veidrod\u017eiams plauti. Naudojimas: pasukite antgal\u012f \u012f OPEN pad\u0117t\u012f, u\u017epurk&scaron;kite ant pavir&scaron;iaus, leiskite veikti kelet\u0105 minu\u010di\u0173 ir nuvalykite sausa &scaron;luoste. Sud\u0117tis: ma\u017eiau kaip 5 % nejonini\u0173&nbsp; aktyvi\u0173j\u0173 pavir&scaron;iaus med\u017eiagos. Kvapai. Konservantas: Methylchloroisothiazolinone\/ Methylisothiazolinone. Da\u017eai. &nbsp; GHS02 Atsargiai H226 Deg\u016bs skystis ir garai. EUH208 Sud\u0117tyje yra: 5-chlor-2-metil-2H-izotiazol-3- ono ir 2-metil-2H-izotiazol-3-ono reakcijos mas\u0117 (3:1). Gali sukelti [&#8230;]\n","protected":false},"featured_media":88114,"template":"","meta":[],"product_cat":[2181],"product_tag":[],"class_list":{"0":"post-30611","1":"product","2":"type-product","3":"status-publish","4":"has-post-thumbnail","6":"product_brand-vento_cz-lt","7":"product_cat-bez-kategorijas-lt","9":"first","10":"instock","11":"taxable","12":"shipping-taxable","13":"product-type-simple"},"_links":{"self":[{"href":"https:\/\/e.kosmolat.eu\/lt\/wp-json\/wp\/v2\/product\/30611","targetHints":{"allow":["GET"]}}],"collection":[{"href":"https:\/\/e.kosmolat.eu\/lt\/wp-json\/wp\/v2\/product"}],"about":[{"href":"https:\/\/e.kosmolat.eu\/lt\/wp-json\/wp\/v2\/types\/product"}],"wp:featuredmedia":[{"embeddable":true,"href":"https:\/\/e.kosmolat.eu\/lt\/wp-json\/wp\/v2\/media\/88114"}],"wp:attachment":[{"href":"https:\/\/e.kosmolat.eu\/lt\/wp-json\/wp\/v2\/media?parent=30611"}],"wp:term":[{"taxonomy":"product_cat","embeddable":true,"href":"https:\/\/e.kosmolat.eu\/lt\/wp-json\/wp\/v2\/product_cat?post=30611"},{"taxonomy":"product_tag","embeddable":true,"href":"https:\/\/e.kosmolat.eu\/lt\/wp-json\/wp\/v2\/product_tag?post=30611"}],"curies":[{"name":"wp","href":"https:\/\/api.w.org\/{rel}","templated":true}]}}