{"id":30603,"date":"2023-12-19T21:06:23","date_gmt":"2023-12-19T21:06:23","guid":{"rendered":"https:\/\/e.kosmolat.eu\/product\/dr-house-universal-velas-pulveris-600-g\/"},"modified":"2025-09-20T00:33:29","modified_gmt":"2025-09-20T00:33:29","slug":"i_dr-house-universal-velas-pulveris-600-g","status":"publish","type":"product","link":"https:\/\/e.kosmolat.eu\/lt\/produktas\/i_dr-house-universal-velas-pulveris-600-g\/","title":{"rendered":"I_DR.HOUSE Universal Skalbimo milteliai, 600 g"},"content":{"rendered":"<p>Tinka mirkymui, i&scaron;ankstiniam skalbimui, spalv\u0173 ir audini\u0173 skalbimui, i&scaron;skyrus viln\u0105 ir &scaron;ilk\u0105. Veiksmingas bet kokioje temperat\u016broje, ta\u010diau medviln\u0119 ir lin\u0105 geriausia skalbti auk&scaron;toje temperat\u016broje. Laikyti v\u0117sioje sausoje vietoje. Po rankinio skalbimo naudokite rank\u0173 krem\u0105.<\/p>\n<p><strong>Naudojimo b\u016bdas: <\/strong>Skalbiant skalbimo ma&scaron;inoje (4-5 kg skalbini\u0173): &scaron;velniai sutepus mink&scaron;tu\/vidutinio kietumo vandeniu, \u012fpilkite 80 g, kietu vandeniu &#8211; 100 g produkto; vidutinio ne&scaron;varumo su mink&scaron;tu\/vidutinio kietu vandeniu prid\u0117ti 100 g, kietu vandeniu prid\u0117ti 120 g; dideliems ne&scaron;varumams mink&scaron;tame\/vidutinio kietumo vandenyje 120 g, kietame vandenyje 140 g.<\/p>\n<p><strong>Sud\u0117tis:<\/strong> ma\u017eiau kaip 5 % anijonini\u0173 &nbsp;aktyvi\u0173j\u0173 pavir&scaron;iaus med\u017eiagos, ma\u017eiau kaip 5 % &nbsp;nejonini\u0173 &nbsp;aktyvi\u0173j\u0173 pavir&scaron;iaus med\u017eiag\u0173, ma\u017eiau kaip, 5 % &nbsp;muilas. Kvapai.<\/p>\n<p>&nbsp;<\/p>\n<p><strong><img decoding=\"async\" alt=\"\" src=\"https:\/\/www.reach-compliance.ch\/images\/exclam1cols3.jpg\" style=\"height:40px; width:40px\" \/>GHS07 Atsargiai<\/strong><br \/>\nH319 Sukelia smark\u0173 aki\u0173 dirginim\u0105.<br \/>\nP101 Jei reikalinga gydytojo konsultacija, su savimi tur\u0117kite produkto talpykl\u0105 ar jo etiket\u0119.<br \/>\nP102 Laikyti vaikams neprieinamoje vietoje<br \/>\nP264 Po naudojimo kruop&scaron;\u010diai nuplaukite rankas<br \/>\nP280 M\u016bv\u0117ti apsaugines pir&scaron;tines.<br \/>\nP305+P351+P338 Patekus \u012f akis: Kelias minutes atsargiai plauti vandeniu. I&scaron;imti kontaktinius l\u0119&scaron;ius, jeigu jie yra ir jeigu lengvai galima tai padaryti. Toliau plauti akis.<br \/>\nP337+P313 Jei aki\u0173 dirginimas nepraeina: kreiptis \u012f gydytoj\u0105<br \/>\n&nbsp;<\/p>\n","protected":false},"excerpt":{"rendered":"<p>Tinka mirkymui, i&scaron;ankstiniam skalbimui, spalv\u0173 ir audini\u0173 skalbimui, i&scaron;skyrus viln\u0105 ir &scaron;ilk\u0105. Veiksmingas bet kokioje temperat\u016broje, ta\u010diau medviln\u0119 ir lin\u0105 geriausia skalbti auk&scaron;toje temperat\u016broje. Laikyti v\u0117sioje sausoje vietoje. Po rankinio skalbimo naudokite rank\u0173 krem\u0105. Naudojimo b\u016bdas: Skalbiant skalbimo ma&scaron;inoje (4-5 kg skalbini\u0173): &scaron;velniai sutepus mink&scaron;tu\/vidutinio kietumo vandeniu, \u012fpilkite 80 g, kietu vandeniu &#8211; 100 g [&#8230;]\n","protected":false},"featured_media":88106,"template":"","meta":[],"product_cat":[1483],"product_tag":[],"class_list":{"0":"post-30603","1":"product","2":"type-product","3":"status-publish","4":"has-post-thumbnail","6":"product_brand-vento_cz-lt","7":"product_cat-plovikliai","9":"first","10":"outofstock","11":"taxable","12":"shipping-taxable","13":"product-type-simple"},"_links":{"self":[{"href":"https:\/\/e.kosmolat.eu\/lt\/wp-json\/wp\/v2\/product\/30603","targetHints":{"allow":["GET"]}}],"collection":[{"href":"https:\/\/e.kosmolat.eu\/lt\/wp-json\/wp\/v2\/product"}],"about":[{"href":"https:\/\/e.kosmolat.eu\/lt\/wp-json\/wp\/v2\/types\/product"}],"wp:featuredmedia":[{"embeddable":true,"href":"https:\/\/e.kosmolat.eu\/lt\/wp-json\/wp\/v2\/media\/88106"}],"wp:attachment":[{"href":"https:\/\/e.kosmolat.eu\/lt\/wp-json\/wp\/v2\/media?parent=30603"}],"wp:term":[{"taxonomy":"product_cat","embeddable":true,"href":"https:\/\/e.kosmolat.eu\/lt\/wp-json\/wp\/v2\/product_cat?post=30603"},{"taxonomy":"product_tag","embeddable":true,"href":"https:\/\/e.kosmolat.eu\/lt\/wp-json\/wp\/v2\/product_tag?post=30603"}],"curies":[{"name":"wp","href":"https:\/\/api.w.org\/{rel}","templated":true}]}}