{"id":30595,"date":"2023-12-19T21:05:41","date_gmt":"2023-12-19T21:05:41","guid":{"rendered":"https:\/\/e.kosmolat.eu\/product\/dr-house-color-velas-pulveris-15-kg\/"},"modified":"2026-04-22T11:25:42","modified_gmt":"2026-04-22T11:25:42","slug":"dr-house-color-velas-pulveris-15-kg","status":"publish","type":"product","link":"https:\/\/e.kosmolat.eu\/lt\/produktas\/dr-house-color-velas-pulveris-15-kg\/","title":{"rendered":"DR.HOUSE Color Skalbimo milteliai, 1,5 kg"},"content":{"rendered":"<p>Tinka skalbti spalvotus audinius, i&scaron;skyrus viln\u0105 ir &scaron;ilk\u0105, vis\u0173 tip\u0173 skalbimo ma&scaron;inose ir skalbti rankomis. Veiksmingai pa&scaron;alina d\u0117mes. Audini\u0173 prie\u017ei\u016bra. I&scaron;laiko spalv\u0173 gyvybingum\u0105.<\/p>\n<p><strong>Naudojimas: <\/strong>vadovaukit\u0117s audinio gamintojo instrukcijomis.<br \/>\nSkalbiant skalbimo ma&scaron;inoje (4-5 kg skalbini\u0173): vidutinio ne&scaron;varumo atveju mink&scaron;tu vandeniu \/ vidutinio kietumo vandeniu \u012fpilti 160 g, kietam vandeniui &#8211; 190 g produkto; dideliems ne&scaron;varumams mink&scaron;tu\/vidutinio kietumo vandeniu 180 g + 60 g (mirkymas), kietu vandeniu 190 g + 60 g (mirkymas).<br \/>\nPlaunant rankomis \u012f 10 litr\u0173 vandens \u012fpilkite 90 g produkto. Visi&scaron;kai i&scaron;tirpinkite miltelius vandenyje. Po rankinio plovimo kruop&scaron;\u010diai nusiplaukite rankas &nbsp;ir naudokite rank\u0173 krem\u0105.<\/p>\n<p>1 valgomasis &scaron;auk&scaron;tas = 30 g produkto.<\/p>\n<p>Laikyti sausoje vietoje nuo +5&deg;C iki +30&deg;C temperat\u016broje.<\/p>\n<p><strong>Sud\u0117tis: <\/strong>ma\u017eiau kaip 5 % anijonini\u0173 &nbsp;aktyvi\u0173j\u0173 pavir&scaron;iaus med\u017eiagos, ma\u017eiau kaip 5 % &nbsp;nejonini\u0173 &nbsp;aktyvi\u0173j\u0173 pavir&scaron;iaus med\u017eiag\u0173, ma\u017eiau kaip, 5 % &nbsp;muilas. Kvapai.<\/p>\n<p>&nbsp;<\/p>\n<p><strong><img decoding=\"async\" alt=\"\" src=\"https:\/\/www.reach-compliance.ch\/images\/exclam1cols3.jpg\" style=\"height:40px; width:40px\" \/>GHS07 Atsargiai<\/strong><br \/>\nH319 Sukelia smark\u0173 aki\u0173 dirginim\u0105.<br \/>\nP101 Jei reikalinga gydytojo konsultacija, su savimi tur\u0117kite produkto talpykl\u0105 ar jo etiket\u0119.<br \/>\nP102 Laikyti vaikams neprieinamoje vietoje<br \/>\nP264 Po naudojimo kruop&scaron;\u010diai nuplaukite rankas<br \/>\nP280 M\u016bv\u0117ti apsaugines pir&scaron;tines.<br \/>\nP305+P351+P338 Patekus \u012f akis: Kelias minutes atsargiai plauti vandeniu. I&scaron;imti kontaktinius l\u0119&scaron;ius, jeigu jie yra ir jeigu lengvai galima tai padaryti. Toliau plauti akis.<br \/>\nP337+P313 Jei aki\u0173 dirginimas nepraeina: kreiptis \u012f gydytoj\u0105<br \/>\n&nbsp;<\/p>\n","protected":false},"excerpt":{"rendered":"<p>Tinka skalbti spalvotus audinius, i&scaron;skyrus viln\u0105 ir &scaron;ilk\u0105, vis\u0173 tip\u0173 skalbimo ma&scaron;inose ir skalbti rankomis. Veiksmingai pa&scaron;alina d\u0117mes. Audini\u0173 prie\u017ei\u016bra. I&scaron;laiko spalv\u0173 gyvybingum\u0105. Naudojimas: vadovaukit\u0117s audinio gamintojo instrukcijomis. Skalbiant skalbimo ma&scaron;inoje (4-5 kg skalbini\u0173): vidutinio ne&scaron;varumo atveju mink&scaron;tu vandeniu \/ vidutinio kietumo vandeniu \u012fpilti 160 g, kietam vandeniui &#8211; 190 g produkto; dideliems ne&scaron;varumams mink&scaron;tu\/vidutinio [&#8230;]\n","protected":false},"featured_media":88098,"template":"","meta":[],"product_cat":[2181],"product_tag":[],"class_list":{"0":"post-30595","1":"product","2":"type-product","3":"status-publish","4":"has-post-thumbnail","6":"product_brand-vento_cz-lt","7":"product_cat-bez-kategorijas-lt","9":"first","10":"instock","11":"taxable","12":"shipping-taxable","13":"product-type-simple"},"_links":{"self":[{"href":"https:\/\/e.kosmolat.eu\/lt\/wp-json\/wp\/v2\/product\/30595","targetHints":{"allow":["GET"]}}],"collection":[{"href":"https:\/\/e.kosmolat.eu\/lt\/wp-json\/wp\/v2\/product"}],"about":[{"href":"https:\/\/e.kosmolat.eu\/lt\/wp-json\/wp\/v2\/types\/product"}],"wp:featuredmedia":[{"embeddable":true,"href":"https:\/\/e.kosmolat.eu\/lt\/wp-json\/wp\/v2\/media\/88098"}],"wp:attachment":[{"href":"https:\/\/e.kosmolat.eu\/lt\/wp-json\/wp\/v2\/media?parent=30595"}],"wp:term":[{"taxonomy":"product_cat","embeddable":true,"href":"https:\/\/e.kosmolat.eu\/lt\/wp-json\/wp\/v2\/product_cat?post=30595"},{"taxonomy":"product_tag","embeddable":true,"href":"https:\/\/e.kosmolat.eu\/lt\/wp-json\/wp\/v2\/product_tag?post=30595"}],"curies":[{"name":"wp","href":"https:\/\/api.w.org\/{rel}","templated":true}]}}