{"id":30571,"date":"2023-12-19T21:04:14","date_gmt":"2023-12-19T21:04:14","guid":{"rendered":"https:\/\/e.kosmolat.eu\/product\/dr-house-sprejs-virsmu-tirisanai-ar-etikskabi-500-ml\/"},"modified":"2026-01-12T06:29:13","modified_gmt":"2026-01-12T06:29:13","slug":"i_dr-house-sprejs-virsmu-tirisanai-ar-etikskabi-500-ml","status":"publish","type":"product","link":"https:\/\/e.kosmolat.eu\/lt\/produktas\/i_dr-house-sprejs-virsmu-tirisanai-ar-etikskabi-500-ml\/","title":{"rendered":"DR.HOUSE Acto valomasis pur\u0161kiklis, 500 ml"},"content":{"rendered":"<p>Valiklis su aktyvia acto r\u016bg&scaron;timi, skirtas vis\u0173 plaunam\u0173 pavir&scaron;i\u0173 valymui.<\/p>\n<p><strong>Naudojimas: <\/strong>purk&scaron;ti ant pavir&scaron;iaus, palikti veikti, nuplauti vandeniu ir nuvalyti sausa &scaron;luoste.<\/p>\n<p><strong>Sud\u0117tis:<\/strong> 5 % arba daugiau, bet ma\u017eiau kaip 15 % anijonini\u0173 &nbsp;aktyvi\u0173j\u0173 pavir&scaron;inio med\u017eiagos, &nbsp;ma\u017eiau kaip, 5 % &nbsp;acto r\u016bg&scaron;ties, ma\u017eiau kaip, 5 % &nbsp;citrinos r\u016bg&scaron;ties. Konservantas: Methylchloroisothiazolinone\/ Methylisothiazolinone.<\/p>\n<p>&nbsp;<\/p>\n<p><strong><img decoding=\"async\" alt=\"\" src=\"https:\/\/www.reach-compliance.ch\/images\/exclam1cols3.jpg\" style=\"height:40px; width:40px\" \/>GHS07 Atsargiai<\/strong><br \/>\nH315 Dirgina od\u0105 &nbsp;<br \/>\nH319 Sukelia smark\u0173 aki\u0173 dirginim\u0105.<br \/>\nEUH208 Sud\u0117tyje yra Metilchlorizotiazolinonas ir metilizotiazolinonas. Gali sukelti alergin\u0119 reakcij\u0105<br \/>\nP101 Jei reikalinga gydytojo konsultacija, su savimi tur\u0117kite produkto talpykl\u0105 ar jo etiket\u0119.<br \/>\nP102 Laikyti vaikams neprieinamoje vietoje<br \/>\nP264 Po naudojimo kruop&scaron;\u010diai nuplaukite rankas<br \/>\nP280 M\u016bv\u0117ti apsaugines naudoti aki\u0173 apsaugos priemones, naudokite apsaugines pir&scaron;tines.&nbsp;<br \/>\nP302+P352 Patekus ant odos: plauti dideliu vandens kiekiu&nbsp;<br \/>\nP332+P313 Jeigu sudirginama oda: kreiptis \u012f gydytoj\u0105.<br \/>\nP305+P351+P338 Patekus \u012f akis: Kelias minutes atsargiai plauti vandeniu. I&scaron;imti kontaktinius l\u0119&scaron;ius, jeigu jie yra ir jeigu lengvai galima tai padaryti. Toliau plauti akis.<br \/>\nP337+P313 Jei aki\u0173 dirginimas nepraeina: kreiptis \u012f gydytoj\u0105&nbsp;<br \/>\n&nbsp;<\/p>\n","protected":false},"excerpt":{"rendered":"<p>Valiklis su aktyvia acto r\u016bg&scaron;timi, skirtas vis\u0173 plaunam\u0173 pavir&scaron;i\u0173 valymui. Naudojimas: purk&scaron;ti ant pavir&scaron;iaus, palikti veikti, nuplauti vandeniu ir nuvalyti sausa &scaron;luoste. Sud\u0117tis: 5 % arba daugiau, bet ma\u017eiau kaip 15 % anijonini\u0173 &nbsp;aktyvi\u0173j\u0173 pavir&scaron;inio med\u017eiagos, &nbsp;ma\u017eiau kaip, 5 % &nbsp;acto r\u016bg&scaron;ties, ma\u017eiau kaip, 5 % &nbsp;citrinos r\u016bg&scaron;ties. Konservantas: Methylchloroisothiazolinone\/ Methylisothiazolinone. &nbsp; GHS07 Atsargiai H315 [&#8230;]\n","protected":false},"featured_media":88070,"template":"","meta":[],"product_cat":[1468],"product_tag":[],"class_list":{"0":"post-30571","1":"product","2":"type-product","3":"status-publish","4":"has-post-thumbnail","6":"product_brand-vento_cz-lt","7":"product_cat-virtuvei-namu-priezurai-namu-priezurai","9":"first","10":"outofstock","11":"taxable","12":"shipping-taxable","13":"product-type-simple"},"_links":{"self":[{"href":"https:\/\/e.kosmolat.eu\/lt\/wp-json\/wp\/v2\/product\/30571","targetHints":{"allow":["GET"]}}],"collection":[{"href":"https:\/\/e.kosmolat.eu\/lt\/wp-json\/wp\/v2\/product"}],"about":[{"href":"https:\/\/e.kosmolat.eu\/lt\/wp-json\/wp\/v2\/types\/product"}],"wp:featuredmedia":[{"embeddable":true,"href":"https:\/\/e.kosmolat.eu\/lt\/wp-json\/wp\/v2\/media\/88070"}],"wp:attachment":[{"href":"https:\/\/e.kosmolat.eu\/lt\/wp-json\/wp\/v2\/media?parent=30571"}],"wp:term":[{"taxonomy":"product_cat","embeddable":true,"href":"https:\/\/e.kosmolat.eu\/lt\/wp-json\/wp\/v2\/product_cat?post=30571"},{"taxonomy":"product_tag","embeddable":true,"href":"https:\/\/e.kosmolat.eu\/lt\/wp-json\/wp\/v2\/product_tag?post=30571"}],"curies":[{"name":"wp","href":"https:\/\/api.w.org\/{rel}","templated":true}]}}