{"id":30567,"date":"2023-12-19T20:58:49","date_gmt":"2023-12-19T20:58:49","guid":{"rendered":"https:\/\/e.kosmolat.eu\/product\/lb-smaganu-skalot-ar-ozola-mizas-un-dizegles-ekstr-400-ml\/"},"modified":"2025-08-25T09:35:41","modified_gmt":"2025-08-25T09:35:41","slug":"lb-smaganu-skalot-ar-ozola-mizas-un-dizegles-ekstr-400-ml-2","status":"publish","type":"product","link":"https:\/\/e.kosmolat.eu\/lt\/produktas\/lb-smaganu-skalot-ar-ozola-mizas-un-dizegles-ekstr-400-ml-2\/","title":{"rendered":"LESNOJ BALZAM Burnos skaliklis su \u0105\u017euol\u0173 \u017eiev\u0117s ir pu\u0161\u0173 ekstraktais, 400 ml"},"content":{"rendered":"<p>&bull; \u017doleli\u0173 nuoviro formul\u0117 palaiko nat\u016brali\u0105 burnos ertm\u0117s mikroflor\u0105.<br \/>\n&bull; Labai efektyvus multivitamin\u0173 spygliuo\u010di\u0173 kompleksas, ma\u017eina bakterij\u0173 kr\u016bv\u012f mink&scaron;tiesiems burnos ertm\u0117s audiniams.<br \/>\n&bull; \u0104\u017euol\u0173 ir kadagi\u0173 uog\u0173 ekstraktai pasi\u017eymi antioksidaciniu ir tonizuojan\u010diu poveikiu.<\/p>\n<p><strong>Naudojimas: <\/strong>u\u017epildykite dangtel\u012f skalavimo priemone. Kruop&scaron;\u010diai skalaukite burn\u0105 30 sekund\u017ei\u0173. Skalauti po dant\u0173 pastos &nbsp;naudokite po valgio ir kiekvieno dant\u0173 valymo bent du kartus per dien\u0105. Tik suaugusiems.<\/p>\n<p><strong>Atsargumo priemon\u0117s: <\/strong>Sud\u0117tyje yra natrio fluorido. Nenuryti. Fluorid\u0173 mas\u0117s dalis 0,02%. D\u0117l nat\u016brali\u0173 ingredient\u0173 kiekio gali atsirasti nedideli\u0173 nuos\u0117d\u0173. Neturi \u012ftakos gaminio kokybei ir saugai. Naudojimas neatleid\u017eia nuo apsilankymo pas odontolog\u0105. Tai n\u0117ra vaistinis preparatas.<\/p>\n<p>Laikyti nuo +5&deg;C iki +25&deg;C temperat\u016broje, vaikams nepasiekiamoje vietoje.<br \/>\n&nbsp;<\/p>\n","protected":false},"excerpt":{"rendered":"<p>&bull; \u017doleli\u0173 nuoviro formul\u0117 palaiko nat\u016brali\u0105 burnos ertm\u0117s mikroflor\u0105. &bull; Labai efektyvus multivitamin\u0173 spygliuo\u010di\u0173 kompleksas, ma\u017eina bakterij\u0173 kr\u016bv\u012f mink&scaron;tiesiems burnos ertm\u0117s audiniams. &bull; \u0104\u017euol\u0173 ir kadagi\u0173 uog\u0173 ekstraktai pasi\u017eymi antioksidaciniu ir tonizuojan\u010diu poveikiu. Naudojimas: u\u017epildykite dangtel\u012f skalavimo priemone. Kruop&scaron;\u010diai skalaukite burn\u0105 30 sekund\u017ei\u0173. Skalauti po dant\u0173 pastos &nbsp;naudokite po valgio ir kiekvieno dant\u0173 valymo bent [&#8230;]\n","protected":false},"featured_media":25858,"template":"","meta":[],"product_cat":[1313],"product_tag":[],"class_list":{"0":"post-30567","1":"product","2":"type-product","3":"status-publish","4":"has-post-thumbnail","6":"product_brand-unilever-ua-lt","7":"product_cat-burnos-skalavimo-priemones","9":"first","10":"outofstock","11":"taxable","12":"shipping-taxable","13":"product-type-simple"},"_links":{"self":[{"href":"https:\/\/e.kosmolat.eu\/lt\/wp-json\/wp\/v2\/product\/30567","targetHints":{"allow":["GET"]}}],"collection":[{"href":"https:\/\/e.kosmolat.eu\/lt\/wp-json\/wp\/v2\/product"}],"about":[{"href":"https:\/\/e.kosmolat.eu\/lt\/wp-json\/wp\/v2\/types\/product"}],"wp:featuredmedia":[{"embeddable":true,"href":"https:\/\/e.kosmolat.eu\/lt\/wp-json\/wp\/v2\/media\/25858"}],"wp:attachment":[{"href":"https:\/\/e.kosmolat.eu\/lt\/wp-json\/wp\/v2\/media?parent=30567"}],"wp:term":[{"taxonomy":"product_cat","embeddable":true,"href":"https:\/\/e.kosmolat.eu\/lt\/wp-json\/wp\/v2\/product_cat?post=30567"},{"taxonomy":"product_tag","embeddable":true,"href":"https:\/\/e.kosmolat.eu\/lt\/wp-json\/wp\/v2\/product_tag?post=30567"}],"curies":[{"name":"wp","href":"https:\/\/api.w.org\/{rel}","templated":true}]}}