{"id":30495,"date":"2023-12-19T20:50:35","date_gmt":"2023-12-19T20:50:35","guid":{"rendered":"https:\/\/e.kosmolat.eu\/product\/hp-fito-linija-matu-kremkrasa-28-zemenu-blonds-2-x-25-25-10-ml\/"},"modified":"2026-04-23T09:38:00","modified_gmt":"2026-04-23T09:38:00","slug":"hp-fito-linija-matu-kremkrasa-28-zemenu-blonds-2-x-25-25-10-ml","status":"publish","type":"product","link":"https:\/\/e.kosmolat.eu\/lt\/produktas\/hp-fito-linija-matu-kremkrasa-28-zemenu-blonds-2-x-25-25-10-ml\/","title":{"rendered":"HERB\u2019S PLANET Phyto Line Ilgalaikiai kreminiai plauk\u0173 da\u017eai Nr. 28 Bra\u0161kin\u0117 blondin\u0117, 2 x 25\/25\/10 m"},"content":{"rendered":"<p>Nepriekai&scaron;tinga plauk\u0173 prie\u017ei\u016bra da\u017eymo metu d\u0117l nat\u016brali\u0173 &scaron;ermuk&scaron;ni\u0173 ir alyvuogi\u0173 aliej\u0173, u\u017etikrinan\u010di\u0173 sodri\u0105 ir ilgalaik\u0119 spalv\u0105 bei patikim\u0105 \u017eil\u0173 plauk\u0173 da\u017eym\u0105. Kremin\u0117 da\u017e\u0173 formul\u0117 giliai \u012fsiskverbia \u012f plauk\u0173 strukt\u016br\u0105, tod\u0117l ilgai i&scaron;lieka intensyvi spalva, pripildyta ne\u012ftik\u0117tino blizgesio. Plauk\u0173 prie\u017ei\u016bra po da\u017eymo: specialus balzamas su varnal\u0117&scaron;\u0173, &scaron;altalanki\u0173 ir lin\u0173 fitokompleksu &scaron;velniai plauk\u0173 prie\u017ei\u016brai po da\u017eymo. U\u017ebaigia da\u017eymo proces\u0105, u\u017etikrindamas spalvos stabilum\u0105 ir intensyvum\u0105. Palieka plaukus nuostabiai mink&scaron;tais ir &scaron;ilkiniais blizgiais.<\/p>\n<p>Da\u017eymo rezultatas priklauso nuo pradin\u0117s plauk\u0173 spalvos. Plaukus reikia i&scaron; anksto pa&scaron;viesinti jei nat\u016brali spalva tamsesn\u0117 u\u017e norim\u0105 spalvos rezultat\u0105.<\/p>\n<p><strong>Pakuot\u0117s turinys:<\/strong> kreminiai da\u017eai 2 x 25 ml, kremo oksidatorius 2 x 25 ml, balzamas 2 x 10 ml, pir&scaron;tin\u0117s, naudojimo instrukcija.<\/p>\n<p><strong>Naudojimo b\u016bdas: <\/strong>naudojimo instrukcijos yra pakuot\u0117s viduje.<\/p>\n<p><strong>ATSARGUMO PRIEMON\u0116S:<br \/>\nD\u0117mesio! Kreminiai plauk\u0173 da\u017eai gali sukelti rimt\u0173 alergini\u0173 reakcij\u0173.<\/strong><br \/>\nAtid\u017eiai perskaitykite ir laikykit\u0117s naudojimo instrukcij\u0173. Produktas n\u0117ra skirtas naudoti jaunesniems nei 16 met\u0173 asmenims. Laikina &bdquo;juodosios chna&ldquo; tatuiruot\u0117 gali padidinti alergijos rizik\u0105.<\/p>\n<p>Nenaudokite kremini\u0173 da\u017e\u0173, jei:<br \/>\n&#8211; turite b\u0117rim\u0173 ant veido, jautrios, sudirgusios ar pa\u017eeistos galvos odos;<br \/>\n&#8211; anks\u010diau pasirei&scaron;k\u0117 alergin\u0117 reakcija po plauk\u0173 da\u017eymo;<br \/>\n&#8211; anks\u010diau buvo pasirei&scaron;kusi alergin\u0117 reakcija d\u0117l laikinos juodos chna tatuiruot\u0117s.<\/p>\n<p>Kreminiuose da\u017euose gali b\u016bti fenilendiamin\u0173 (fenilendiaminai (toluendiaminai), rezorcinolis (rezorcinolis), amoniakas (amoniakas) (\u017er. kompozicij\u0105). Kremo oksidatoriuje yra vandenilio peroksido.&nbsp;<\/p>\n<p>Nenaudoti antakiams ir blakstienoms da\u017eyti.Po da\u017eymo kruop&scaron;\u010diai i&scaron;skalauti plaukus.<\/p>\n<p>Atlikite alergijos test\u0105 24 valandas prie&scaron; kiekvien\u0105 da\u017eym\u0105, net jei anks\u010diau naudojote kremines plauk\u0173 spalvas.&nbsp;<\/p>\n<p>Stenkit\u0117s, kad da\u017e\u0173 mi&scaron;inys nepatekt\u0173 \u012f akis. Jei produkto pateko \u012f akis, nedelsiant nuplaukite vandeniu.<\/p>\n<p>Naudokite pridedamas pir&scaron;tines.<\/p>\n<p>Dirbdami su kreminiais da\u017eais nenaudokite metalini\u0173 daikt\u0173.<\/p>\n<p>Laikyti vaikams nepasiekiamoje vietoje.<\/p>\n<p><strong>Laikymo s\u0105lygos:<\/strong> laikyti nuo +5 &ordm;C iki +25 &ordm;C temperat\u016broje, be tiesiogini\u0173 saul\u0117s spinduli\u0173, ne ma\u017eesniu kaip 0,5 m atstumu nuo &scaron;ildymo prietais\u0173. Tu&scaron;\u010dias pakuotes i&scaron;meskite kaip buitines atliekas.<br \/>\n&nbsp;<\/p>\n","protected":false},"excerpt":{"rendered":"<p>Nepriekai&scaron;tinga plauk\u0173 prie\u017ei\u016bra da\u017eymo metu d\u0117l nat\u016brali\u0173 &scaron;ermuk&scaron;ni\u0173 ir alyvuogi\u0173 aliej\u0173, u\u017etikrinan\u010di\u0173 sodri\u0105 ir ilgalaik\u0119 spalv\u0105 bei patikim\u0105 \u017eil\u0173 plauk\u0173 da\u017eym\u0105. Kremin\u0117 da\u017e\u0173 formul\u0117 giliai \u012fsiskverbia \u012f plauk\u0173 strukt\u016br\u0105, tod\u0117l ilgai i&scaron;lieka intensyvi spalva, pripildyta ne\u012ftik\u0117tino blizgesio. Plauk\u0173 prie\u017ei\u016bra po da\u017eymo: specialus balzamas su varnal\u0117&scaron;\u0173, &scaron;altalanki\u0173 ir lin\u0173 fitokompleksu &scaron;velniai plauk\u0173 prie\u017ei\u016brai po da\u017eymo. U\u017ebaigia [&#8230;]\n","protected":false},"featured_media":100708,"template":"","meta":[],"product_cat":[1442],"product_tag":[],"class_list":{"0":"post-30495","1":"product","2":"type-product","3":"status-publish","4":"has-post-thumbnail","6":"product_brand-supermash_ua-lt","7":"product_cat-plauku-dazai-plauku-dazai","9":"first","10":"instock","11":"taxable","12":"shipping-taxable","13":"product-type-simple"},"_links":{"self":[{"href":"https:\/\/e.kosmolat.eu\/lt\/wp-json\/wp\/v2\/product\/30495","targetHints":{"allow":["GET"]}}],"collection":[{"href":"https:\/\/e.kosmolat.eu\/lt\/wp-json\/wp\/v2\/product"}],"about":[{"href":"https:\/\/e.kosmolat.eu\/lt\/wp-json\/wp\/v2\/types\/product"}],"wp:featuredmedia":[{"embeddable":true,"href":"https:\/\/e.kosmolat.eu\/lt\/wp-json\/wp\/v2\/media\/100708"}],"wp:attachment":[{"href":"https:\/\/e.kosmolat.eu\/lt\/wp-json\/wp\/v2\/media?parent=30495"}],"wp:term":[{"taxonomy":"product_cat","embeddable":true,"href":"https:\/\/e.kosmolat.eu\/lt\/wp-json\/wp\/v2\/product_cat?post=30495"},{"taxonomy":"product_tag","embeddable":true,"href":"https:\/\/e.kosmolat.eu\/lt\/wp-json\/wp\/v2\/product_tag?post=30495"}],"curies":[{"name":"wp","href":"https:\/\/api.w.org\/{rel}","templated":true}]}}