{"id":30347,"date":"2023-12-19T20:36:13","date_gmt":"2023-12-19T20:36:13","guid":{"rendered":"https:\/\/e.kosmolat.eu\/product\/dr-house-flower-tualetes-bloks-40-g\/"},"modified":"2026-02-19T08:24:19","modified_gmt":"2026-02-19T08:24:19","slug":"dr-house-flower-tualetes-bloks-40-g","status":"publish","type":"product","link":"https:\/\/e.kosmolat.eu\/lt\/produktas\/dr-house-flower-tualetes-bloks-40-g\/","title":{"rendered":"DR.HOUSE Flower Tualeto valiklis-gaiviklis, 40 g"},"content":{"rendered":"<p>Nuvalo klozeto pavir&scaron;i\u0173 ir apsaugo nuo kalki\u0173 nuos\u0117d\u0173 susidarymo, suteikdamas sodrias putas ir gaiv\u0173 kvap\u0105 su kiekvienu nuleidimu.<\/p>\n<p><strong>Naudojimas:<\/strong> pakabinkite &nbsp;unitazo viduje po tekan\u010diu vandeniu.<\/p>\n<p><strong>Sud\u0117tis: <\/strong>30 % ir daugiau anijonini\u0173 &nbsp;aktyvi\u0173j\u0173 pavir&scaron;inio med\u017eiagos, ma\u017eiau kaip, 5 % &nbsp;nejonini\u0173 &nbsp;aktyvi\u0173j\u0173 pavir&scaron;inio med\u017eiagos. Kvapai\/ Citronellol, Geraniol.<\/p>\n<p>&nbsp;<\/p>\n<p><strong><img decoding=\"async\" alt=\"\" src=\"https:\/\/www.reach-compliance.ch\/images\/acid1cols3.jpg\" style=\"height:40px; width:40px\" \/>GHS05 &nbsp;Pavojinga<\/strong><br \/>\nH318 Smarkiai pa\u017eeid\u017eia akis<br \/>\nH315 Dirgina od\u0105 &nbsp;<br \/>\nH412 Kenksminga vandens organizmams, sukelia ilgalaikius pakitimus.<br \/>\nP101 Jei reikalinga gydytojo konsultacija, su savimi tur\u0117kite produkto talpykl\u0105 ar jo etiket\u0119.<br \/>\nP102 Laikyti vaikams neprieinamoje vietoje<br \/>\nP273 Saugoti, kad nepatekt\u0173 \u012f aplink\u0105.<br \/>\nP280 M\u016bv\u0117ti apsaugines naudoti aki\u0173 apsaugos priemones, naudokite apsaugines pir&scaron;tines.<br \/>\nP302+P352 Patekus ant odos: Nuplauti dideliu kiekiu muilo ir vandens.<br \/>\nP305+P351+P338 Patekus \u012f akis: Kelias minutes atsargiai plauti vandeniu. I&scaron;imti kontaktinius l\u0119&scaron;ius, jeigu jie yra ir jeigu lengvai galima tai padaryti. Toliau plauti akis.<br \/>\nP310 Nedelsiant skambinti \u012f apsinuodijim\u0173 kontrol\u0117s ir informacijos biur\u0105 arba kreiptis \u012f gydytoj\u0105.<br \/>\nP501 Turin\u012f\/talpykl\u0105 i&scaron;pilti (i&scaron;mesti) &#8211; sunaudot\u0105 &nbsp;pakuot\u0117 utilizuoti &nbsp;kaip buitines atliekas.<br \/>\n&nbsp;<\/p>\n","protected":false},"excerpt":{"rendered":"<p>Nuvalo klozeto pavir&scaron;i\u0173 ir apsaugo nuo kalki\u0173 nuos\u0117d\u0173 susidarymo, suteikdamas sodrias putas ir gaiv\u0173 kvap\u0105 su kiekvienu nuleidimu. Naudojimas: pakabinkite &nbsp;unitazo viduje po tekan\u010diu vandeniu. Sud\u0117tis: 30 % ir daugiau anijonini\u0173 &nbsp;aktyvi\u0173j\u0173 pavir&scaron;inio med\u017eiagos, ma\u017eiau kaip, 5 % &nbsp;nejonini\u0173 &nbsp;aktyvi\u0173j\u0173 pavir&scaron;inio med\u017eiagos. Kvapai\/ Citronellol, Geraniol. &nbsp; GHS05 &nbsp;Pavojinga H318 Smarkiai pa\u017eeid\u017eia akis H315 Dirgina od\u0105 [&#8230;]\n","protected":false},"featured_media":97250,"template":"","meta":[],"product_cat":[2181],"product_tag":[],"class_list":{"0":"post-30347","1":"product","2":"type-product","3":"status-publish","4":"has-post-thumbnail","6":"product_brand-vento_cz-lt","7":"product_cat-bez-kategorijas-lt","9":"first","10":"instock","11":"taxable","12":"shipping-taxable","13":"product-type-simple"},"_links":{"self":[{"href":"https:\/\/e.kosmolat.eu\/lt\/wp-json\/wp\/v2\/product\/30347","targetHints":{"allow":["GET"]}}],"collection":[{"href":"https:\/\/e.kosmolat.eu\/lt\/wp-json\/wp\/v2\/product"}],"about":[{"href":"https:\/\/e.kosmolat.eu\/lt\/wp-json\/wp\/v2\/types\/product"}],"wp:featuredmedia":[{"embeddable":true,"href":"https:\/\/e.kosmolat.eu\/lt\/wp-json\/wp\/v2\/media\/97250"}],"wp:attachment":[{"href":"https:\/\/e.kosmolat.eu\/lt\/wp-json\/wp\/v2\/media?parent=30347"}],"wp:term":[{"taxonomy":"product_cat","embeddable":true,"href":"https:\/\/e.kosmolat.eu\/lt\/wp-json\/wp\/v2\/product_cat?post=30347"},{"taxonomy":"product_tag","embeddable":true,"href":"https:\/\/e.kosmolat.eu\/lt\/wp-json\/wp\/v2\/product_tag?post=30347"}],"curies":[{"name":"wp","href":"https:\/\/api.w.org\/{rel}","templated":true}]}}