{"id":30343,"date":"2023-12-19T20:35:45","date_gmt":"2023-12-19T20:35:45","guid":{"rendered":"https:\/\/e.kosmolat.eu\/product\/dr-house-orange-koka-un-laminetu-virsmu-mazg-lidz-1-l\/"},"modified":"2026-03-18T11:00:17","modified_gmt":"2026-03-18T11:00:17","slug":"dr-house-orange-koka-un-laminetu-virsmu-mazg-lidz-1-l","status":"publish","type":"product","link":"https:\/\/e.kosmolat.eu\/lt\/produktas\/dr-house-orange-koka-un-laminetu-virsmu-mazg-lidz-1-l\/","title":{"rendered":"DR.HOUSE Orange Ploviklis medienai ir laminuotiems pavir\u0161iams, 1 l"},"content":{"rendered":"<p>&Scaron;velnus, bet efektyvus muilo pagrindo valiklis, skirtas vis\u0173 plaunam\u0173 medienos ir laminato pavir&scaron;i\u0173 valymui. Nuvalo ir suteikia malon\u0173 aromat\u0105.<\/p>\n<p><strong>Naudojimas: <\/strong>2 produkto dangtelius i&scaron;tirpinkite 5 litrais vandens ir nuvalykite pavir&scaron;i\u0173 dr\u0117gna &scaron;luoste.<\/p>\n<p><strong>Sud\u0117tis: <\/strong>ma\u017eiau kaip, 5 % &nbsp;anijonini\u0173 &nbsp;aktyvi\u0173j\u0173 pavir&scaron;inio med\u017eiagos, ma\u017eiau kaip, 5 % &nbsp;nejonini\u0173 &nbsp;aktyvi\u0173j\u0173 pavir&scaron;inio med\u017eiagos, ma\u017eiau kaip, 5 % &nbsp;muilas, ma\u017eiau kaip, 5 % &nbsp;EDTA ir jos drusk\u0173. Kvapai.&nbsp;<\/p>\n<p>&nbsp;<\/p>\n<p><strong><img decoding=\"async\" alt=\"\" src=\"https:\/\/www.reach-compliance.ch\/images\/exclam1cols3.jpg\" style=\"height:40px; width:40px\" \/>GHS07 Atsargiai<\/strong><br \/>\nH319 Sukelia smark\u0173 aki\u0173 dirginim\u0105.<br \/>\nP101 Jei reikalinga gydytojo konsultacija, su savimi tur\u0117kite produkto talpykl\u0105 ar jo etiket\u0119.<br \/>\nP102 Laikyti vaikams neprieinamoje vietoje<br \/>\nP264 Po naudojimo kruop&scaron;\u010diai nuplaukite rankas<br \/>\nP280 M\u016bv\u0117ti apsaugines naudoti aki\u0173 apsaugos priemones.<br \/>\nP305+P351+P338 Patekus \u012f akis: Kelias minutes atsargiai plauti vandeniu. I&scaron;imti kontaktinius l\u0119&scaron;ius, jeigu jie yra ir jeigu lengvai galima tai padaryti. Toliau plauti akis.<br \/>\nP337+P313 Jei aki\u0173 dirginimas nepraeina: kreiptis \u012f gydytoj\u0105&nbsp;<br \/>\n&nbsp;<\/p>\n","protected":false},"excerpt":{"rendered":"<p>&Scaron;velnus, bet efektyvus muilo pagrindo valiklis, skirtas vis\u0173 plaunam\u0173 medienos ir laminato pavir&scaron;i\u0173 valymui. Nuvalo ir suteikia malon\u0173 aromat\u0105. Naudojimas: 2 produkto dangtelius i&scaron;tirpinkite 5 litrais vandens ir nuvalykite pavir&scaron;i\u0173 dr\u0117gna &scaron;luoste. Sud\u0117tis: ma\u017eiau kaip, 5 % &nbsp;anijonini\u0173 &nbsp;aktyvi\u0173j\u0173 pavir&scaron;inio med\u017eiagos, ma\u017eiau kaip, 5 % &nbsp;nejonini\u0173 &nbsp;aktyvi\u0173j\u0173 pavir&scaron;inio med\u017eiagos, ma\u017eiau kaip, 5 % &nbsp;muilas, ma\u017eiau [&#8230;]\n","protected":false},"featured_media":98004,"template":"","meta":[],"product_cat":[2181],"product_tag":[],"class_list":{"0":"post-30343","1":"product","2":"type-product","3":"status-publish","4":"has-post-thumbnail","6":"product_brand-vento_cz-lt","7":"product_cat-bez-kategorijas-lt","9":"first","10":"outofstock","11":"taxable","12":"shipping-taxable","13":"product-type-simple"},"_links":{"self":[{"href":"https:\/\/e.kosmolat.eu\/lt\/wp-json\/wp\/v2\/product\/30343","targetHints":{"allow":["GET"]}}],"collection":[{"href":"https:\/\/e.kosmolat.eu\/lt\/wp-json\/wp\/v2\/product"}],"about":[{"href":"https:\/\/e.kosmolat.eu\/lt\/wp-json\/wp\/v2\/types\/product"}],"wp:featuredmedia":[{"embeddable":true,"href":"https:\/\/e.kosmolat.eu\/lt\/wp-json\/wp\/v2\/media\/98004"}],"wp:attachment":[{"href":"https:\/\/e.kosmolat.eu\/lt\/wp-json\/wp\/v2\/media?parent=30343"}],"wp:term":[{"taxonomy":"product_cat","embeddable":true,"href":"https:\/\/e.kosmolat.eu\/lt\/wp-json\/wp\/v2\/product_cat?post=30343"},{"taxonomy":"product_tag","embeddable":true,"href":"https:\/\/e.kosmolat.eu\/lt\/wp-json\/wp\/v2\/product_tag?post=30343"}],"curies":[{"name":"wp","href":"https:\/\/api.w.org\/{rel}","templated":true}]}}