{"id":30327,"date":"2023-12-19T20:33:47","date_gmt":"2023-12-19T20:33:47","guid":{"rendered":"https:\/\/e.kosmolat.eu\/product\/dr-house-traipu-tirisanas-pulveris-750-g\/"},"modified":"2026-04-23T13:57:57","modified_gmt":"2026-04-23T13:57:57","slug":"dr-house-traipu-tirisanas-pulveris-750-g","status":"publish","type":"product","link":"https:\/\/e.kosmolat.eu\/lt\/produktas\/dr-house-traipu-tirisanas-pulveris-750-g\/","title":{"rendered":"DR.HOUSE D\u0117mi\u0173 valymoo milteliai, 750 g"},"content":{"rendered":"<p>Priemon\u0117 \u012fsisen\u0117jusioms d\u0117m\u0117ms pa&scaron;alinti (kavos, arbatos, vyno, vaisi\u0173, \u017eol\u0117s ir kt. Galima naudoti ir spalvotiems audiniams, apmu&scaron;alams ir kilimams. Padidina skalbimo priemon\u0117s efektyvum\u0105 ir apsaugo med\u017eiag\u0173 pluo&scaron;tus bei spalvas.<\/p>\n<p><strong>Naudojimas:<\/strong>&nbsp;<\/p>\n<ul>\n<li>Plovimui rankomis: 1\/3 matavimo &scaron;auk&scaron;to (apie 10 g) i&scaron;tirpinkite 0,5 l &scaron;ilto vandens (apie 40 &deg;C). Spalvotus audinius mirkykite ne ilgiau kaip 1 valand\u0105, baltus &ndash; ne ilgiau kaip 6 valandas. Tada i&scaron;skalbkite ir i&scaron;skalaukite.<\/li>\n<li>Skalbiant skalbimo ma&scaron;inoje: \u012f pirminio skalbimo ir pagrindinio skalbiklio skyrelius \u012fpilkite 1 kau&scaron;el\u012f.<\/li>\n<li>D\u0117mi\u0173 &scaron;alinimas ant balt\u0173 audini\u0173: 2 kau&scaron;elius (apie 60 g) i&scaron;tirpinkite 5 &scaron;auk&scaron;tuose vandens, palikite ant d\u0117m\u0117s 15 minu\u010di\u0173, nuplaukite vandeniu ir i&scaron;plaukite.<\/li>\n<li>Mink&scaron;t\u0173 bald\u0173 ir kilim\u0173 valymas: 1\/3 matavimo &scaron;auk&scaron;to (apie 10 g) i&scaron;tirpinti 0,5 l &scaron;ilto vandens. U\u017epilkite ant d\u0117m\u0117s, patrinkite ir nuvalykite. Norint pasiekti geriausi\u0173 rezultat\u0173, rekomenduojama naudoti &scaron;ilt\u0105 arba kar&scaron;t\u0105 vanden\u012f. Jei reikia, pakartokite.<\/li>\n<\/ul>\n<p>Prie&scaron; naudodami patikrinkite spalvos atsparum\u0105. Nenaudoti ant vilnos, &scaron;ilko ar odos. Nenaudokite ant sag\u0173 ar metalini\u0173 u\u017etrauktuk\u0173.<\/p>\n<p><strong>Sud\u0117tis: <\/strong>30 % ir daugiau deguonies pagrindo balinimo priemoni\u0173.<\/p>\n<p>&nbsp;<\/p>\n<p><strong><img decoding=\"async\" alt=\"\" src=\"https:\/\/www.reach-compliance.ch\/images\/acid1cols3.jpg\" style=\"height:40px; width:40px\" \/>GHS05 Pavojinga<\/strong><br \/>\nH318 Smarkiai pa\u017eeid\u017eia akis<br \/>\nH302 Kenksminga prarijus.<br \/>\nP101 Jei reikalinga gydytojo konsultacija, su savimi tur\u0117kite produkto talpykl\u0105 ar jo etiket\u0119.<br \/>\nP102 Laikyti vaikams neprieinamoje vietoje<br \/>\nP264 Po naudojimo kruop&scaron;\u010diai nuplaukite rankas<br \/>\nP270 Naudojant &scaron;\u012f produkt\u0105, nevalgyti, negerti ir ner\u016bkyti.<br \/>\nP280 M\u016bv\u0117ti apsaugines pir&scaron;tines\/naudoti aki\u0173 apsaugos priemones&nbsp;<br \/>\nP301+P312 Prarijus: pasijutus blogai, skambinti \u012f apsinuodijim\u0173 kontrol\u0117s ir informacijos biur\u0105 \/ kreiptis \u012f gydytoj\u0105.<br \/>\nP305+P351+P338 Patekus \u012f akis: Kelias minutes atsargiai plauti vandeniu. I&scaron;imti kontaktinius l\u0119&scaron;ius, jeigu jie yra ir jeigu lengvai galima tai padaryti. Toliau plauti akis.<br \/>\nP310 Nedelsiant skambinti \u012f apsinuodijim\u0173 kontrol\u0117s ir informacijos biur\u0105 arba kreiptis \u012f gydytoj\u0105<br \/>\nP501 Turin\u012f\/talpykl\u0105 i&scaron;pilti (i&scaron;mesti) &#8211; sunaudot\u0105 &nbsp;pakuot\u0117 utilizuoti &nbsp;kaip buitines atliekas.<br \/>\n&nbsp;<\/p>\n","protected":false},"excerpt":{"rendered":"<p>Priemon\u0117 \u012fsisen\u0117jusioms d\u0117m\u0117ms pa&scaron;alinti (kavos, arbatos, vyno, vaisi\u0173, \u017eol\u0117s ir kt. Galima naudoti ir spalvotiems audiniams, apmu&scaron;alams ir kilimams. Padidina skalbimo priemon\u0117s efektyvum\u0105 ir apsaugo med\u017eiag\u0173 pluo&scaron;tus bei spalvas. Naudojimas:&nbsp; Plovimui rankomis: 1\/3 matavimo &scaron;auk&scaron;to (apie 10 g) i&scaron;tirpinkite 0,5 l &scaron;ilto vandens (apie 40 &deg;C). Spalvotus audinius mirkykite ne ilgiau kaip 1 valand\u0105, baltus [&#8230;]\n","protected":false},"featured_media":97988,"template":"","meta":[],"product_cat":[1534],"product_tag":[],"class_list":{"0":"post-30327","1":"product","2":"type-product","3":"status-publish","4":"has-post-thumbnail","6":"product_brand-vento_cz-lt","7":"product_cat-priemones-demems","9":"first","10":"outofstock","11":"taxable","12":"shipping-taxable","13":"product-type-simple"},"_links":{"self":[{"href":"https:\/\/e.kosmolat.eu\/lt\/wp-json\/wp\/v2\/product\/30327","targetHints":{"allow":["GET"]}}],"collection":[{"href":"https:\/\/e.kosmolat.eu\/lt\/wp-json\/wp\/v2\/product"}],"about":[{"href":"https:\/\/e.kosmolat.eu\/lt\/wp-json\/wp\/v2\/types\/product"}],"wp:featuredmedia":[{"embeddable":true,"href":"https:\/\/e.kosmolat.eu\/lt\/wp-json\/wp\/v2\/media\/97988"}],"wp:attachment":[{"href":"https:\/\/e.kosmolat.eu\/lt\/wp-json\/wp\/v2\/media?parent=30327"}],"wp:term":[{"taxonomy":"product_cat","embeddable":true,"href":"https:\/\/e.kosmolat.eu\/lt\/wp-json\/wp\/v2\/product_cat?post=30327"},{"taxonomy":"product_tag","embeddable":true,"href":"https:\/\/e.kosmolat.eu\/lt\/wp-json\/wp\/v2\/product_tag?post=30327"}],"curies":[{"name":"wp","href":"https:\/\/api.w.org\/{rel}","templated":true}]}}