{"id":30323,"date":"2023-12-19T20:33:25","date_gmt":"2023-12-19T20:33:25","guid":{"rendered":"https:\/\/e.kosmolat.eu\/product\/dr-house-sprejs-koka-virsmu-tirisanai-universals-500-ml\/"},"modified":"2026-04-09T13:32:45","modified_gmt":"2026-04-09T13:32:45","slug":"i_dr-house-wood-multicl-izsmidz-koka-virsmu-tiris-llidz-500-ml","status":"publish","type":"product","link":"https:\/\/e.kosmolat.eu\/lt\/produktas\/i_dr-house-wood-multicl-izsmidz-koka-virsmu-tiris-llidz-500-ml\/","title":{"rendered":"I_DR.HOUSE Wood Multicleaner Pur\u0161kiamas valiklis mediniams pavir\u0161iams, 500 ml"},"content":{"rendered":"<p>Priemon\u0117s riebalams ir ne&scaron;varumams nuvalyti nuo plaunam\u0173 medini\u0173 pavir&scaron;i\u0173 &ndash; medini\u0173 k\u0117d\u017ei\u0173, stal\u0173, dur\u0173, medini\u0173 plok&scaron;\u010di\u0173 ir kt.<\/p>\n<p><strong>Sud\u0117tis:<\/strong> ma\u017eiau kaip, 5 %&nbsp; anijonini\u0173&nbsp; aktyvi\u0173j\u0173 pavir&scaron;inio med\u017eiagos, ma\u017eiau kaip, 5 %&nbsp; nejonini\u0173&nbsp; aktyvi\u0173j\u0173 pavir&scaron;inio med\u017eiagos. Kvapai. Konservantas: Methylchloroisothiazolinone\/ Methylisothiazolinone.<\/p>\n<p><strong>EUH208<\/strong> Sud\u0117tyje yra: 5-chlor-2-metil-2H-izotiazol-3- ono ir 2-metil-2H-izotiazol-3-ono reakcijos mas\u0117 (3:1). Gali sukelti alergin\u0119 reakcij\u0105.<br \/>\nP101 Jei reikalinga gydytojo konsultacija, su savimi tur\u0117kite produkto talpykl\u0105 ar jo etiket\u0119.<br \/>\nP102 Laikyti vaikams neprieinamoje vietoje<\/p>\n","protected":false},"excerpt":{"rendered":"<p>Priemon\u0117s riebalams ir ne&scaron;varumams nuvalyti nuo plaunam\u0173 medini\u0173 pavir&scaron;i\u0173 &ndash; medini\u0173 k\u0117d\u017ei\u0173, stal\u0173, dur\u0173, medini\u0173 plok&scaron;\u010di\u0173 ir kt. Sud\u0117tis: ma\u017eiau kaip, 5 %&nbsp; anijonini\u0173&nbsp; aktyvi\u0173j\u0173 pavir&scaron;inio med\u017eiagos, ma\u017eiau kaip, 5 %&nbsp; nejonini\u0173&nbsp; aktyvi\u0173j\u0173 pavir&scaron;inio med\u017eiagos. Kvapai. Konservantas: Methylchloroisothiazolinone\/ Methylisothiazolinone. EUH208 Sud\u0117tyje yra: 5-chlor-2-metil-2H-izotiazol-3- ono ir 2-metil-2H-izotiazol-3-ono reakcijos mas\u0117 (3:1). Gali sukelti alergin\u0119 reakcij\u0105. P101 Jei [&#8230;]\n","protected":false},"featured_media":98028,"template":"","meta":[],"product_cat":[2181],"product_tag":[],"class_list":{"0":"post-30323","1":"product","2":"type-product","3":"status-publish","4":"has-post-thumbnail","6":"product_brand-vento_cz-lt","7":"product_cat-bez-kategorijas-lt","9":"first","10":"instock","11":"taxable","12":"shipping-taxable","13":"product-type-simple"},"_links":{"self":[{"href":"https:\/\/e.kosmolat.eu\/lt\/wp-json\/wp\/v2\/product\/30323","targetHints":{"allow":["GET"]}}],"collection":[{"href":"https:\/\/e.kosmolat.eu\/lt\/wp-json\/wp\/v2\/product"}],"about":[{"href":"https:\/\/e.kosmolat.eu\/lt\/wp-json\/wp\/v2\/types\/product"}],"wp:featuredmedia":[{"embeddable":true,"href":"https:\/\/e.kosmolat.eu\/lt\/wp-json\/wp\/v2\/media\/98028"}],"wp:attachment":[{"href":"https:\/\/e.kosmolat.eu\/lt\/wp-json\/wp\/v2\/media?parent=30323"}],"wp:term":[{"taxonomy":"product_cat","embeddable":true,"href":"https:\/\/e.kosmolat.eu\/lt\/wp-json\/wp\/v2\/product_cat?post=30323"},{"taxonomy":"product_tag","embeddable":true,"href":"https:\/\/e.kosmolat.eu\/lt\/wp-json\/wp\/v2\/product_tag?post=30323"}],"curies":[{"name":"wp","href":"https:\/\/api.w.org\/{rel}","templated":true}]}}