{"id":30307,"date":"2023-12-19T20:31:42","date_gmt":"2023-12-19T20:31:42","guid":{"rendered":"https:\/\/e.kosmolat.eu\/product\/dr-house-stikla-keramikas-plits-tir-krems-250-ml\/"},"modified":"2026-05-07T19:48:26","modified_gmt":"2026-05-07T19:48:26","slug":"dr-house-stikla-keramikas-plits-tir-krems-250-ml","status":"publish","type":"product","link":"https:\/\/e.kosmolat.eu\/lt\/produktas\/dr-house-stikla-keramikas-plits-tir-krems-250-ml\/","title":{"rendered":"DR.HOUSE Kremas stiklo keramikos valymui, 250 ml"},"content":{"rendered":"<p>Kruop&scaron;\u010diai ir &scaron;velniai nuvalo \u012fsisen\u0117jusius ne&scaron;varumus, kalki\u0173 nuos\u0117das, vandens d\u0117mes ir riebalus nuo keramini\u0173 ir indukcini\u0173 pavir&scaron;i\u0173 j\u0173 nesubrai\u017eydamas.<\/p>\n<p><strong>Naudojimas: <\/strong>prie&scaron; naudojim\u0105 gerai suplakti. Nuo valomo pavir&scaron;iaus pa&scaron;alinkite pridegusio maisto liku\u010dius. U\u017etepkite produkt\u0105 ant atv\u0117susio pavir&scaron;iaus, leiskite suveikti ir nuvalykite dr\u0117gna &scaron;luoste. Tada nupoliruokite pavir&scaron;i\u0173. Laikykit\u0117s virykl\u0117s gamintojo nurodym\u0173.<\/p>\n<p><strong>Sud\u0117tis:<\/strong> ma\u017eiau kaip, 5 % &nbsp;nejonini\u0173 &nbsp;aktyvi\u0173j\u0173 pavir&scaron;inio med\u017eiagos. Kvapai. Konservantas: 2-Bromo-2-Nitropropane-1,3-Diol.<\/p>\n<p>&nbsp;<\/p>\n<p><strong><img decoding=\"async\" alt=\"\" src=\"https:\/\/www.reach-compliance.ch\/images\/acid1cols3.jpg\" style=\"height:40px; width:40px\" \/>GHS07 Atsargiai<\/strong><br \/>\nH319 Sukelia smark\u0173 aki\u0173 dirginim\u0105.<br \/>\nP101 Jei reikalinga gydytojo konsultacija, su savimi tur\u0117kite produkto talpykl\u0105 ar jo etiket\u0119.<br \/>\nP102 Laikyti vaikams neprieinamoje vietoje<br \/>\nP264 Po naudojimo kruop&scaron;\u010diai nuplaukite rankas<br \/>\nP280 M\u016bv\u0117ti apsaugines naudoti aki\u0173 apsaugos priemones.<br \/>\nP305+P351+P338 Patekus \u012f akis: Kelias minutes atsargiai plauti vandeniu. I&scaron;imti kontaktinius l\u0119&scaron;ius, jeigu jie yra ir jeigu lengvai galima tai padaryti. Toliau plauti akis.<br \/>\nP337+P313 Jei aki\u0173 dirginimas nepraeina: kreiptis \u012f gydytoj\u0105&nbsp;<br \/>\n&nbsp;<\/p>\n","protected":false},"excerpt":{"rendered":"<p>Kruop&scaron;\u010diai ir &scaron;velniai nuvalo \u012fsisen\u0117jusius ne&scaron;varumus, kalki\u0173 nuos\u0117das, vandens d\u0117mes ir riebalus nuo keramini\u0173 ir indukcini\u0173 pavir&scaron;i\u0173 j\u0173 nesubrai\u017eydamas. Naudojimas: prie&scaron; naudojim\u0105 gerai suplakti. Nuo valomo pavir&scaron;iaus pa&scaron;alinkite pridegusio maisto liku\u010dius. U\u017etepkite produkt\u0105 ant atv\u0117susio pavir&scaron;iaus, leiskite suveikti ir nuvalykite dr\u0117gna &scaron;luoste. Tada nupoliruokite pavir&scaron;i\u0173. Laikykit\u0117s virykl\u0117s gamintojo nurodym\u0173. Sud\u0117tis: ma\u017eiau kaip, 5 % &nbsp;nejonini\u0173 [&#8230;]\n","protected":false},"featured_media":97980,"template":"","meta":[],"product_cat":[1468],"product_tag":[],"class_list":{"0":"post-30307","1":"product","2":"type-product","3":"status-publish","4":"has-post-thumbnail","6":"product_brand-vento_cz-lt","7":"product_cat-virtuvei-namu-priezurai-namu-priezurai","9":"first","10":"instock","11":"taxable","12":"shipping-taxable","13":"product-type-simple"},"_links":{"self":[{"href":"https:\/\/e.kosmolat.eu\/lt\/wp-json\/wp\/v2\/product\/30307","targetHints":{"allow":["GET"]}}],"collection":[{"href":"https:\/\/e.kosmolat.eu\/lt\/wp-json\/wp\/v2\/product"}],"about":[{"href":"https:\/\/e.kosmolat.eu\/lt\/wp-json\/wp\/v2\/types\/product"}],"wp:featuredmedia":[{"embeddable":true,"href":"https:\/\/e.kosmolat.eu\/lt\/wp-json\/wp\/v2\/media\/97980"}],"wp:attachment":[{"href":"https:\/\/e.kosmolat.eu\/lt\/wp-json\/wp\/v2\/media?parent=30307"}],"wp:term":[{"taxonomy":"product_cat","embeddable":true,"href":"https:\/\/e.kosmolat.eu\/lt\/wp-json\/wp\/v2\/product_cat?post=30307"},{"taxonomy":"product_tag","embeddable":true,"href":"https:\/\/e.kosmolat.eu\/lt\/wp-json\/wp\/v2\/product_tag?post=30307"}],"curies":[{"name":"wp","href":"https:\/\/api.w.org\/{rel}","templated":true}]}}