{"id":30299,"date":"2023-12-19T20:31:00","date_gmt":"2023-12-19T20:31:00","guid":{"rendered":"https:\/\/e.kosmolat.eu\/product\/dr-house-lemon-zelejveida-gaisa-atsvaidzinatajs-150-g\/"},"modified":"2026-04-10T11:23:23","modified_gmt":"2026-04-10T11:23:23","slug":"dr-house-lemon-zelejveida-gaisa-atsvaidzinatajs-150-g","status":"publish","type":"product","link":"https:\/\/e.kosmolat.eu\/lt\/produktas\/dr-house-lemon-zelejveida-gaisa-atsvaidzinatajs-150-g\/","title":{"rendered":"DR.HOUSE Lemon Gelinis oro gaiviklis, 150 g"},"content":{"rendered":"<p><strong>Atsargumo priemon\u0117s: <\/strong>Gali sukelti alergin\u0119 reakcij\u0105. Saugoti nuo vaik\u0173.<\/p>\n<p><strong>Sud\u0117tis: <\/strong>Kvapai\/ Citral, Linalool.<\/p>\n<p>P101 Jei reikalinga gydytojo konsultacija, su savimi tur\u0117kite produkto talpykl\u0105 ar jo etiket\u0119.<br \/>\nP102 Laikyti vaikams neprieinamoje vietoje<br \/>\nP103 Prie&scaron; naudojim\u0105 perskaityti etiket\u0119.<br \/>\n&nbsp;<\/p>\n","protected":false},"excerpt":{"rendered":"<p>Atsargumo priemon\u0117s: Gali sukelti alergin\u0119 reakcij\u0105. Saugoti nuo vaik\u0173. Sud\u0117tis: Kvapai\/ Citral, Linalool. P101 Jei reikalinga gydytojo konsultacija, su savimi tur\u0117kite produkto talpykl\u0105 ar jo etiket\u0119. P102 Laikyti vaikams neprieinamoje vietoje P103 Prie&scaron; naudojim\u0105 perskaityti etiket\u0119. &nbsp;<\/p>\n","protected":false},"featured_media":97972,"template":"","meta":[],"product_cat":[1524],"product_tag":[],"class_list":{"0":"post-30299","1":"product","2":"type-product","3":"status-publish","4":"has-post-thumbnail","6":"product_brand-vento_cz-lt","7":"product_cat-oro-gaivikliai-namu-kvapikliai","9":"first","10":"instock","11":"taxable","12":"shipping-taxable","13":"product-type-simple"},"_links":{"self":[{"href":"https:\/\/e.kosmolat.eu\/lt\/wp-json\/wp\/v2\/product\/30299","targetHints":{"allow":["GET"]}}],"collection":[{"href":"https:\/\/e.kosmolat.eu\/lt\/wp-json\/wp\/v2\/product"}],"about":[{"href":"https:\/\/e.kosmolat.eu\/lt\/wp-json\/wp\/v2\/types\/product"}],"wp:featuredmedia":[{"embeddable":true,"href":"https:\/\/e.kosmolat.eu\/lt\/wp-json\/wp\/v2\/media\/97972"}],"wp:attachment":[{"href":"https:\/\/e.kosmolat.eu\/lt\/wp-json\/wp\/v2\/media?parent=30299"}],"wp:term":[{"taxonomy":"product_cat","embeddable":true,"href":"https:\/\/e.kosmolat.eu\/lt\/wp-json\/wp\/v2\/product_cat?post=30299"},{"taxonomy":"product_tag","embeddable":true,"href":"https:\/\/e.kosmolat.eu\/lt\/wp-json\/wp\/v2\/product_tag?post=30299"}],"curies":[{"name":"wp","href":"https:\/\/api.w.org\/{rel}","templated":true}]}}