{"id":30283,"date":"2023-12-19T20:29:40","date_gmt":"2023-12-19T20:29:40","guid":{"rendered":"https:\/\/e.kosmolat.eu\/product\/dr-house-eco-natur-univers-virsmu-tir-lidzeklis-1-l\/"},"modified":"2026-05-07T19:58:56","modified_gmt":"2026-05-07T19:58:56","slug":"i_dr-house-eco-natur-univers-virsmu-tir-lidzeklis-1-l","status":"publish","type":"product","link":"https:\/\/e.kosmolat.eu\/lt\/produktas\/i_dr-house-eco-natur-univers-virsmu-tir-lidzeklis-1-l\/","title":{"rendered":"DR.HOUSE Eco Natur Universalus pavir\u0161i\u0173 valiklis, 1 l"},"content":{"rendered":"<p>Valiklis visiems pavir&scaron;iams ir grindims. Veiksmingai pa&scaron;alina ne&scaron;varumus ir riebalus, nepalikdamas dry\u017ei\u0173.<\/p>\n<p>Rekomenduojama doz\u0117 5 litrams vandens: lengvas purvas: 30 ml (2 &scaron;auk&scaron;tai), vidutinio ne&scaron;varumo &#8211; 60 ml (4 &scaron;auk&scaron;tai) produkto. Esant labai sunkiai \u012fveikiamiems ne&scaron;varumams, neatskiest\u0105 u\u017etepkite ant valomo pavir&scaron;iaus, leiskite jam veikti ir gerai nuplaukite vandeniu.<\/p>\n<p><strong>Sud\u0117tis: <\/strong>ma\u017eiau kaip, 5 % &nbsp;anijonini\u0173 &nbsp;aktyvi\u0173j\u0173 pavir&scaron;inio med\u017eiagos, ma\u017eiau kaip, 5 % &nbsp;nejonini\u0173 &nbsp;aktyvi\u0173j\u0173 pavir&scaron;inio med\u017eiagos. Kvapai\/ Limonene, Butylphenyl Methylpropional, Citronellol. Konservantas: Sodium Benzoate.<\/p>\n<p>&nbsp;<\/p>\n<p><strong><img decoding=\"async\" alt=\"\" src=\"https:\/\/www.reach-compliance.ch\/images\/exclam1cols3.jpg\" style=\"height:40px; width:40px\" \/>GHS07 Atsargiai<\/strong><\/p>\n<p>H319 Sukelia smark\u0173 aki\u0173 dirginim\u0105.<\/p>\n<p>P101 Jei reikalinga gydytojo konsultacija, su savimi tur\u0117kite produkto talpykl\u0105 ar jo etiket\u0119.<br \/>\nP102 Laikyti vaikams neprieinamoje vietoje<br \/>\nP264 Po naudojimo kruop&scaron;\u010diai nuplaukite rankas<br \/>\nP280 M\u016bv\u0117ti apsaugines naudoti aki\u0173 apsaugos priemones.<br \/>\nP305+P351+P338 Patekus \u012f akis: Kelias minutes atsargiai plauti vandeniu. I&scaron;imti kontaktinius l\u0119&scaron;ius, jeigu jie yra ir jeigu lengvai galima tai padaryti. Toliau plauti akis.<br \/>\nP337+P313 Jei aki\u0173 dirginimas nepraeina: kreiptis \u012f gydytoj\u0105<br \/>\n&nbsp;<\/p>\n","protected":false},"excerpt":{"rendered":"<p>Valiklis visiems pavir&scaron;iams ir grindims. Veiksmingai pa&scaron;alina ne&scaron;varumus ir riebalus, nepalikdamas dry\u017ei\u0173. Rekomenduojama doz\u0117 5 litrams vandens: lengvas purvas: 30 ml (2 &scaron;auk&scaron;tai), vidutinio ne&scaron;varumo &#8211; 60 ml (4 &scaron;auk&scaron;tai) produkto. Esant labai sunkiai \u012fveikiamiems ne&scaron;varumams, neatskiest\u0105 u\u017etepkite ant valomo pavir&scaron;iaus, leiskite jam veikti ir gerai nuplaukite vandeniu. Sud\u0117tis: ma\u017eiau kaip, 5 % &nbsp;anijonini\u0173 &nbsp;aktyvi\u0173j\u0173 [&#8230;]\n","protected":false},"featured_media":97607,"template":"","meta":[],"product_cat":[1468],"product_tag":[],"class_list":{"0":"post-30283","1":"product","2":"type-product","3":"status-publish","4":"has-post-thumbnail","6":"product_brand-vento_cz-lt","7":"product_cat-virtuvei-namu-priezurai-namu-priezurai","9":"first","10":"outofstock","11":"taxable","12":"shipping-taxable","13":"product-type-simple"},"_links":{"self":[{"href":"https:\/\/e.kosmolat.eu\/lt\/wp-json\/wp\/v2\/product\/30283","targetHints":{"allow":["GET"]}}],"collection":[{"href":"https:\/\/e.kosmolat.eu\/lt\/wp-json\/wp\/v2\/product"}],"about":[{"href":"https:\/\/e.kosmolat.eu\/lt\/wp-json\/wp\/v2\/types\/product"}],"wp:featuredmedia":[{"embeddable":true,"href":"https:\/\/e.kosmolat.eu\/lt\/wp-json\/wp\/v2\/media\/97607"}],"wp:attachment":[{"href":"https:\/\/e.kosmolat.eu\/lt\/wp-json\/wp\/v2\/media?parent=30283"}],"wp:term":[{"taxonomy":"product_cat","embeddable":true,"href":"https:\/\/e.kosmolat.eu\/lt\/wp-json\/wp\/v2\/product_cat?post=30283"},{"taxonomy":"product_tag","embeddable":true,"href":"https:\/\/e.kosmolat.eu\/lt\/wp-json\/wp\/v2\/product_tag?post=30283"}],"curies":[{"name":"wp","href":"https:\/\/api.w.org\/{rel}","templated":true}]}}