{"id":30279,"date":"2023-12-19T20:29:15","date_gmt":"2023-12-19T20:29:15","guid":{"rendered":"https:\/\/e.kosmolat.eu\/product\/dr-house-eco-natur-tualetes-podu-tir-lidz-750-ml\/"},"modified":"2026-05-07T19:58:26","modified_gmt":"2026-05-07T19:58:26","slug":"dr-house-eco-natur-tualetes-podu-tir-lidz-750-ml","status":"publish","type":"product","link":"https:\/\/e.kosmolat.eu\/lt\/produktas\/dr-house-eco-natur-tualetes-podu-tir-lidz-750-ml\/","title":{"rendered":"DR.HOUSE Eco Natur Tualet\u0173 valymo priemon\u0117, 750 ml"},"content":{"rendered":"<p>Tualet\u0173 valiklis su citrinos r\u016bg&scaron;timi. Tirpina apna&scaron;as ir efektyviai valo pavir&scaron;i\u0173 net ir labiausiai nepasiekiamose vietose. Sud\u0117tyje n\u0117ra chloro.<\/p>\n<p><strong>Naudojimas: <\/strong>padenkite klozeto vid\u0173 ir palikite veikti 15 minu\u010di\u0173. Tada nuvalykite pavir&scaron;i\u0173 tualeto &scaron;epe\u010diu.<\/p>\n<p><strong>Sud\u0117tis: <\/strong>ma\u017eiau kaip, 5% anijonini\u0173 &nbsp;aktyvi\u0173j\u0173 pavir&scaron;inio med\u017eiagos. Citrinos r\u016bg&scaron;tis. Kvapai. Konservantas: Sodium Benzoate.<\/p>\n<p>&nbsp;<\/p>\n<p><strong><img decoding=\"async\" alt=\"\" src=\"https:\/\/www.reach-compliance.ch\/images\/exclam1cols3.jpg\" style=\"height:40px; width:40px\" \/>GHS07 Atsargiai<\/strong><\/p>\n<p>H319 Sukelia smark\u0173 aki\u0173 dirginim\u0105.<\/p>\n<p>P101 Jei reikalinga gydytojo konsultacija, su savimi tur\u0117kite produkto talpykl\u0105 ar jo etiket\u0119.<br \/>\nP102 Laikyti vaikams neprieinamoje vietoje<br \/>\nP264 Po naudojimo kruop&scaron;\u010diai nuplaukite rankas<br \/>\nP280 M\u016bv\u0117ti apsaugines naudoti aki\u0173 apsaugos priemones.<br \/>\nP305+P351+P338 Patekus \u012f akis: Kelias minutes atsargiai plauti vandeniu. I&scaron;imti kontaktinius l\u0119&scaron;ius, jeigu jie yra ir jeigu lengvai galima tai padaryti. Toliau plauti akis.<br \/>\nP337+P313 Jei aki\u0173 dirginimas nepraeina: kreiptis \u012f gydytoj\u0105<br \/>\n&nbsp;<\/p>\n","protected":false},"excerpt":{"rendered":"<p>Tualet\u0173 valiklis su citrinos r\u016bg&scaron;timi. Tirpina apna&scaron;as ir efektyviai valo pavir&scaron;i\u0173 net ir labiausiai nepasiekiamose vietose. Sud\u0117tyje n\u0117ra chloro. Naudojimas: padenkite klozeto vid\u0173 ir palikite veikti 15 minu\u010di\u0173. Tada nuvalykite pavir&scaron;i\u0173 tualeto &scaron;epe\u010diu. Sud\u0117tis: ma\u017eiau kaip, 5% anijonini\u0173 &nbsp;aktyvi\u0173j\u0173 pavir&scaron;inio med\u017eiagos. Citrinos r\u016bg&scaron;tis. Kvapai. Konservantas: Sodium Benzoate. &nbsp; GHS07 Atsargiai H319 Sukelia smark\u0173 aki\u0173 dirginim\u0105. [&#8230;]\n","protected":false},"featured_media":97960,"template":"","meta":[],"product_cat":[1453],"product_tag":[],"class_list":{"0":"post-30279","1":"product","2":"type-product","3":"status-publish","4":"has-post-thumbnail","6":"product_brand-vento_cz-lt","7":"product_cat-vonios-kambariui-ir-tualetui","9":"first","10":"instock","11":"taxable","12":"shipping-taxable","13":"product-type-simple"},"_links":{"self":[{"href":"https:\/\/e.kosmolat.eu\/lt\/wp-json\/wp\/v2\/product\/30279","targetHints":{"allow":["GET"]}}],"collection":[{"href":"https:\/\/e.kosmolat.eu\/lt\/wp-json\/wp\/v2\/product"}],"about":[{"href":"https:\/\/e.kosmolat.eu\/lt\/wp-json\/wp\/v2\/types\/product"}],"wp:featuredmedia":[{"embeddable":true,"href":"https:\/\/e.kosmolat.eu\/lt\/wp-json\/wp\/v2\/media\/97960"}],"wp:attachment":[{"href":"https:\/\/e.kosmolat.eu\/lt\/wp-json\/wp\/v2\/media?parent=30279"}],"wp:term":[{"taxonomy":"product_cat","embeddable":true,"href":"https:\/\/e.kosmolat.eu\/lt\/wp-json\/wp\/v2\/product_cat?post=30279"},{"taxonomy":"product_tag","embeddable":true,"href":"https:\/\/e.kosmolat.eu\/lt\/wp-json\/wp\/v2\/product_tag?post=30279"}],"curies":[{"name":"wp","href":"https:\/\/api.w.org\/{rel}","templated":true}]}}