{"id":30275,"date":"2023-12-19T20:28:47","date_gmt":"2023-12-19T20:28:47","guid":{"rendered":"https:\/\/e.kosmolat.eu\/product\/dr-house-eco-natur-izsmidzinams-virtuves-tir-lidz-500-ml\/"},"modified":"2026-01-12T06:28:48","modified_gmt":"2026-01-12T06:28:48","slug":"i_dr-house-eco-natur-izsmidzinams-virtuves-tir-lidz-500-ml","status":"publish","type":"product","link":"https:\/\/e.kosmolat.eu\/lt\/produktas\/i_dr-house-eco-natur-izsmidzinams-virtuves-tir-lidz-500-ml\/","title":{"rendered":"DR.HOUSE Eco Natur Pur\u0161kiama valymo priemon\u0117 virtuvei, 500 ml"},"content":{"rendered":"<p>Orkai\u010di\u0173, gartrauki\u0173, mikrobang\u0173 krosneli\u0173, plyteli\u0173 ir darbini\u0173 pavir&scaron;i\u0173 valiklis. Pa&scaron;alina gaminimo metu susikaupusius riebius ne&scaron;varumus. Suteikia pavir&scaron;iams blizgesio ir malonaus aromato.<\/p>\n<p><strong>Naudojimas: <\/strong>pasukite antgal\u012f \u012f ON pad\u0117t\u012f, u\u017epurk&scaron;kite ant pavir&scaron;iaus, leiskite veikti kelet\u0105 minu\u010di\u0173 ir nuvalykite dr\u0117gna &scaron;luoste. Draugi&scaron;kas biologiniams nuotek\u0173 valymo \u012frenginiams.<\/p>\n<p><strong>Sud\u0117tis: <\/strong>ma\u017eiau kaip, 5 % &nbsp;anijonini\u0173 &nbsp;aktyvi\u0173j\u0173 pavir&scaron;inio med\u017eiagos, ma\u017eiau kaip, 5 % &nbsp;nejonini\u0173 &nbsp;aktyvi\u0173j\u0173 pavir&scaron;inio med\u017eiagos. Kvapai\/ Limonene.<\/p>\n<p>&nbsp;<\/p>\n<p><strong><img decoding=\"async\" alt=\"\" src=\"https:\/\/www.reach-compliance.ch\/images\/exclam1cols3.jpg\" style=\"height:40px; width:40px\" \/>GHS07 Atsargiai<\/strong><\/p>\n<p>H319 Sukelia smark\u0173 aki\u0173 dirginim\u0105.<\/p>\n<p>P101 Jei reikalinga gydytojo konsultacija, su savimi tur\u0117kite produkto talpykl\u0105 ar jo etiket\u0119.<br \/>\nP102 Laikyti vaikams neprieinamoje vietoje<br \/>\nP264 Po naudojimo kruop&scaron;\u010diai nuplaukite rankas<br \/>\nP280 M\u016bv\u0117ti apsaugines naudoti aki\u0173 apsaugos priemones.<br \/>\nP305+P351+P338 Patekus \u012f akis: Kelias minutes atsargiai plauti vandeniu. I&scaron;imti kontaktinius l\u0119&scaron;ius, jeigu jie yra ir jeigu lengvai galima tai padaryti. Toliau plauti akis.<br \/>\nP337+P313 Jei aki\u0173 dirginimas nepraeina: kreiptis \u012f gydytoj\u0105&nbsp;<br \/>\nP501 Turin\u012f\/talpykl\u0105 i&scaron;pilti (i&scaron;mesti) &#8211; sunaudot\u0105 &nbsp;pakuot\u0117 utilizuoti &nbsp;kaip buitines atliekas.<br \/>\n&nbsp;<\/p>\n","protected":false},"excerpt":{"rendered":"<p>Orkai\u010di\u0173, gartrauki\u0173, mikrobang\u0173 krosneli\u0173, plyteli\u0173 ir darbini\u0173 pavir&scaron;i\u0173 valiklis. Pa&scaron;alina gaminimo metu susikaupusius riebius ne&scaron;varumus. Suteikia pavir&scaron;iams blizgesio ir malonaus aromato. Naudojimas: pasukite antgal\u012f \u012f ON pad\u0117t\u012f, u\u017epurk&scaron;kite ant pavir&scaron;iaus, leiskite veikti kelet\u0105 minu\u010di\u0173 ir nuvalykite dr\u0117gna &scaron;luoste. Draugi&scaron;kas biologiniams nuotek\u0173 valymo \u012frenginiams. Sud\u0117tis: ma\u017eiau kaip, 5 % &nbsp;anijonini\u0173 &nbsp;aktyvi\u0173j\u0173 pavir&scaron;inio med\u017eiagos, ma\u017eiau kaip, 5 [&#8230;]\n","protected":false},"featured_media":97956,"template":"","meta":[],"product_cat":[1468],"product_tag":[],"class_list":{"0":"post-30275","1":"product","2":"type-product","3":"status-publish","4":"has-post-thumbnail","6":"product_brand-vento_cz-lt","7":"product_cat-virtuvei-namu-priezurai-namu-priezurai","9":"first","10":"outofstock","11":"taxable","12":"shipping-taxable","13":"product-type-simple"},"_links":{"self":[{"href":"https:\/\/e.kosmolat.eu\/lt\/wp-json\/wp\/v2\/product\/30275","targetHints":{"allow":["GET"]}}],"collection":[{"href":"https:\/\/e.kosmolat.eu\/lt\/wp-json\/wp\/v2\/product"}],"about":[{"href":"https:\/\/e.kosmolat.eu\/lt\/wp-json\/wp\/v2\/types\/product"}],"wp:featuredmedia":[{"embeddable":true,"href":"https:\/\/e.kosmolat.eu\/lt\/wp-json\/wp\/v2\/media\/97956"}],"wp:attachment":[{"href":"https:\/\/e.kosmolat.eu\/lt\/wp-json\/wp\/v2\/media?parent=30275"}],"wp:term":[{"taxonomy":"product_cat","embeddable":true,"href":"https:\/\/e.kosmolat.eu\/lt\/wp-json\/wp\/v2\/product_cat?post=30275"},{"taxonomy":"product_tag","embeddable":true,"href":"https:\/\/e.kosmolat.eu\/lt\/wp-json\/wp\/v2\/product_tag?post=30275"}],"curies":[{"name":"wp","href":"https:\/\/api.w.org\/{rel}","templated":true}]}}