{"id":30271,"date":"2023-12-19T20:28:20","date_gmt":"2023-12-19T20:28:20","guid":{"rendered":"https:\/\/e.kosmolat.eu\/product\/dr-house-eco-natur-trauku-mazg-lidzeklis-1-l\/"},"modified":"2026-05-08T23:18:48","modified_gmt":"2026-05-08T23:18:48","slug":"dr-house-eco-natur-trauku-mazg-lidzeklis-1-l","status":"publish","type":"product","link":"https:\/\/e.kosmolat.eu\/lt\/produktas\/dr-house-eco-natur-trauku-mazg-lidzeklis-1-l\/","title":{"rendered":"DR.HOUSE Eco Natur ind\u0173 ploviklis, 1 l"},"content":{"rendered":"<p>Veiksmingas aplinkai nekenksmingas ind\u0173 ploviklis u\u017etikrins, kad j\u016bs\u0173 indai b\u016bt\u0173 idealiai &scaron;var\u016bs ir blizg\u016bs. Taip pat &scaron;velnus j\u016bs\u0173 rankoms. Tinka biologiniams nuotek\u0173 valymo \u012frenginiams.<\/p>\n<p><strong>Dozavimas:<\/strong> rekomenduojama doz\u0117 5 litrams plovimo vandens: &scaron;iek tiek sutepti indai: 5 ml (1 &frac14; arbatinio &scaron;auk&scaron;telio), ne&scaron;var\u016bs indai: 8 ml (2 arbatiniai &scaron;auk&scaron;teliai).<\/p>\n<p><strong>Sud\u0117tis: <\/strong>ma\u017eiau kaip, 5 % &nbsp;anijonini\u0173 &nbsp;aktyvi\u0173j\u0173 pavir&scaron;inio med\u017eiagos, ma\u017eiau kaip, 5 % &nbsp;nejonini\u0173 &nbsp;aktyvi\u0173j\u0173 pavir&scaron;inio med\u017eiagos, ma\u017eiau kaip 5 % amfoterini\u0173 aktyvi\u0173j\u0173 pavir&scaron;inio med\u017eiagos. Kvapai\/ Limonene, Linalool. Konservantas: Sodium Benzoate.<\/p>\n<p>&nbsp;<\/p>\n<p><strong><img decoding=\"async\" alt=\"\" src=\"https:\/\/www.reach-compliance.ch\/images\/exclam1cols3.jpg\" style=\"height:40px; width:40px\" \/>GHS07 Atsargiai<\/strong><\/p>\n<p>H319 Sukelia smark\u0173 aki\u0173 dirginim\u0105.<br \/>\nP101 Jei reikalinga gydytojo konsultacija, su savimi tur\u0117kite produkto talpykl\u0105 ar jo etiket\u0119.<br \/>\nP102 Laikyti vaikams neprieinamoje vietoje<br \/>\nP264 Po naudojimo kruop&scaron;\u010diai nuplaukite rankas<br \/>\nP280 M\u016bv\u0117ti apsaugines naudoti aki\u0173 apsaugos priemones.<br \/>\nP305+P351+P338 Patekus \u012f akis: Kelias minutes atsargiai plauti vandeniu. I&scaron;imti kontaktinius l\u0119&scaron;ius, jeigu jie yra ir jeigu lengvai galima tai padaryti. Toliau plauti akis.<br \/>\nP337+P313 Jei aki\u0173 dirginimas nepraeina: kreiptis \u012f gydytoj\u0105&nbsp;<br \/>\n&nbsp;<\/p>\n","protected":false},"excerpt":{"rendered":"<p>Veiksmingas aplinkai nekenksmingas ind\u0173 ploviklis u\u017etikrins, kad j\u016bs\u0173 indai b\u016bt\u0173 idealiai &scaron;var\u016bs ir blizg\u016bs. Taip pat &scaron;velnus j\u016bs\u0173 rankoms. Tinka biologiniams nuotek\u0173 valymo \u012frenginiams. Dozavimas: rekomenduojama doz\u0117 5 litrams plovimo vandens: &scaron;iek tiek sutepti indai: 5 ml (1 &frac14; arbatinio &scaron;auk&scaron;telio), ne&scaron;var\u016bs indai: 8 ml (2 arbatiniai &scaron;auk&scaron;teliai). Sud\u0117tis: ma\u017eiau kaip, 5 % &nbsp;anijonini\u0173 &nbsp;aktyvi\u0173j\u0173 [&#8230;]\n","protected":false},"featured_media":97952,"template":"","meta":[],"product_cat":[1503],"product_tag":[],"class_list":{"0":"post-30271","1":"product","2":"type-product","3":"status-publish","4":"has-post-thumbnail","6":"product_brand-vento_cz-lt","7":"product_cat-indu-plovikliai","9":"first","10":"instock","11":"taxable","12":"shipping-taxable","13":"product-type-simple"},"_links":{"self":[{"href":"https:\/\/e.kosmolat.eu\/lt\/wp-json\/wp\/v2\/product\/30271","targetHints":{"allow":["GET"]}}],"collection":[{"href":"https:\/\/e.kosmolat.eu\/lt\/wp-json\/wp\/v2\/product"}],"about":[{"href":"https:\/\/e.kosmolat.eu\/lt\/wp-json\/wp\/v2\/types\/product"}],"wp:featuredmedia":[{"embeddable":true,"href":"https:\/\/e.kosmolat.eu\/lt\/wp-json\/wp\/v2\/media\/97952"}],"wp:attachment":[{"href":"https:\/\/e.kosmolat.eu\/lt\/wp-json\/wp\/v2\/media?parent=30271"}],"wp:term":[{"taxonomy":"product_cat","embeddable":true,"href":"https:\/\/e.kosmolat.eu\/lt\/wp-json\/wp\/v2\/product_cat?post=30271"},{"taxonomy":"product_tag","embeddable":true,"href":"https:\/\/e.kosmolat.eu\/lt\/wp-json\/wp\/v2\/product_tag?post=30271"}],"curies":[{"name":"wp","href":"https:\/\/api.w.org\/{rel}","templated":true}]}}