{"id":30267,"date":"2023-12-19T20:27:55","date_gmt":"2023-12-19T20:27:55","guid":{"rendered":"https:\/\/e.kosmolat.eu\/product\/dr-house-eco-natur-vannas-istabas-tir-lidz-sprejs-500-ml\/"},"modified":"2026-05-07T19:56:55","modified_gmt":"2026-05-07T19:56:55","slug":"dr-house-eco-natur-vannas-istabas-tir-lidz-sprejs-500-ml","status":"publish","type":"product","link":"https:\/\/e.kosmolat.eu\/lt\/produktas\/dr-house-eco-natur-vannas-istabas-tir-lidz-sprejs-500-ml\/","title":{"rendered":"DR.HOUSE Eco Natur Vonios kambario valiklis, 500 ml"},"content":{"rendered":"<p>Valiklis, skirtas veiksmingai pa&scaron;alinti ne&scaron;varumus, muilo nuos\u0117das, d\u0117mes ir kalki\u0173 nuos\u0117das.<\/p>\n<p><strong>Naudojimas: <\/strong>pasukite pur&scaron;kimo antgal\u012f \u012f ON pad\u0117t\u012f, u\u017epurk&scaron;kite ant valomo pavir&scaron;iaus, leiskite produktui kur\u012f laik\u0105 veikti ir kruop&scaron;\u010diai nuvalykite dr\u0117gna &scaron;luoste. Tinka biologiniams nuotek\u0173 valymo \u012frenginiams.<\/p>\n<p><strong>Sud\u0117tis: <\/strong>ma\u017eiau kaip, 5% &nbsp;anijonini\u0173 &nbsp;aktyvi\u0173j\u0173 pavir&scaron;inio med\u017eiagos, ma\u017eiau kaip, 5% &nbsp;nejonini\u0173 &nbsp;aktyvi\u0173j\u0173 pavir&scaron;inio med\u017eiagos. Citrinos r\u016bg&scaron;tis. Kvapai\/ Hexyl Cinnamal, Linalool. Konservantas: Sodium Benzoate.<\/p>\n<p>&nbsp;<\/p>\n<p><strong><img decoding=\"async\" alt=\"\" src=\"https:\/\/www.reach-compliance.ch\/images\/exclam1cols3.jpg\" style=\"height:40px; width:40px\" \/>GHS07 Atsargiai<\/strong><\/p>\n<p>H319 Sukelia smark\u0173 aki\u0173 dirginim\u0105.<\/p>\n<p>P101 Jei reikalinga gydytojo konsultacija, su savimi tur\u0117kite produkto talpykl\u0105 ar jo etiket\u0119.<br \/>\nP102 Laikyti vaikams neprieinamoje vietoje<br \/>\nP264 Po naudojimo kruop&scaron;\u010diai nuplaukite rankas<br \/>\nP280 M\u016bv\u0117ti apsaugines naudoti aki\u0173 apsaugos priemones.<br \/>\nP305+P351+P338 Patekus \u012f akis: Kelias minutes atsargiai plauti vandeniu. I&scaron;imti kontaktinius l\u0119&scaron;ius, jeigu jie yra ir jeigu lengvai galima tai padaryti. Toliau plauti akis.<br \/>\nP337+P313 Jei aki\u0173 dirginimas nepraeina: kreiptis \u012f gydytoj\u0105<br \/>\n&nbsp;<\/p>\n","protected":false},"excerpt":{"rendered":"<p>Valiklis, skirtas veiksmingai pa&scaron;alinti ne&scaron;varumus, muilo nuos\u0117das, d\u0117mes ir kalki\u0173 nuos\u0117das. Naudojimas: pasukite pur&scaron;kimo antgal\u012f \u012f ON pad\u0117t\u012f, u\u017epurk&scaron;kite ant valomo pavir&scaron;iaus, leiskite produktui kur\u012f laik\u0105 veikti ir kruop&scaron;\u010diai nuvalykite dr\u0117gna &scaron;luoste. Tinka biologiniams nuotek\u0173 valymo \u012frenginiams. Sud\u0117tis: ma\u017eiau kaip, 5% &nbsp;anijonini\u0173 &nbsp;aktyvi\u0173j\u0173 pavir&scaron;inio med\u017eiagos, ma\u017eiau kaip, 5% &nbsp;nejonini\u0173 &nbsp;aktyvi\u0173j\u0173 pavir&scaron;inio med\u017eiagos. Citrinos r\u016bg&scaron;tis. Kvapai\/ [&#8230;]\n","protected":false},"featured_media":97948,"template":"","meta":[],"product_cat":[1453],"product_tag":[],"class_list":{"0":"post-30267","1":"product","2":"type-product","3":"status-publish","4":"has-post-thumbnail","6":"product_brand-vento_cz-lt","7":"product_cat-vonios-kambariui-ir-tualetui","9":"first","10":"instock","11":"taxable","12":"shipping-taxable","13":"product-type-simple"},"_links":{"self":[{"href":"https:\/\/e.kosmolat.eu\/lt\/wp-json\/wp\/v2\/product\/30267","targetHints":{"allow":["GET"]}}],"collection":[{"href":"https:\/\/e.kosmolat.eu\/lt\/wp-json\/wp\/v2\/product"}],"about":[{"href":"https:\/\/e.kosmolat.eu\/lt\/wp-json\/wp\/v2\/types\/product"}],"wp:featuredmedia":[{"embeddable":true,"href":"https:\/\/e.kosmolat.eu\/lt\/wp-json\/wp\/v2\/media\/97948"}],"wp:attachment":[{"href":"https:\/\/e.kosmolat.eu\/lt\/wp-json\/wp\/v2\/media?parent=30267"}],"wp:term":[{"taxonomy":"product_cat","embeddable":true,"href":"https:\/\/e.kosmolat.eu\/lt\/wp-json\/wp\/v2\/product_cat?post=30267"},{"taxonomy":"product_tag","embeddable":true,"href":"https:\/\/e.kosmolat.eu\/lt\/wp-json\/wp\/v2\/product_tag?post=30267"}],"curies":[{"name":"wp","href":"https:\/\/api.w.org\/{rel}","templated":true}]}}