{"id":30259,"date":"2023-12-19T20:27:29","date_gmt":"2023-12-19T20:27:29","guid":{"rendered":"https:\/\/e.kosmolat.eu\/product\/dr-house-notekcaurulu-tir-lidz-500-g\/"},"modified":"2026-05-09T05:33:29","modified_gmt":"2026-05-09T05:33:29","slug":"dr-house-notekcaurulu-tir-lidz-500-g","status":"publish","type":"product","link":"https:\/\/e.kosmolat.eu\/lt\/produktas\/dr-house-notekcaurulu-tir-lidz-500-g\/","title":{"rendered":"DR.HOUSE Vamzd\u017ei\u0173 valiklis, 500 g"},"content":{"rendered":"<p>Veiksmingas kanalizacijos ir sifon\u0173 valiklis vonios kambariuose ir virtuv\u0117s kriaukl\u0117se. Puikiai tirpdo ne&scaron;varumus, plaukus ir kt.<\/p>\n<p><strong>Naudojimas:<\/strong> paruo&scaron;kite &frac34; l kar&scaron;to vandens. Dozavimas priklauso nuo valomo vamzd\u017eio skersmens ir pralaidumo. \u012e sifon\u0105 \u012fpilkite &frac14; litro kar&scaron;to vandens ir vien\u0105 doz\u0119 valymo priemon\u0117s. Palikite 5 minutes, tada u\u017epilkite likusiu kar&scaron;tu vandeniu (apie &frac12; l). B\u016bkite atsarg\u016bs pildami kar&scaron;t\u0105 vanden\u012f. Geram valymo rezultatui ir kvapo pa&scaron;alinimui reikalinga stipri &scaron;ilumin\u0117 reakcija. Venkite pursl\u0173. Rekomenduojama naudoti gumines pir&scaron;tines ir veido bei aki\u0173 apsaugos priemones. Po 3 minu\u010di\u0173 nuplaukite kanalizacij\u0105 tekan\u010diu vandeniu. Esant didesniam u\u017esikim&scaron;imui, proced\u016br\u0105 pakartokite. Produkte esantis hidroksidas netinka aliuminio vamzd\u017eiams valyti.<\/p>\n<p>Laikyti sausoje vietoje nuo +5 iki +25 &deg;C temperat\u016broje. Panaudoj\u0119 gamin\u012f, tu&scaron;\u010di\u0105 pakuot\u0119 nuplaukite vandeniu ir i&scaron;meskite kaip buitines atliekas.<\/p>\n<p><strong>Geriausias: <\/strong>24 m\u0117nesiai nuo pagaminimo datos<\/p>\n<p><strong>Sud\u0117tis:<\/strong> daugiau nei 5% natrio hidroksido.<\/p>\n<p>&nbsp;<\/p>\n<p><strong><img decoding=\"async\" alt=\"\" src=\"https:\/\/www.reach-compliance.ch\/images\/acid1cols3.jpg\" style=\"height:40px; width:40px\" \/>GHS05 Pavojinga<\/strong><br \/>\nH314 Smarkiai nudegina od\u0105 ir pa\u017eeid\u017eia akis.<br \/>\nP101 Jei reikalinga gydytojo konsultacija, su savimi tur\u0117kite produkto talpykl\u0105 ar jo etiket\u0119.<br \/>\nP102 Laikyti vaikams neprieinamoje vietoje<br \/>\nP260 Ne\u012fkv\u0117pti r\u016bko\/gar\u0173.<br \/>\nP264 Po naudojimo kruop&scaron;\u010diai nuplaukite rankas<br \/>\nP280 M\u016bv\u0117ti apsaugines pir&scaron;tines\/d\u0117v\u0117ti apsauginius drabu\u017eius\/naudoti aki\u0173 (veido) apsaugos priemones.<br \/>\nP305+P351+P338 Patekus \u012f akis: Kelias minutes atsargiai plauti vandeniu. I&scaron;imti kontaktinius l\u0119&scaron;ius, jeigu jie yra ir jeigu lengvai galima tai padaryti. Toliau plauti akis.<br \/>\nP301+P330+P331 Prarijus: i&scaron;skalauti burn\u0105. Neskatinti v\u0117mimo.<br \/>\nP303+P361+P353 Patekus ant odos (arba plauk\u0173): nedelsiant nuvilkti visus u\u017eter&scaron;tus drabu\u017eius. Od\u0105 nuplauti vandeniu [arba \u010diurk&scaron;le].<br \/>\nP304+P340 \u012ekv\u0117pus: i&scaron;ne&scaron;ti nukent\u0117jus\u012fj\u012f \u012f gryn\u0105 or\u0105; jam b\u016btina patogi pad\u0117tis, leid\u017eianti laisvai kv\u0117puoti.<br \/>\nP310 Nedelsiant skambinti \u012f apsinuodijim\u0173 kontrol\u0117s ir informacijos biur\u0105 arba kreiptis \u012f gydytoj\u0105<br \/>\nP405 Laikyti u\u017erakint\u0105.<br \/>\nP501Turin\u012f\/talpykl\u0105 i&scaron;pilti (i&scaron;mesti) &#8211; sunaudot\u0105 &nbsp;pakuot\u0117 utilizuoti &nbsp;kaip buitines atliekas.<\/p>\n","protected":false},"excerpt":{"rendered":"<p>Veiksmingas kanalizacijos ir sifon\u0173 valiklis vonios kambariuose ir virtuv\u0117s kriaukl\u0117se. Puikiai tirpdo ne&scaron;varumus, plaukus ir kt. Naudojimas: paruo&scaron;kite &frac34; l kar&scaron;to vandens. Dozavimas priklauso nuo valomo vamzd\u017eio skersmens ir pralaidumo. \u012e sifon\u0105 \u012fpilkite &frac14; litro kar&scaron;to vandens ir vien\u0105 doz\u0119 valymo priemon\u0117s. Palikite 5 minutes, tada u\u017epilkite likusiu kar&scaron;tu vandeniu (apie &frac12; l). B\u016bkite atsarg\u016bs [&#8230;]\n","protected":false},"featured_media":97944,"template":"","meta":[],"product_cat":[1453],"product_tag":[],"class_list":{"0":"post-30259","1":"product","2":"type-product","3":"status-publish","4":"has-post-thumbnail","6":"product_brand-vento_cz-lt","7":"product_cat-vonios-kambariui-ir-tualetui","9":"first","10":"outofstock","11":"taxable","12":"shipping-taxable","13":"product-type-simple"},"_links":{"self":[{"href":"https:\/\/e.kosmolat.eu\/lt\/wp-json\/wp\/v2\/product\/30259","targetHints":{"allow":["GET"]}}],"collection":[{"href":"https:\/\/e.kosmolat.eu\/lt\/wp-json\/wp\/v2\/product"}],"about":[{"href":"https:\/\/e.kosmolat.eu\/lt\/wp-json\/wp\/v2\/types\/product"}],"wp:featuredmedia":[{"embeddable":true,"href":"https:\/\/e.kosmolat.eu\/lt\/wp-json\/wp\/v2\/media\/97944"}],"wp:attachment":[{"href":"https:\/\/e.kosmolat.eu\/lt\/wp-json\/wp\/v2\/media?parent=30259"}],"wp:term":[{"taxonomy":"product_cat","embeddable":true,"href":"https:\/\/e.kosmolat.eu\/lt\/wp-json\/wp\/v2\/product_cat?post=30259"},{"taxonomy":"product_tag","embeddable":true,"href":"https:\/\/e.kosmolat.eu\/lt\/wp-json\/wp\/v2\/product_tag?post=30259"}],"curies":[{"name":"wp","href":"https:\/\/api.w.org\/{rel}","templated":true}]}}